{"id":815,"date":"2014-06-01T08:47:52","date_gmt":"2014-06-01T07:47:52","guid":{"rendered":"http:\/\/www.elodie-et-antoine.fr\/ra\/?page_id=815"},"modified":"2014-07-17T10:32:41","modified_gmt":"2014-07-17T09:32:41","slug":"challenge-a-a-z-2014","status":"publish","type":"page","link":"https:\/\/www.elodie-et-antoine.fr\/ra\/?page_id=815","title":{"rendered":"Challenge A \u00e0 Z 2014"},"content":{"rendered":"<p>A comme &#8230; <a title=\"A comme\u2026 Alexandre DEZAT et Scholastique REVERDY\" href=\"https:\/\/www.elodie-et-antoine.fr\/ra\/?p=570\">Alexandre DEZAT et Scholastique REVERDY<\/a><\/p>\n<p style=\"text-align: left;\">B comme \u2026 <a title=\"B comme \u2026 BEDU Jean Baptiste, cabaretier\" href=\"https:\/\/www.elodie-et-antoine.fr\/ra\/?p=715\">BEDU Jean Baptiste, cabaretier<\/a><br \/>\nC comme \u2026 <a title=\"C comme \u2026 charbonnier comme son p\u00e8re\" href=\"https:\/\/www.elodie-et-antoine.fr\/ra\/?p=831\">charbonnier comme son p\u00e8re<\/a><br \/>\nD comme \u2026 <a title=\"D comme \u2026 d\u00e9clarante, Marie BAILLY\" href=\"https:\/\/www.elodie-et-antoine.fr\/ra\/?p=531\">d\u00e9clarante, Marie BAILLY<\/a><br \/>\nE comme \u2026 <a title=\"E comme \u2026 et voici la vie de Marie BAILLY\" href=\"https:\/\/www.elodie-et-antoine.fr\/ra\/?p=836\">et voici la vie de Marie BAILLY<\/a><br \/>\nF comme \u2026 <a title=\"F comme \u2026 fileuse\" href=\"https:\/\/www.elodie-et-antoine.fr\/ra\/?p=846\">fileuse<\/a><br \/>\nG comme \u2026 <a title=\"G comme \u2026 garde royal, Fran\u00e7ois REVERDY\" href=\"https:\/\/www.elodie-et-antoine.fr\/ra\/?p=738\">garde royal, Fran\u00e7ois REVERDY<\/a><br \/>\nH comme \u2026 <a title=\"H \u2026 comme HABERT, lign\u00e9e de bouchers protestants \u00e0 Sancerre\" href=\"https:\/\/www.elodie-et-antoine.fr\/ra\/?p=199\">HABERT, lign\u00e9e de bouchers protestants \u00e0 Sancerre<\/a><br \/>\nI comme \u2026 <a title=\"I comme \u2026 il \u00e9tait aussi maire\" href=\"https:\/\/www.elodie-et-antoine.fr\/ra\/?p=742\">il \u00e9tait aussi maire<\/a><br \/>\nJ comme \u2026 <a title=\"J comme \u2026 jardiniers \u00e0 Saint-Bouize\" href=\"https:\/\/www.elodie-et-antoine.fr\/ra\/?p=744\">jardiniers \u00e0 Saint-Bouize<\/a><br \/>\nK comme \u2026 <a title=\"K comme \u2026 k\u00e9zako ? les m\u00e9tiers de Martin MERLIN\" href=\"https:\/\/www.elodie-et-antoine.fr\/ra\/?p=871\">k\u00e9zako ? les m\u00e9tiers de Martin MERLIN<\/a><br \/>\nL comme \u2026 <a title=\"L comme \u2026 Louis LINARD et sa particularit\u00e9 physique\" href=\"https:\/\/www.elodie-et-antoine.fr\/ra\/?p=772\">Louis LINARD et sa particularit\u00e9 physique<\/a><br \/>\nM comme \u2026 <a title=\"M comme \u2026 Marie LAUGERAT, g\u00e2teli\u00e8re \u00e0 Boisbelle\" href=\"https:\/\/www.elodie-et-antoine.fr\/ra\/?p=879\">Marie LAUGERAT, g\u00e2teli\u00e8re \u00e0 Boisbelle<\/a><br \/>\nN comme \u2026 <a title=\"N comme \u2026 n\u00e9s de p\u00e8re inconnu\" href=\"https:\/\/www.elodie-et-antoine.fr\/ra\/?p=889\">n\u00e9s de p\u00e8re inconnu<\/a><br \/>\nO comme \u2026 <a title=\"O comme \u2026 origine de Jean-Louis ROY\" href=\"https:\/\/www.elodie-et-antoine.fr\/ra\/?p=896\">origine de Jean-Louis ROY<\/a><br \/>\nP comme \u2026 <a title=\"P comme \u2026 potiers\" href=\"https:\/\/www.elodie-et-antoine.fr\/ra\/?p=899\">Potiers<\/a><br \/>\nQ comme \u2026 <a title=\"Q comme \u2026 Quelle est cette \u00e9pine sur ma lign\u00e9e cognatique ?\" href=\"https:\/\/www.elodie-et-antoine.fr\/ra\/?p=909\">Quelle est cette \u00e9pine sur ma lign\u00e9e cognatique ?<\/a><br \/>\nR comme \u2026 <a title=\"R comme \u2026 record de l\u2019anc\u00eatre voyageur\" href=\"https:\/\/www.elodie-et-antoine.fr\/ra\/?p=915\">Record de l&rsquo;anc\u00eatre voyageur<\/a><br \/>\nS comme \u2026 s<a title=\"S comme soutient de famille\" href=\"https:\/\/www.elodie-et-antoine.fr\/ra\/?p=919\">outient de famille<\/a><br \/>\nT comme \u2026 <a title=\"T comme THOMAS meunier sur la Belaine\" href=\"https:\/\/www.elodie-et-antoine.fr\/ra\/?p=926\">THOMAS meunier sur la belaine<\/a><br \/>\nU comme \u2026 <a title=\"U comme \u2026 unis suite \u00e0 l\u2019Edit de tol\u00e9rance\" href=\"https:\/\/www.elodie-et-antoine.fr\/ra\/?p=929\">unis suite \u00e0 l\u2019\u00c9dit de to\u00e9lance<\/a><br \/>\nV comme \u2026 <a title=\"V comme \u2026 encore un vigneron\" href=\"https:\/\/www.elodie-et-antoine.fr\/ra\/?p=937\">encore un vigneron<\/a><br \/>\nW comme \u2026 <a title=\"W comme \u2026 wanted\" href=\"https:\/\/www.elodie-et-antoine.fr\/ra\/?p=947\">wanted<\/a><br \/>\nX comme \u2026 <a title=\"X comme \u2026 ne sait toujours pas signer\" href=\"https:\/\/www.elodie-et-antoine.fr\/ra\/?p=945\">ne sait toujours pas signer<\/a><br \/>\nY comme \u2026 <a title=\"Y comme \u2026 Yonne\" href=\"https:\/\/www.elodie-et-antoine.fr\/ra\/?p=955\">Yonne<\/a><br \/>\nZ comme \u2026 <a title=\"Z comme \u2026 papi fait le zouave\" href=\"https:\/\/www.elodie-et-antoine.fr\/ra\/?p=960\">papi fait le Zouave<\/a><\/p>\n<p style=\"text-align: center;\"><a href=\"https:\/\/www.elodie-et-antoine.fr\/ra\/wp-content\/uploads\/2014\/05\/badge.png\"><img loading=\"lazy\" decoding=\"async\" class=\"alignnone size-full wp-image-791\" src=\"https:\/\/www.elodie-et-antoine.fr\/ra\/wp-content\/uploads\/2014\/05\/badge.png\" alt=\"badge\" width=\"200\" height=\"200\" srcset=\"https:\/\/www.elodie-et-antoine.fr\/ra\/wp-content\/uploads\/2014\/05\/badge.png 200w, https:\/\/www.elodie-et-antoine.fr\/ra\/wp-content\/uploads\/2014\/05\/badge-150x150.png 150w\" sizes=\"auto, (max-width: 200px) 100vw, 200px\" \/><\/a><\/p>\n","protected":false},"excerpt":{"rendered":"<p>A comme &#8230; Alexandre DEZAT et Scholastique REVERDY B comme \u2026 BEDU Jean Baptiste, cabaretier C comme \u2026 charbonnier comme son p\u00e8re D comme \u2026 d\u00e9clarante, Marie BAILLY E comme \u2026 et voici la vie de Marie BAILLY F comme \u2026 fileuse G comme \u2026 garde royal, Fran\u00e7ois REVERDY H comme \u2026 HABERT, lign\u00e9e de bouchers protestants \u00e0 Sancerre I comme \u2026 il \u00e9tait aussi maire J comme \u2026 jardiniers \u00e0 Saint-Bouize K comme \u2026 k\u00e9zako ? les m\u00e9tiers de Martin MERLIN L comme \u2026 Louis LINARD et sa particularit\u00e9 physique M comme \u2026 Marie LAUGERAT, g\u00e2teli\u00e8re \u00e0 Boisbelle N comme \u2026 n\u00e9s de p\u00e8re inconnu O comme \u2026 origine de Jean-Louis ROY P comme \u2026 Potiers Q comme \u2026 Quelle est cette \u00e9pine sur ma lign\u00e9e cognatique ? R comme \u2026 Record de l&rsquo;anc\u00eatre voyageur S comme \u2026 soutient de famille T comme \u2026 THOMAS meunier sur la belaine U comme \u2026 unis suite \u00e0 l\u2019\u00c9dit de to\u00e9lance V comme \u2026 encore un vigneron W comme \u2026 wanted X comme \u2026 ne sait toujours pas signer Y comme \u2026 Yonne Z comme \u2026 papi fait le Zouave<\/p>\n","protected":false},"author":1,"featured_media":0,"parent":0,"menu_order":0,"comment_status":"open","ping_status":"open","template":"","meta":{"_exactmetrics_skip_tracking":false,"_exactmetrics_sitenote_active":false,"_exactmetrics_sitenote_note":"","_exactmetrics_sitenote_category":0,"jetpack_post_was_ever_published":false,"footnotes":""},"class_list":["post-815","page","type-page","status-publish","hentry"],"yoast_head":"<!-- This site is optimized with the Yoast SEO plugin v27.0 - https:\/\/yoast.com\/product\/yoast-seo-wordpress\/ -->\n<title>Challenge A \u00e0 Z 2014 - Rencontre avec mes anc\u00eatres<\/title>\n<meta name=\"robots\" content=\"index, follow, max-snippet:-1, max-image-preview:large, max-video-preview:-1\" \/>\n<link rel=\"canonical\" href=\"https:\/\/www.elodie-et-antoine.fr\/ra\/?page_id=815\" \/>\n<meta property=\"og:locale\" content=\"fr_FR\" \/>\n<meta property=\"og:type\" content=\"article\" \/>\n<meta property=\"og:title\" content=\"Challenge A \u00e0 Z 2014 - Rencontre avec mes anc\u00eatres\" \/>\n<meta property=\"og:description\" content=\"A comme &#8230; Alexandre DEZAT et Scholastique REVERDY B comme \u2026 BEDU Jean Baptiste, cabaretier C comme \u2026 charbonnier comme son p\u00e8re D comme \u2026 d\u00e9clarante, Marie BAILLY E comme \u2026 et voici la vie de Marie BAILLY F comme \u2026 fileuse G comme \u2026 garde royal, Fran\u00e7ois REVERDY H comme \u2026 HABERT, lign\u00e9e de bouchers protestants \u00e0 Sancerre I comme \u2026 il \u00e9tait aussi maire J comme \u2026 jardiniers \u00e0 Saint-Bouize K comme \u2026 k\u00e9zako ? les m\u00e9tiers de Martin MERLIN L comme \u2026 Louis LINARD et sa particularit\u00e9 physique M comme \u2026 Marie LAUGERAT, g\u00e2teli\u00e8re \u00e0 Boisbelle N comme \u2026 n\u00e9s de p\u00e8re inconnu O comme \u2026 origine de Jean-Louis ROY P comme \u2026 Potiers Q comme \u2026 Quelle est cette \u00e9pine sur ma lign\u00e9e cognatique ? R comme \u2026 Record de l&rsquo;anc\u00eatre voyageur S comme \u2026 soutient de famille T comme \u2026 THOMAS meunier sur la belaine U comme \u2026 unis suite \u00e0 l\u2019\u00c9dit de to\u00e9lance V comme \u2026 encore un vigneron W comme \u2026 wanted X comme \u2026 ne sait toujours pas signer Y comme \u2026 Yonne Z comme \u2026 papi fait le Zouave\" \/>\n<meta property=\"og:url\" content=\"https:\/\/www.elodie-et-antoine.fr\/ra\/?page_id=815\" \/>\n<meta property=\"og:site_name\" content=\"Rencontre avec mes anc\u00eatres\" \/>\n<meta property=\"article:publisher\" content=\"https:\/\/www.facebook.com\/rencontreancetres\" \/>\n<meta property=\"article:modified_time\" content=\"2014-07-17T09:32:41+00:00\" \/>\n<meta property=\"og:image\" content=\"http:\/\/www.elodie-et-antoine.fr\/ra\/wp-content\/uploads\/2014\/05\/badge.png\" \/>\n<meta name=\"twitter:card\" content=\"summary_large_image\" \/>\n<meta name=\"twitter:site\" content=\"@lodeetwit\" \/>\n<meta name=\"twitter:label1\" content=\"Dur\u00e9e de lecture estim\u00e9e\" \/>\n\t<meta name=\"twitter:data1\" content=\"1 minute\" \/>\n<script type=\"application\/ld+json\" class=\"yoast-schema-graph\">{\"@context\":\"https:\/\/schema.org\",\"@graph\":[{\"@type\":\"WebPage\",\"@id\":\"https:\/\/www.elodie-et-antoine.fr\/ra\/?page_id=815\",\"url\":\"https:\/\/www.elodie-et-antoine.fr\/ra\/?page_id=815\",\"name\":\"Challenge A \u00e0 Z 2014 - Rencontre avec mes anc\u00eatres\",\"isPartOf\":{\"@id\":\"https:\/\/www.elodie-et-antoine.fr\/ra\/#website\"},\"primaryImageOfPage\":{\"@id\":\"https:\/\/www.elodie-et-antoine.fr\/ra\/?page_id=815#primaryimage\"},\"image\":{\"@id\":\"https:\/\/www.elodie-et-antoine.fr\/ra\/?page_id=815#primaryimage\"},\"thumbnailUrl\":\"http:\/\/www.elodie-et-antoine.fr\/ra\/wp-content\/uploads\/2014\/05\/badge.png\",\"datePublished\":\"2014-06-01T07:47:52+00:00\",\"dateModified\":\"2014-07-17T09:32:41+00:00\",\"breadcrumb\":{\"@id\":\"https:\/\/www.elodie-et-antoine.fr\/ra\/?page_id=815#breadcrumb\"},\"inLanguage\":\"fr-FR\",\"potentialAction\":[{\"@type\":\"ReadAction\",\"target\":[\"https:\/\/www.elodie-et-antoine.fr\/ra\/?page_id=815\"]}]},{\"@type\":\"ImageObject\",\"inLanguage\":\"fr-FR\",\"@id\":\"https:\/\/www.elodie-et-antoine.fr\/ra\/?page_id=815#primaryimage\",\"url\":\"http:\/\/www.elodie-et-antoine.fr\/ra\/wp-content\/uploads\/2014\/05\/badge.png\",\"contentUrl\":\"http:\/\/www.elodie-et-antoine.fr\/ra\/wp-content\/uploads\/2014\/05\/badge.png\"},{\"@type\":\"BreadcrumbList\",\"@id\":\"https:\/\/www.elodie-et-antoine.fr\/ra\/?page_id=815#breadcrumb\",\"itemListElement\":[{\"@type\":\"ListItem\",\"position\":1,\"name\":\"Accueil\",\"item\":\"https:\/\/www.elodie-et-antoine.fr\/ra\"},{\"@type\":\"ListItem\",\"position\":2,\"name\":\"Challenge A \u00e0 Z 2014\"}]},{\"@type\":\"WebSite\",\"@id\":\"https:\/\/www.elodie-et-antoine.fr\/ra\/#website\",\"url\":\"https:\/\/www.elodie-et-antoine.fr\/ra\/\",\"name\":\"Rencontre avec mes anc\u00eatres\",\"description\":\"Rencontre avec mes anc\u00eatres\",\"publisher\":{\"@id\":\"https:\/\/www.elodie-et-antoine.fr\/ra\/#organization\"},\"potentialAction\":[{\"@type\":\"SearchAction\",\"target\":{\"@type\":\"EntryPoint\",\"urlTemplate\":\"https:\/\/www.elodie-et-antoine.fr\/ra\/?s={search_term_string}\"},\"query-input\":{\"@type\":\"PropertyValueSpecification\",\"valueRequired\":true,\"valueName\":\"search_term_string\"}}],\"inLanguage\":\"fr-FR\"},{\"@type\":\"Organization\",\"@id\":\"https:\/\/www.elodie-et-antoine.fr\/ra\/#organization\",\"name\":\"Rencontre avec mes anc\u00eatres\",\"url\":\"https:\/\/www.elodie-et-antoine.fr\/ra\/\",\"logo\":{\"@type\":\"ImageObject\",\"inLanguage\":\"fr-FR\",\"@id\":\"https:\/\/www.elodie-et-antoine.fr\/ra\/#\/schema\/logo\/image\/\",\"url\":\"https:\/\/www.elodie-et-antoine.fr\/ra\/wp-content\/uploads\/2024\/02\/Logo-detoure.png\",\"contentUrl\":\"https:\/\/www.elodie-et-antoine.fr\/ra\/wp-content\/uploads\/2024\/02\/Logo-detoure.png\",\"width\":500,\"height\":500,\"caption\":\"Rencontre avec mes anc\u00eatres\"},\"image\":{\"@id\":\"https:\/\/www.elodie-et-antoine.fr\/ra\/#\/schema\/logo\/image\/\"},\"sameAs\":[\"https:\/\/www.facebook.com\/rencontreancetres\",\"https:\/\/x.com\/lodeetwit\"]}]}<\/script>\n<!-- \/ Yoast SEO plugin. -->","yoast_head_json":{"title":"Challenge A \u00e0 Z 2014 - Rencontre avec mes anc\u00eatres","robots":{"index":"index","follow":"follow","max-snippet":"max-snippet:-1","max-image-preview":"max-image-preview:large","max-video-preview":"max-video-preview:-1"},"canonical":"https:\/\/www.elodie-et-antoine.fr\/ra\/?page_id=815","og_locale":"fr_FR","og_type":"article","og_title":"Challenge A \u00e0 Z 2014 - Rencontre avec mes anc\u00eatres","og_description":"A comme &#8230; Alexandre DEZAT et Scholastique REVERDY B comme \u2026 BEDU Jean Baptiste, cabaretier C comme \u2026 charbonnier comme son p\u00e8re D comme \u2026 d\u00e9clarante, Marie BAILLY E comme \u2026 et voici la vie de Marie BAILLY F comme \u2026 fileuse G comme \u2026 garde royal, Fran\u00e7ois REVERDY H comme \u2026 HABERT, lign\u00e9e de bouchers protestants \u00e0 Sancerre I comme \u2026 il \u00e9tait aussi maire J comme \u2026 jardiniers \u00e0 Saint-Bouize K comme \u2026 k\u00e9zako ? les m\u00e9tiers de Martin MERLIN L comme \u2026 Louis LINARD et sa particularit\u00e9 physique M comme \u2026 Marie LAUGERAT, g\u00e2teli\u00e8re \u00e0 Boisbelle N comme \u2026 n\u00e9s de p\u00e8re inconnu O comme \u2026 origine de Jean-Louis ROY P comme \u2026 Potiers Q comme \u2026 Quelle est cette \u00e9pine sur ma lign\u00e9e cognatique ? R comme \u2026 Record de l&rsquo;anc\u00eatre voyageur S comme \u2026 soutient de famille T comme \u2026 THOMAS meunier sur la belaine U comme \u2026 unis suite \u00e0 l\u2019\u00c9dit de to\u00e9lance V comme \u2026 encore un vigneron W comme \u2026 wanted X comme \u2026 ne sait toujours pas signer Y comme \u2026 Yonne Z comme \u2026 papi fait le Zouave","og_url":"https:\/\/www.elodie-et-antoine.fr\/ra\/?page_id=815","og_site_name":"Rencontre avec mes anc\u00eatres","article_publisher":"https:\/\/www.facebook.com\/rencontreancetres","article_modified_time":"2014-07-17T09:32:41+00:00","og_image":[{"url":"http:\/\/www.elodie-et-antoine.fr\/ra\/wp-content\/uploads\/2014\/05\/badge.png","type":"","width":"","height":""}],"twitter_card":"summary_large_image","twitter_site":"@lodeetwit","twitter_misc":{"Dur\u00e9e de lecture estim\u00e9e":"1 minute"},"schema":{"@context":"https:\/\/schema.org","@graph":[{"@type":"WebPage","@id":"https:\/\/www.elodie-et-antoine.fr\/ra\/?page_id=815","url":"https:\/\/www.elodie-et-antoine.fr\/ra\/?page_id=815","name":"Challenge A \u00e0 Z 2014 - Rencontre avec mes anc\u00eatres","isPartOf":{"@id":"https:\/\/www.elodie-et-antoine.fr\/ra\/#website"},"primaryImageOfPage":{"@id":"https:\/\/www.elodie-et-antoine.fr\/ra\/?page_id=815#primaryimage"},"image":{"@id":"https:\/\/www.elodie-et-antoine.fr\/ra\/?page_id=815#primaryimage"},"thumbnailUrl":"http:\/\/www.elodie-et-antoine.fr\/ra\/wp-content\/uploads\/2014\/05\/badge.png","datePublished":"2014-06-01T07:47:52+00:00","dateModified":"2014-07-17T09:32:41+00:00","breadcrumb":{"@id":"https:\/\/www.elodie-et-antoine.fr\/ra\/?page_id=815#breadcrumb"},"inLanguage":"fr-FR","potentialAction":[{"@type":"ReadAction","target":["https:\/\/www.elodie-et-antoine.fr\/ra\/?page_id=815"]}]},{"@type":"ImageObject","inLanguage":"fr-FR","@id":"https:\/\/www.elodie-et-antoine.fr\/ra\/?page_id=815#primaryimage","url":"http:\/\/www.elodie-et-antoine.fr\/ra\/wp-content\/uploads\/2014\/05\/badge.png","contentUrl":"http:\/\/www.elodie-et-antoine.fr\/ra\/wp-content\/uploads\/2014\/05\/badge.png"},{"@type":"BreadcrumbList","@id":"https:\/\/www.elodie-et-antoine.fr\/ra\/?page_id=815#breadcrumb","itemListElement":[{"@type":"ListItem","position":1,"name":"Accueil","item":"https:\/\/www.elodie-et-antoine.fr\/ra"},{"@type":"ListItem","position":2,"name":"Challenge A \u00e0 Z 2014"}]},{"@type":"WebSite","@id":"https:\/\/www.elodie-et-antoine.fr\/ra\/#website","url":"https:\/\/www.elodie-et-antoine.fr\/ra\/","name":"Rencontre avec mes anc\u00eatres","description":"Rencontre avec mes anc\u00eatres","publisher":{"@id":"https:\/\/www.elodie-et-antoine.fr\/ra\/#organization"},"potentialAction":[{"@type":"SearchAction","target":{"@type":"EntryPoint","urlTemplate":"https:\/\/www.elodie-et-antoine.fr\/ra\/?s={search_term_string}"},"query-input":{"@type":"PropertyValueSpecification","valueRequired":true,"valueName":"search_term_string"}}],"inLanguage":"fr-FR"},{"@type":"Organization","@id":"https:\/\/www.elodie-et-antoine.fr\/ra\/#organization","name":"Rencontre avec mes anc\u00eatres","url":"https:\/\/www.elodie-et-antoine.fr\/ra\/","logo":{"@type":"ImageObject","inLanguage":"fr-FR","@id":"https:\/\/www.elodie-et-antoine.fr\/ra\/#\/schema\/logo\/image\/","url":"https:\/\/www.elodie-et-antoine.fr\/ra\/wp-content\/uploads\/2024\/02\/Logo-detoure.png","contentUrl":"https:\/\/www.elodie-et-antoine.fr\/ra\/wp-content\/uploads\/2024\/02\/Logo-detoure.png","width":500,"height":500,"caption":"Rencontre avec mes anc\u00eatres"},"image":{"@id":"https:\/\/www.elodie-et-antoine.fr\/ra\/#\/schema\/logo\/image\/"},"sameAs":["https:\/\/www.facebook.com\/rencontreancetres","https:\/\/x.com\/lodeetwit"]}]}},"jetpack_sharing_enabled":true,"_links":{"self":[{"href":"https:\/\/www.elodie-et-antoine.fr\/ra\/index.php?rest_route=\/wp\/v2\/pages\/815","targetHints":{"allow":["GET"]}}],"collection":[{"href":"https:\/\/www.elodie-et-antoine.fr\/ra\/index.php?rest_route=\/wp\/v2\/pages"}],"about":[{"href":"https:\/\/www.elodie-et-antoine.fr\/ra\/index.php?rest_route=\/wp\/v2\/types\/page"}],"author":[{"embeddable":true,"href":"https:\/\/www.elodie-et-antoine.fr\/ra\/index.php?rest_route=\/wp\/v2\/users\/1"}],"replies":[{"embeddable":true,"href":"https:\/\/www.elodie-et-antoine.fr\/ra\/index.php?rest_route=%2Fwp%2Fv2%2Fcomments&post=815"}],"version-history":[{"count":12,"href":"https:\/\/www.elodie-et-antoine.fr\/ra\/index.php?rest_route=\/wp\/v2\/pages\/815\/revisions"}],"predecessor-version":[{"id":994,"href":"https:\/\/www.elodie-et-antoine.fr\/ra\/index.php?rest_route=\/wp\/v2\/pages\/815\/revisions\/994"}],"wp:attachment":[{"href":"https:\/\/www.elodie-et-antoine.fr\/ra\/index.php?rest_route=%2Fwp%2Fv2%2Fmedia&parent=815"}],"curies":[{"name":"wp","href":"https:\/\/api.w.org\/{rel}","templated":true}]}}