{"id":596,"date":"2014-02-05T13:39:00","date_gmt":"2014-02-05T12:39:00","guid":{"rendered":"http:\/\/www.elodie-et-antoine.fr\/ra\/?page_id=596"},"modified":"2024-02-05T09:33:55","modified_gmt":"2024-02-05T08:33:55","slug":"mes-recherches","status":"publish","type":"page","link":"https:\/\/www.elodie-et-antoine.fr\/ra\/?page_id=596","title":{"rendered":"Recherches"},"content":{"rendered":"\n<p>Une liste non exhaustive des diff\u00e9rentes recherches \u00e0 mener.<\/p>\n\n\n\n<h3 class=\"wp-block-heading\"><strong>Actes de naissance, mariage, d\u00e9c\u00e8s manquants<br><\/strong><\/h3>\n\n\n\n<ul class=\"wp-block-list\">\n<li>D\u00e9c\u00e8s de Marie Ad\u00e8le Armantine GILET (19*)<\/li>\n\n\n\n<li>D\u00e9c\u00e8s de Jean Ernest BLIN (20*) \u00e0 Aubinges<\/li>\n\n\n\n<li>D\u00e9c\u00e8s d&rsquo;Euphrasie Marguerite BEDU (45*) \u00e0 Morogues<\/li>\n\n\n\n<li>D\u00e9c\u00e8s de Fran\u00e7ois THEILLE (46*)<\/li>\n\n\n\n<li>D\u00e9c\u00e8s de Jean Baptiste DAVID (50*)<\/li>\n\n\n\n<li>D\u00e9c\u00e8s de Marie Louise Jos\u00e9phone GAUDRY (51*)<\/li>\n\n\n\n<li>D\u00e9c\u00e8s de Justine MOINDROT (53*)<\/li>\n\n\n\n<li>D\u00e9c\u00e8s de Marie Justine GRESSIN (57*)<\/li>\n\n\n\n<li>Naissance de Jean REVERDY (70) en l&rsquo;an VII \u00e0 Sury-en-Vaux<\/li>\n\n\n\n<li>Naissance de Genevi\u00e8ve BOURDIN (72*) le 1er d\u00e9cembre 17954 \u00e0 Humbligny<\/li>\n\n\n\n<li>Mariage de Jean Martin COTTAT (84) et Brigitte COTTAT (85). Indiqu\u00e9 en 1813 sur l&rsquo;arbre en ligne de g\u00e9n\u00e9anautes mais introuvable dans les archives<\/li>\n\n\n\n<li>Naissance de Marguerite ROY (103)<\/li>\n\n\n\n<li>Naissance de Fran\u00e7oise MIGEON (115)<\/li>\n\n\n\n<li>Mariage de Louis REVERDY (140) et Marguerite CHATIGNER (141) \u00e0 Sury-en-Vaux<\/li>\n\n\n\n<li>Naissance de Jean-Louis ROY (184)<\/li>\n\n\n\n<li>Premier mariage de Genevi\u00e8ve LEGER (225*) avec Jean ROBIN<\/li>\n\n\n\n<li>Mariage de Jacques PALISSON (228) et Marie Anne RAPPIN (229) \u00e0 Feux<\/li>\n\n\n\n<li>Confirmer le d\u00e9c\u00e8s de Marie SIMONET (231), acte trouv\u00e9 en 1822 \u00e0 St-Martin-des-Champs<\/li>\n\n\n\n<li>Second mariage de Solange BOURGEOIS (345*) avec Nicolas FERRANT<\/li>\n\n\n\n<li>Naissance de Paul FONTAINE (1994)<\/li>\n\n\n\n<li>Naissance de Marie DUCROUX (1995)<\/li>\n<\/ul>\n\n\n\n<h3 class=\"wp-block-heading\"><strong>Contrats de mariage<\/strong><\/h3>\n\n\n\n<p>Lors de mon premier point sur les contrats de mariage en 2018, je n&rsquo;en avait trouv\u00e9 que cinq. D\u00e9but 2024, j&rsquo;ai bien avanc\u00e9 \u00e0 ce sujet !<\/p>\n\n\n\n<p>Dans mon journal de recherche, j&rsquo;ai 82 contrats de mariage recens\u00e9s. Sur ces 82 :<\/p>\n\n\n\n<ul class=\"wp-block-list\">\n<li>J&rsquo;en ai trouv\u00e9 49<\/li>\n\n\n\n<li>Il m&rsquo;en reste 26 \u00e0 chercher<\/li>\n\n\n\n<li>Les minutes d&rsquo;un notaire n&rsquo;ont pas \u00e9t\u00e9 vers\u00e9s, ce qui correspond \u00e0 4 contrats<\/li>\n\n\n\n<li>Malheureusement, 3 sont manquants ou introuvables.<\/li>\n<\/ul>\n\n\n\n<figure class=\"wp-block-image size-full\"><a href=\"https:\/\/www.elodie-et-antoine.fr\/ra\/wp-content\/uploads\/2024\/02\/CM-fevrier-2024.png\"><img loading=\"lazy\" decoding=\"async\" width=\"747\" height=\"576\" src=\"https:\/\/www.elodie-et-antoine.fr\/ra\/wp-content\/uploads\/2024\/02\/CM-fevrier-2024.png\" alt=\"\" class=\"wp-image-3770\" srcset=\"https:\/\/www.elodie-et-antoine.fr\/ra\/wp-content\/uploads\/2024\/02\/CM-fevrier-2024.png 747w, https:\/\/www.elodie-et-antoine.fr\/ra\/wp-content\/uploads\/2024\/02\/CM-fevrier-2024-300x231.png 300w, https:\/\/www.elodie-et-antoine.fr\/ra\/wp-content\/uploads\/2024\/02\/CM-fevrier-2024-350x270.png 350w\" sizes=\"auto, (max-width: 747px) 100vw, 747px\" \/><\/a><\/figure>\n\n\n\n<h3 class=\"wp-block-heading\"><strong>Recensements<br><\/strong><\/h3>\n\n\n\n<ul class=\"wp-block-list\">\n<li>Pour 1872, un seul couple non trouv\u00e9.<a href=\"https:\/\/www.elodie-et-antoine.fr\/ra\/wp-content\/uploads\/2018\/10\/ChallengeAZ0.gif\"><img loading=\"lazy\" decoding=\"async\" class=\"alignnone size-large wp-image-1932\" src=\"https:\/\/www.elodie-et-antoine.fr\/ra\/wp-content\/uploads\/2018\/10\/ChallengeAZ0-1024x576.gif\" alt=\"\" width=\"660\" height=\"371\" srcset=\"https:\/\/www.elodie-et-antoine.fr\/ra\/wp-content\/uploads\/2018\/10\/ChallengeAZ0-1024x576.gif 1024w, https:\/\/www.elodie-et-antoine.fr\/ra\/wp-content\/uploads\/2018\/10\/ChallengeAZ0-300x169.gif 300w, https:\/\/www.elodie-et-antoine.fr\/ra\/wp-content\/uploads\/2018\/10\/ChallengeAZ0-768x432.gif 768w, https:\/\/www.elodie-et-antoine.fr\/ra\/wp-content\/uploads\/2018\/10\/ChallengeAZ0-900x506.gif 900w, https:\/\/www.elodie-et-antoine.fr\/ra\/wp-content\/uploads\/2018\/10\/ChallengeAZ0-1280x720.gif 1280w\" sizes=\"auto, (max-width: 660px) 100vw, 660px\" \/><\/a><\/li>\n<\/ul>\n\n\n\n<h3 class=\"wp-block-heading\"><strong>Fiches matricule et carri\u00e8res militaires<br><\/strong><\/h3>\n\n\n\n<p>Reconstituer la <strong>carri\u00e8re militaire<\/strong> de mes a\u00efeux, notamment en 14\/18.&nbsp; Bien entam\u00e9 !<\/p>\n\n\n\n<h3 class=\"wp-block-heading\">Lieux \u00e0 rechercher<\/h3>\n\n\n\n<ul class=\"wp-block-list\">\n<li>Histoire du moulin de Panquelaine (Fran\u00e7ois THOMAS, sosa 78, y \u00e9tait meunier).<\/li>\n\n\n\n<li>Chercher o\u00f9 se situait le domaine de Cornil \u00e0 Sainte-Gemme.<\/li>\n\n\n\n<li>Le lieu-dit des Poteries \u00e0 Neuvy-deux-Clochers.<\/li>\n\n\n\n<li>Les domaines de M\u00e2n\u00e9 et de Piss\u00e9 (sosas 150 et 151).<\/li>\n\n\n\n<li>Le domaine de Cou\u00ebt, \u00e0 Menetou-R\u00e2tel.<\/li>\n\n\n\n<li>La Borne, village de potiers \u00e0 Henrichemont.<\/li>\n\n\n\n<li>Boisbelle et ses tanneurs \u00e0 Henrichemont.<\/li>\n<\/ul>\n\n\n\n<h3 class=\"wp-block-heading\"><strong>Diverses recherches<br><\/strong><\/h3>\n\n\n\n<p>Il me reste des recherches diverses \u00e0 faire sur des <strong>anc\u00eatres<\/strong> ou des <strong>collat\u00e9raux<\/strong> rencontr\u00e9s \u00e7a et l\u00e0 dans mon arbre ou celui de mon mari :<\/p>\n\n\n\n<ul class=\"wp-block-list\">\n<li>Trouver ce que sont all\u00e9s faire Henri Isidore CHAMPAULT et Marie Louise BEUCHON (sosas 26 et 27) au Coteau dans la Loire. Ils s&rsquo;y sont mari\u00e9s, ont ensuite v\u00e9cu \u00e0 Roanne, mais sont n\u00e9s et ont termin\u00e9 leur vie dans le Sancerrois.<\/li>\n\n\n\n<li>Le beau-fils de Fran\u00e7ois DEZAT (sosa 32), Henri Alphonse BOURGEOIS, a \u00e9t\u00e9 quelques temps garde particulier \u00e0 la Roche, Coutevroult en Seine-et-Marne.<\/li>\n\n\n\n<li>Louis Joseph MOINDROT, fr\u00e8re de Rosalie Jos\u00e9phine (sosa 17), domestique de Jules BERNEAU, vigneron \u00e0 Sancerre.<\/li>\n\n\n\n<li>Rechercher d&rsquo;o\u00f9 venait exactement Marie SCHOTT, belle-fille de Joseph REVERDY (sosa 44) ; cette derni\u00e8re \u00e9tait originaire d&rsquo;Alsace.<\/li>\n\n\n\n<li>Chercher le pass\u00e9 militaire de Pierre GUENEAU (sosa 48), soldat en cong\u00e9s au d\u00e9c\u00e8s de sa m\u00e8re.<\/li>\n\n\n\n<li>En savoir plus sur Pierre JOSSERAND, fr\u00e8re de Marie (sosa 69), s\u00e9minariste demeurant \u00e0 Bourges lors de son mariage.<\/li>\n\n\n\n<li>O\u00f9 \u00e9tait meunier Fran\u00e7ois THOMAS (sosa 78) ?<\/li>\n\n\n\n<li>Creuser l&rsquo;origine de Jean-Louis ROY (sosa 92), peut-\u00eatre originaire de Santranges. Mise \u00e0 jour de d\u00e9cembre 2017 : acte introuvable, il a pr\u00e9sent\u00e9 un acte de notori\u00e9t\u00e9 lors de son mariage. A chercher !<\/li>\n\n\n\n<li>Louis RAIMBAULT, petit-fils d&rsquo;Andr\u00e9 RAIMBAULT (sosa 100) est not\u00e9 cocher \u00e0 M\u00e9rona dans le Jura sur l&rsquo;acte de d\u00e9c\u00e8s.<\/li>\n\n\n\n<li>Jean REINE, oncle de Lucie COLLEAU (sosa 101) \u00e9tait marguillier.<\/li>\n\n\n\n<li>Louis MOREUX (sosa 152) \u00e9tait garde vigne. Sa nomination doit se trouver quelque part dans les archives municipales.<\/li>\n\n\n\n<li>Reconstituer le <a title=\"H comme Hors la loi\" href=\"https:\/\/www.elodie-et-antoine.fr\/ra\/?p=49\">proc\u00e8s <\/a>de Jean-Louis BLONDEAU (sosa 160).<\/li>\n\n\n\n<li>Le fils de Jean REVERDY (176) et Anne SALMON (177) Jean REVERDY, \u00e9tait soldat au moment de son mariage.<\/li>\n\n\n\n<li><del>Deux couples VATAN Pierre (186) et VATAN Jeanne (187) sont pr\u00e9sent \u00e0 Sury-en-Vaux et Verdigny \u00e0 la m\u00eame p\u00e9riode : trouver lequel est le bon !<\/del><\/li>\n\n\n\n<li>Chercher la dispense de consanguinit\u00e9 du couple Jacques MILLET (194) et Anne MILLERIOUX (195).<\/li>\n\n\n\n<li>C\u00e9cile et Th\u00e9r\u00e8se FOREST (filles de Jean FOREST, 198) ont \u00e9pous\u00e9 des mariniers, Louis LEDUC et Simon GROSLIER.<\/li>\n\n\n\n<li>Jean BEUCHON (216) d\u00e9c\u00e9d\u00e9 \u00e0 l&rsquo;H\u00f4tel-Dieu d&rsquo;Orl\u00e9ans.<\/li>\n\n\n\n<li>Jeanne CHAMPION (225) mendiante.<\/li>\n\n\n\n<li>GUINGUAND Victoire Adrienne, fille de Fran\u00e7ois (254) et Solange PINON (255) devenue cabareti\u00e8re.<\/li>\n\n\n\n<li>Louis Etienne RIFFAULT, petit-fils de Fran\u00e7ois GUINGUAND (254) et Solange PINON garde particulier \u00e0 Cosne.<\/li>\n\n\n\n<li>Louis DEZAT Fils de Jean Baptiste DEZAT (1010) et Magdeleine FOREST meunier \u00e0 Panquelaine, Sury-en-Vaux.<\/li>\n\n\n\n<li>Recherches \u00e0 pr\u00e9voir sur la famille de Reine CHARPIGNON (1161), p\u00e8re notaire, m\u00e8re \u00ab\u00a0honn\u00eate femme\u00a0\u00bb avec des membres de sa famille cur\u00e9, chirurgien&#8230;<\/li>\n<\/ul>\n\n\n\n<p>Du c\u00f4t\u00e9 de mon mari :<\/p>\n\n\n\n<ul class=\"wp-block-list\">\n<li><del>Retrouver les parents de Marie LAUGERAT, m\u00e8re de Jean AUGERAT (fils naturel). Elle \u00e9tait p\u00e2tissi\u00e8re \u00e0 Henrichemont.<\/del><\/li>\n\n\n\n<li>Jean Ernest BLIN (20), son p\u00e8re Jean BLIN (40) et son beau-p\u00e8re Claude PIZON (42) auraient \u00e9t\u00e9 coquetiers.<\/li>\n\n\n\n<li>Joseph BLIN, fils de Jean (40) fut grainetier et cafetier aux Aix d&rsquo;Angillon.<\/li>\n\n\n\n<li>Florentin PIZON fils de Claude (42) et Catherine LAUGERAT (43) est d\u00e9c\u00e9d\u00e9 \u00e0 bord du Bien-Hox \u00e0 Port-Sa\u00efd (\u00c9gypte).<\/li>\n\n\n\n<li>Trouver le dossier de Jean Thomas LAUGERAT (48) qui \u00e9tait plac\u00e9 \u00e0 l&rsquo;hospice de Bourges.<\/li>\n\n\n\n<li>Patient \u00c9tienne BONTEMPS, fils de Fran\u00e7ois (56) et Marie Justine GRESSIN (57) d\u00e9c\u00e9d\u00e9 \u00e0 l&rsquo;H\u00f4pital militaire de Bourges ; il \u00e9tait soldat canonnier.<\/li>\n\n\n\n<li>Des recherches \u00e0 pr\u00e9voir sur les AUCHERES, potiers \u00e0 Neuvy-en-Sancerre.<\/li>\n\n\n\n<li>Silvain DAVID, conducteur de voitures \u00e0 Henrichemont.<\/li>\n\n\n\n<li>Alexandre BAILLY, oncle de Anne RAIMBAULT (513), substitut du procureur \u00e0 Sury-en-Vaux.<\/li>\n<\/ul>\n\n\n\n<p>Mais \u00e9galement des renseignements \u00e0 trouver sur des <strong>m\u00e9tiers<\/strong> anciens :<\/p>\n\n\n\n<ul class=\"wp-block-list\">\n<li><del>Garde-vigne<\/del><\/li>\n\n\n\n<li>Fileuse<\/li>\n\n\n\n<li>Panetier<\/li>\n<\/ul>\n\n\n\n<p><span style=\"color: #888888;\"><em>Liste en date du 4 f\u00e9vrier 2024<\/em><\/span><\/p>\n","protected":false},"excerpt":{"rendered":"<p>Une liste non exhaustive des diff\u00e9rentes recherches \u00e0 mener. Actes de naissance, mariage, d\u00e9c\u00e8s manquants Contrats de mariage Lors de mon premier point sur les contrats de mariage en 2018, je n&rsquo;en avait trouv\u00e9 que cinq. D\u00e9but 2024, j&rsquo;ai bien avanc\u00e9 \u00e0 ce sujet ! Dans mon journal de recherche, j&rsquo;ai 82 contrats de mariage recens\u00e9s. Sur ces 82 : Recensements Fiches matricule et carri\u00e8res militaires Reconstituer la carri\u00e8re militaire de mes a\u00efeux, notamment en 14\/18.&nbsp; Bien entam\u00e9 ! Lieux \u00e0 rechercher Diverses recherches Il me reste des recherches diverses \u00e0 faire sur des anc\u00eatres ou des collat\u00e9raux rencontr\u00e9s \u00e7a et l\u00e0 dans mon arbre ou celui de mon mari : Du c\u00f4t\u00e9 de mon mari : Mais \u00e9galement des renseignements \u00e0 trouver sur des m\u00e9tiers anciens : Liste en date du 4 f\u00e9vrier 2024<\/p>\n","protected":false},"author":1,"featured_media":0,"parent":0,"menu_order":0,"comment_status":"open","ping_status":"open","template":"","meta":{"_exactmetrics_skip_tracking":false,"_exactmetrics_sitenote_active":false,"_exactmetrics_sitenote_note":"","_exactmetrics_sitenote_category":0,"jetpack_post_was_ever_published":false,"footnotes":""},"class_list":["post-596","page","type-page","status-publish","hentry"],"yoast_head":"<!-- This site is optimized with the Yoast SEO plugin v27.0 - https:\/\/yoast.com\/product\/yoast-seo-wordpress\/ -->\n<title>Recherches - Rencontre avec mes anc\u00eatres<\/title>\n<meta name=\"robots\" content=\"index, follow, max-snippet:-1, max-image-preview:large, max-video-preview:-1\" \/>\n<link rel=\"canonical\" href=\"https:\/\/www.elodie-et-antoine.fr\/ra\/?page_id=596\" \/>\n<meta property=\"og:locale\" content=\"fr_FR\" \/>\n<meta property=\"og:type\" content=\"article\" \/>\n<meta property=\"og:title\" content=\"Recherches - Rencontre avec mes anc\u00eatres\" \/>\n<meta property=\"og:description\" content=\"Une liste non exhaustive des diff\u00e9rentes recherches \u00e0 mener. Actes de naissance, mariage, d\u00e9c\u00e8s manquants Contrats de mariage Lors de mon premier point sur les contrats de mariage en 2018, je n&rsquo;en avait trouv\u00e9 que cinq. D\u00e9but 2024, j&rsquo;ai bien avanc\u00e9 \u00e0 ce sujet ! Dans mon journal de recherche, j&rsquo;ai 82 contrats de mariage recens\u00e9s. Sur ces 82 : Recensements Fiches matricule et carri\u00e8res militaires Reconstituer la carri\u00e8re militaire de mes a\u00efeux, notamment en 14\/18.&nbsp; Bien entam\u00e9 ! Lieux \u00e0 rechercher Diverses recherches Il me reste des recherches diverses \u00e0 faire sur des anc\u00eatres ou des collat\u00e9raux rencontr\u00e9s \u00e7a et l\u00e0 dans mon arbre ou celui de mon mari : Du c\u00f4t\u00e9 de mon mari : Mais \u00e9galement des renseignements \u00e0 trouver sur des m\u00e9tiers anciens : Liste en date du 4 f\u00e9vrier 2024\" \/>\n<meta property=\"og:url\" content=\"https:\/\/www.elodie-et-antoine.fr\/ra\/?page_id=596\" \/>\n<meta property=\"og:site_name\" content=\"Rencontre avec mes anc\u00eatres\" \/>\n<meta property=\"article:publisher\" content=\"https:\/\/www.facebook.com\/rencontreancetres\" \/>\n<meta property=\"article:modified_time\" content=\"2024-02-05T08:33:55+00:00\" \/>\n<meta property=\"og:image\" content=\"http:\/\/www.elodie-et-antoine.fr\/ra\/wp-content\/uploads\/2024\/02\/CM-fevrier-2024.png\" \/>\n<meta name=\"twitter:card\" content=\"summary_large_image\" \/>\n<meta name=\"twitter:site\" content=\"@lodeetwit\" \/>\n<meta name=\"twitter:label1\" content=\"Dur\u00e9e de lecture estim\u00e9e\" \/>\n\t<meta name=\"twitter:data1\" content=\"4 minutes\" \/>\n<script type=\"application\/ld+json\" class=\"yoast-schema-graph\">{\"@context\":\"https:\/\/schema.org\",\"@graph\":[{\"@type\":\"WebPage\",\"@id\":\"https:\/\/www.elodie-et-antoine.fr\/ra\/?page_id=596\",\"url\":\"https:\/\/www.elodie-et-antoine.fr\/ra\/?page_id=596\",\"name\":\"Recherches - Rencontre avec mes anc\u00eatres\",\"isPartOf\":{\"@id\":\"https:\/\/www.elodie-et-antoine.fr\/ra\/#website\"},\"primaryImageOfPage\":{\"@id\":\"https:\/\/www.elodie-et-antoine.fr\/ra\/?page_id=596#primaryimage\"},\"image\":{\"@id\":\"https:\/\/www.elodie-et-antoine.fr\/ra\/?page_id=596#primaryimage\"},\"thumbnailUrl\":\"http:\/\/www.elodie-et-antoine.fr\/ra\/wp-content\/uploads\/2024\/02\/CM-fevrier-2024.png\",\"datePublished\":\"2014-02-05T12:39:00+00:00\",\"dateModified\":\"2024-02-05T08:33:55+00:00\",\"breadcrumb\":{\"@id\":\"https:\/\/www.elodie-et-antoine.fr\/ra\/?page_id=596#breadcrumb\"},\"inLanguage\":\"fr-FR\",\"potentialAction\":[{\"@type\":\"ReadAction\",\"target\":[\"https:\/\/www.elodie-et-antoine.fr\/ra\/?page_id=596\"]}]},{\"@type\":\"ImageObject\",\"inLanguage\":\"fr-FR\",\"@id\":\"https:\/\/www.elodie-et-antoine.fr\/ra\/?page_id=596#primaryimage\",\"url\":\"http:\/\/www.elodie-et-antoine.fr\/ra\/wp-content\/uploads\/2024\/02\/CM-fevrier-2024.png\",\"contentUrl\":\"http:\/\/www.elodie-et-antoine.fr\/ra\/wp-content\/uploads\/2024\/02\/CM-fevrier-2024.png\"},{\"@type\":\"BreadcrumbList\",\"@id\":\"https:\/\/www.elodie-et-antoine.fr\/ra\/?page_id=596#breadcrumb\",\"itemListElement\":[{\"@type\":\"ListItem\",\"position\":1,\"name\":\"Accueil\",\"item\":\"https:\/\/www.elodie-et-antoine.fr\/ra\"},{\"@type\":\"ListItem\",\"position\":2,\"name\":\"Recherches\"}]},{\"@type\":\"WebSite\",\"@id\":\"https:\/\/www.elodie-et-antoine.fr\/ra\/#website\",\"url\":\"https:\/\/www.elodie-et-antoine.fr\/ra\/\",\"name\":\"Rencontre avec mes anc\u00eatres\",\"description\":\"Rencontre avec mes anc\u00eatres\",\"publisher\":{\"@id\":\"https:\/\/www.elodie-et-antoine.fr\/ra\/#organization\"},\"potentialAction\":[{\"@type\":\"SearchAction\",\"target\":{\"@type\":\"EntryPoint\",\"urlTemplate\":\"https:\/\/www.elodie-et-antoine.fr\/ra\/?s={search_term_string}\"},\"query-input\":{\"@type\":\"PropertyValueSpecification\",\"valueRequired\":true,\"valueName\":\"search_term_string\"}}],\"inLanguage\":\"fr-FR\"},{\"@type\":\"Organization\",\"@id\":\"https:\/\/www.elodie-et-antoine.fr\/ra\/#organization\",\"name\":\"Rencontre avec mes anc\u00eatres\",\"url\":\"https:\/\/www.elodie-et-antoine.fr\/ra\/\",\"logo\":{\"@type\":\"ImageObject\",\"inLanguage\":\"fr-FR\",\"@id\":\"https:\/\/www.elodie-et-antoine.fr\/ra\/#\/schema\/logo\/image\/\",\"url\":\"https:\/\/www.elodie-et-antoine.fr\/ra\/wp-content\/uploads\/2024\/02\/Logo-detoure.png\",\"contentUrl\":\"https:\/\/www.elodie-et-antoine.fr\/ra\/wp-content\/uploads\/2024\/02\/Logo-detoure.png\",\"width\":500,\"height\":500,\"caption\":\"Rencontre avec mes anc\u00eatres\"},\"image\":{\"@id\":\"https:\/\/www.elodie-et-antoine.fr\/ra\/#\/schema\/logo\/image\/\"},\"sameAs\":[\"https:\/\/www.facebook.com\/rencontreancetres\",\"https:\/\/x.com\/lodeetwit\"]}]}<\/script>\n<!-- \/ Yoast SEO plugin. -->","yoast_head_json":{"title":"Recherches - Rencontre avec mes anc\u00eatres","robots":{"index":"index","follow":"follow","max-snippet":"max-snippet:-1","max-image-preview":"max-image-preview:large","max-video-preview":"max-video-preview:-1"},"canonical":"https:\/\/www.elodie-et-antoine.fr\/ra\/?page_id=596","og_locale":"fr_FR","og_type":"article","og_title":"Recherches - Rencontre avec mes anc\u00eatres","og_description":"Une liste non exhaustive des diff\u00e9rentes recherches \u00e0 mener. Actes de naissance, mariage, d\u00e9c\u00e8s manquants Contrats de mariage Lors de mon premier point sur les contrats de mariage en 2018, je n&rsquo;en avait trouv\u00e9 que cinq. D\u00e9but 2024, j&rsquo;ai bien avanc\u00e9 \u00e0 ce sujet ! Dans mon journal de recherche, j&rsquo;ai 82 contrats de mariage recens\u00e9s. Sur ces 82 : Recensements Fiches matricule et carri\u00e8res militaires Reconstituer la carri\u00e8re militaire de mes a\u00efeux, notamment en 14\/18.&nbsp; Bien entam\u00e9 ! Lieux \u00e0 rechercher Diverses recherches Il me reste des recherches diverses \u00e0 faire sur des anc\u00eatres ou des collat\u00e9raux rencontr\u00e9s \u00e7a et l\u00e0 dans mon arbre ou celui de mon mari : Du c\u00f4t\u00e9 de mon mari : Mais \u00e9galement des renseignements \u00e0 trouver sur des m\u00e9tiers anciens : Liste en date du 4 f\u00e9vrier 2024","og_url":"https:\/\/www.elodie-et-antoine.fr\/ra\/?page_id=596","og_site_name":"Rencontre avec mes anc\u00eatres","article_publisher":"https:\/\/www.facebook.com\/rencontreancetres","article_modified_time":"2024-02-05T08:33:55+00:00","og_image":[{"url":"http:\/\/www.elodie-et-antoine.fr\/ra\/wp-content\/uploads\/2024\/02\/CM-fevrier-2024.png","type":"","width":"","height":""}],"twitter_card":"summary_large_image","twitter_site":"@lodeetwit","twitter_misc":{"Dur\u00e9e de lecture estim\u00e9e":"4 minutes"},"schema":{"@context":"https:\/\/schema.org","@graph":[{"@type":"WebPage","@id":"https:\/\/www.elodie-et-antoine.fr\/ra\/?page_id=596","url":"https:\/\/www.elodie-et-antoine.fr\/ra\/?page_id=596","name":"Recherches - Rencontre avec mes anc\u00eatres","isPartOf":{"@id":"https:\/\/www.elodie-et-antoine.fr\/ra\/#website"},"primaryImageOfPage":{"@id":"https:\/\/www.elodie-et-antoine.fr\/ra\/?page_id=596#primaryimage"},"image":{"@id":"https:\/\/www.elodie-et-antoine.fr\/ra\/?page_id=596#primaryimage"},"thumbnailUrl":"http:\/\/www.elodie-et-antoine.fr\/ra\/wp-content\/uploads\/2024\/02\/CM-fevrier-2024.png","datePublished":"2014-02-05T12:39:00+00:00","dateModified":"2024-02-05T08:33:55+00:00","breadcrumb":{"@id":"https:\/\/www.elodie-et-antoine.fr\/ra\/?page_id=596#breadcrumb"},"inLanguage":"fr-FR","potentialAction":[{"@type":"ReadAction","target":["https:\/\/www.elodie-et-antoine.fr\/ra\/?page_id=596"]}]},{"@type":"ImageObject","inLanguage":"fr-FR","@id":"https:\/\/www.elodie-et-antoine.fr\/ra\/?page_id=596#primaryimage","url":"http:\/\/www.elodie-et-antoine.fr\/ra\/wp-content\/uploads\/2024\/02\/CM-fevrier-2024.png","contentUrl":"http:\/\/www.elodie-et-antoine.fr\/ra\/wp-content\/uploads\/2024\/02\/CM-fevrier-2024.png"},{"@type":"BreadcrumbList","@id":"https:\/\/www.elodie-et-antoine.fr\/ra\/?page_id=596#breadcrumb","itemListElement":[{"@type":"ListItem","position":1,"name":"Accueil","item":"https:\/\/www.elodie-et-antoine.fr\/ra"},{"@type":"ListItem","position":2,"name":"Recherches"}]},{"@type":"WebSite","@id":"https:\/\/www.elodie-et-antoine.fr\/ra\/#website","url":"https:\/\/www.elodie-et-antoine.fr\/ra\/","name":"Rencontre avec mes anc\u00eatres","description":"Rencontre avec mes anc\u00eatres","publisher":{"@id":"https:\/\/www.elodie-et-antoine.fr\/ra\/#organization"},"potentialAction":[{"@type":"SearchAction","target":{"@type":"EntryPoint","urlTemplate":"https:\/\/www.elodie-et-antoine.fr\/ra\/?s={search_term_string}"},"query-input":{"@type":"PropertyValueSpecification","valueRequired":true,"valueName":"search_term_string"}}],"inLanguage":"fr-FR"},{"@type":"Organization","@id":"https:\/\/www.elodie-et-antoine.fr\/ra\/#organization","name":"Rencontre avec mes anc\u00eatres","url":"https:\/\/www.elodie-et-antoine.fr\/ra\/","logo":{"@type":"ImageObject","inLanguage":"fr-FR","@id":"https:\/\/www.elodie-et-antoine.fr\/ra\/#\/schema\/logo\/image\/","url":"https:\/\/www.elodie-et-antoine.fr\/ra\/wp-content\/uploads\/2024\/02\/Logo-detoure.png","contentUrl":"https:\/\/www.elodie-et-antoine.fr\/ra\/wp-content\/uploads\/2024\/02\/Logo-detoure.png","width":500,"height":500,"caption":"Rencontre avec mes anc\u00eatres"},"image":{"@id":"https:\/\/www.elodie-et-antoine.fr\/ra\/#\/schema\/logo\/image\/"},"sameAs":["https:\/\/www.facebook.com\/rencontreancetres","https:\/\/x.com\/lodeetwit"]}]}},"jetpack_sharing_enabled":true,"_links":{"self":[{"href":"https:\/\/www.elodie-et-antoine.fr\/ra\/index.php?rest_route=\/wp\/v2\/pages\/596","targetHints":{"allow":["GET"]}}],"collection":[{"href":"https:\/\/www.elodie-et-antoine.fr\/ra\/index.php?rest_route=\/wp\/v2\/pages"}],"about":[{"href":"https:\/\/www.elodie-et-antoine.fr\/ra\/index.php?rest_route=\/wp\/v2\/types\/page"}],"author":[{"embeddable":true,"href":"https:\/\/www.elodie-et-antoine.fr\/ra\/index.php?rest_route=\/wp\/v2\/users\/1"}],"replies":[{"embeddable":true,"href":"https:\/\/www.elodie-et-antoine.fr\/ra\/index.php?rest_route=%2Fwp%2Fv2%2Fcomments&post=596"}],"version-history":[{"count":46,"href":"https:\/\/www.elodie-et-antoine.fr\/ra\/index.php?rest_route=\/wp\/v2\/pages\/596\/revisions"}],"predecessor-version":[{"id":3767,"href":"https:\/\/www.elodie-et-antoine.fr\/ra\/index.php?rest_route=\/wp\/v2\/pages\/596\/revisions\/3767"}],"wp:attachment":[{"href":"https:\/\/www.elodie-et-antoine.fr\/ra\/index.php?rest_route=%2Fwp%2Fv2%2Fmedia&parent=596"}],"curies":[{"name":"wp","href":"https:\/\/api.w.org\/{rel}","templated":true}]}}