{"id":2934,"date":"2020-11-06T20:56:16","date_gmt":"2020-11-06T19:56:16","guid":{"rendered":"http:\/\/www.elodie-et-antoine.fr\/ra\/?page_id=2934"},"modified":"2020-11-30T08:38:22","modified_gmt":"2020-11-30T07:38:22","slug":"challenge-az-2020","status":"publish","type":"page","link":"https:\/\/www.elodie-et-antoine.fr\/ra\/?page_id=2934","title":{"rendered":"Challenge A \u00e0 Z 2020"},"content":{"rendered":"\n<p>A&#8230; <a href=\"https:\/\/www.elodie-et-antoine.fr\/ra\/?p=2835\">A la rencontre de Jean et Rosalie BEAUNEZ<\/a><\/p>\n\n\n\n<p>B&#8230; <a href=\"https:\/\/www.elodie-et-antoine.fr\/ra\/?p=2837\">BALLAND Catherine, premi\u00e8re femme de Jean<\/a><\/p>\n\n\n\n<p>C&#8230; <a href=\"https:\/\/www.elodie-et-antoine.fr\/ra\/?p=2842\">C&rsquo;est au tour de Jeanne DUSSAULT d&rsquo;\u00e9pouser Jean<\/a><\/p>\n\n\n\n<p>D&#8230; <a href=\"https:\/\/www.elodie-et-antoine.fr\/ra\/?p=2840\">Dernier mariage avec Marie CANDRET<\/a> <\/p>\n\n\n\n<p>E&#8230; <a href=\"https:\/\/www.elodie-et-antoine.fr\/ra\/?p=2845\">Elle laisse derri\u00e8re elle<\/a><\/p>\n\n\n\n<p>F&#8230; <a href=\"https:\/\/www.elodie-et-antoine.fr\/ra\/?p=2853\">Fratrie<\/a><\/p>\n\n\n\n<p>G&#8230;<a href=\"https:\/\/www.elodie-et-antoine.fr\/ra\/?p=2855\" data-type=\"post\" data-id=\"2855\"> Gaspard MILLARY, plus qu&rsquo;un oncle ?<\/a><\/p>\n\n\n\n<p>H&#8230; <a href=\"https:\/\/www.elodie-et-antoine.fr\/ra\/?p=2940\">H\u00e9ritage<\/a><\/p>\n\n\n\n<p>I&#8230; <a href=\"https:\/\/www.elodie-et-antoine.fr\/ra\/?p=2856\" data-type=\"post\" data-id=\"2856\">Infanticide<\/a><\/p>\n\n\n\n<p>J&#8230; <a href=\"https:\/\/www.elodie-et-antoine.fr\/ra\/?p=2861\" data-type=\"post\" data-id=\"2861\">Jusqu&rsquo;\u00e0 Chalon-sur-Sa\u00f4ne<\/a><\/p>\n\n\n\n<p>K&#8230; <a href=\"https:\/\/www.elodie-et-antoine.fr\/ra\/?p=2970\" data-type=\"post\" data-id=\"2970\">Kilom\u00e8tres<\/a><\/p>\n\n\n\n<p>L&#8230; <a href=\"https:\/\/www.elodie-et-antoine.fr\/ra\/?p=2980\" data-type=\"post\" data-id=\"2980\">Le mariage fant\u00f4me de Rosalie BEAUNEZ<\/a><\/p>\n\n\n\n<p>M&#8230; <a href=\"https:\/\/www.elodie-et-antoine.fr\/ra\/?p=2990\" data-type=\"post\" data-id=\"2990\">Mariages de Rosalie BEAUNEZ<\/a><\/p>\n\n\n\n<p>N&#8230; <a href=\"https:\/\/www.elodie-et-antoine.fr\/ra\/?p=3000\" data-type=\"post\" data-id=\"3000\">Neurasth\u00e9nique<\/a><\/p>\n\n\n\n<p>O&#8230; <a href=\"https:\/\/www.elodie-et-antoine.fr\/ra\/?p=3009\" data-type=\"post\" data-id=\"3009\">O\u00f9 se situent les terres de Jean BEAUNEZ ?<\/a><\/p>\n\n\n\n<p>P&#8230; <a href=\"https:\/\/www.elodie-et-antoine.fr\/ra\/?p=3020\">Paulin<\/a><\/p>\n\n\n\n<p>Q&#8230; <a href=\"https:\/\/www.elodie-et-antoine.fr\/ra\/?p=3024\" data-type=\"post\" data-id=\"3024\">Que cultivait Jean BEAUNEZ ?<\/a><\/p>\n\n\n\n<p>R&#8230; <a href=\"https:\/\/www.elodie-et-antoine.fr\/ra\/?p=3029\">Rue Saint-Fulgent ?<\/a><\/p>\n\n\n\n<p>S&#8230; <a href=\"https:\/\/www.elodie-et-antoine.fr\/ra\/?p=3036\" data-type=\"post\" data-id=\"3036\">Silvain ARDOIN et les trois bougies<\/a><\/p>\n\n\n\n<p>T&#8230; <a href=\"https:\/\/www.elodie-et-antoine.fr\/ra\/?p=3044\" data-type=\"post\" data-id=\"3044\">Tutelles<\/a><\/p>\n\n\n\n<p>U&#8230; <a href=\"https:\/\/www.elodie-et-antoine.fr\/ra\/?p=2862\" data-type=\"post\" data-id=\"2862\">Un cycliste<\/a><\/p>\n\n\n\n<p>V&#8230; <a href=\"https:\/\/www.elodie-et-antoine.fr\/ra\/?p=3061\" data-type=\"post\" data-id=\"3061\">Visitons la maison de Jean BEAUNEZ<\/a><\/p>\n\n\n\n<p>W&#8230; <a href=\"https:\/\/www.elodie-et-antoine.fr\/ra\/?p=3069\" data-type=\"post\" data-id=\"3069\">Water<\/a><\/p>\n\n\n\n<p>X&#8230; <a href=\"https:\/\/www.elodie-et-antoine.fr\/ra\/?p=3078\" data-type=\"post\" data-id=\"3078\">X\u00e8me g\u00e9n\u00e9ration<\/a><\/p>\n\n\n\n<p>Y&#8230; <a href=\"https:\/\/www.elodie-et-antoine.fr\/ra\/?p=3085\" data-type=\"post\" data-id=\"3085\">CYprien, le grand fr\u00e8re<\/a><\/p>\n\n\n\n<p>Z&#8230; <a href=\"https:\/\/www.elodie-et-antoine.fr\/ra\/?p=3096\" data-type=\"post\" data-id=\"3096\">Zoom sur les recherches qu&rsquo;il me reste \u00e0 faire<\/a><\/p>\n","protected":false},"excerpt":{"rendered":"<p>A&#8230; A la rencontre de Jean et Rosalie BEAUNEZ B&#8230; BALLAND Catherine, premi\u00e8re femme de Jean C&#8230; C&rsquo;est au tour de Jeanne DUSSAULT d&rsquo;\u00e9pouser Jean D&#8230; Dernier mariage avec Marie CANDRET E&#8230; Elle laisse derri\u00e8re elle F&#8230; Fratrie G&#8230; Gaspard MILLARY, plus qu&rsquo;un oncle ? H&#8230; H\u00e9ritage I&#8230; Infanticide J&#8230; Jusqu&rsquo;\u00e0 Chalon-sur-Sa\u00f4ne K&#8230; Kilom\u00e8tres L&#8230; Le mariage fant\u00f4me de Rosalie BEAUNEZ M&#8230; Mariages de Rosalie BEAUNEZ N&#8230; Neurasth\u00e9nique O&#8230; O\u00f9 se situent les terres de Jean BEAUNEZ ? P&#8230; Paulin Q&#8230; Que cultivait Jean BEAUNEZ ? R&#8230; Rue Saint-Fulgent ? S&#8230; Silvain ARDOIN et les trois bougies T&#8230; Tutelles U&#8230; Un cycliste V&#8230; Visitons la maison de Jean BEAUNEZ W&#8230; Water X&#8230; X\u00e8me g\u00e9n\u00e9ration Y&#8230; CYprien, le grand fr\u00e8re Z&#8230; Zoom sur les recherches qu&rsquo;il me reste \u00e0 faire<\/p>\n","protected":false},"author":1,"featured_media":0,"parent":0,"menu_order":0,"comment_status":"closed","ping_status":"closed","template":"","meta":{"_exactmetrics_skip_tracking":false,"_exactmetrics_sitenote_active":false,"_exactmetrics_sitenote_note":"","_exactmetrics_sitenote_category":0,"jetpack_post_was_ever_published":false,"footnotes":""},"class_list":["post-2934","page","type-page","status-publish","hentry"],"yoast_head":"<!-- This site is optimized with the Yoast SEO plugin v27.0 - https:\/\/yoast.com\/product\/yoast-seo-wordpress\/ -->\n<title>Challenge A \u00e0 Z 2020 - Rencontre avec mes anc\u00eatres<\/title>\n<meta name=\"robots\" content=\"index, follow, max-snippet:-1, max-image-preview:large, max-video-preview:-1\" \/>\n<link rel=\"canonical\" href=\"https:\/\/www.elodie-et-antoine.fr\/ra\/?page_id=2934\" \/>\n<meta property=\"og:locale\" content=\"fr_FR\" \/>\n<meta property=\"og:type\" content=\"article\" \/>\n<meta property=\"og:title\" content=\"Challenge A \u00e0 Z 2020 - Rencontre avec mes anc\u00eatres\" \/>\n<meta property=\"og:description\" content=\"A&#8230; A la rencontre de Jean et Rosalie BEAUNEZ B&#8230; BALLAND Catherine, premi\u00e8re femme de Jean C&#8230; C&rsquo;est au tour de Jeanne DUSSAULT d&rsquo;\u00e9pouser Jean D&#8230; Dernier mariage avec Marie CANDRET E&#8230; Elle laisse derri\u00e8re elle F&#8230; Fratrie G&#8230; Gaspard MILLARY, plus qu&rsquo;un oncle ? H&#8230; H\u00e9ritage I&#8230; Infanticide J&#8230; Jusqu&rsquo;\u00e0 Chalon-sur-Sa\u00f4ne K&#8230; Kilom\u00e8tres L&#8230; Le mariage fant\u00f4me de Rosalie BEAUNEZ M&#8230; Mariages de Rosalie BEAUNEZ N&#8230; Neurasth\u00e9nique O&#8230; O\u00f9 se situent les terres de Jean BEAUNEZ ? P&#8230; Paulin Q&#8230; Que cultivait Jean BEAUNEZ ? R&#8230; Rue Saint-Fulgent ? S&#8230; Silvain ARDOIN et les trois bougies T&#8230; Tutelles U&#8230; Un cycliste V&#8230; Visitons la maison de Jean BEAUNEZ W&#8230; Water X&#8230; X\u00e8me g\u00e9n\u00e9ration Y&#8230; CYprien, le grand fr\u00e8re Z&#8230; Zoom sur les recherches qu&rsquo;il me reste \u00e0 faire\" \/>\n<meta property=\"og:url\" content=\"https:\/\/www.elodie-et-antoine.fr\/ra\/?page_id=2934\" \/>\n<meta property=\"og:site_name\" content=\"Rencontre avec mes anc\u00eatres\" \/>\n<meta property=\"article:publisher\" content=\"https:\/\/www.facebook.com\/rencontreancetres\" \/>\n<meta property=\"article:modified_time\" content=\"2020-11-30T07:38:22+00:00\" \/>\n<meta name=\"twitter:card\" content=\"summary_large_image\" \/>\n<meta name=\"twitter:site\" content=\"@lodeetwit\" \/>\n<meta name=\"twitter:label1\" content=\"Dur\u00e9e de lecture estim\u00e9e\" \/>\n\t<meta name=\"twitter:data1\" content=\"1 minute\" \/>\n<script type=\"application\/ld+json\" class=\"yoast-schema-graph\">{\"@context\":\"https:\/\/schema.org\",\"@graph\":[{\"@type\":\"WebPage\",\"@id\":\"https:\/\/www.elodie-et-antoine.fr\/ra\/?page_id=2934\",\"url\":\"https:\/\/www.elodie-et-antoine.fr\/ra\/?page_id=2934\",\"name\":\"Challenge A \u00e0 Z 2020 - Rencontre avec mes anc\u00eatres\",\"isPartOf\":{\"@id\":\"https:\/\/www.elodie-et-antoine.fr\/ra\/#website\"},\"datePublished\":\"2020-11-06T19:56:16+00:00\",\"dateModified\":\"2020-11-30T07:38:22+00:00\",\"breadcrumb\":{\"@id\":\"https:\/\/www.elodie-et-antoine.fr\/ra\/?page_id=2934#breadcrumb\"},\"inLanguage\":\"fr-FR\",\"potentialAction\":[{\"@type\":\"ReadAction\",\"target\":[\"https:\/\/www.elodie-et-antoine.fr\/ra\/?page_id=2934\"]}]},{\"@type\":\"BreadcrumbList\",\"@id\":\"https:\/\/www.elodie-et-antoine.fr\/ra\/?page_id=2934#breadcrumb\",\"itemListElement\":[{\"@type\":\"ListItem\",\"position\":1,\"name\":\"Accueil\",\"item\":\"https:\/\/www.elodie-et-antoine.fr\/ra\"},{\"@type\":\"ListItem\",\"position\":2,\"name\":\"Challenge A \u00e0 Z 2020\"}]},{\"@type\":\"WebSite\",\"@id\":\"https:\/\/www.elodie-et-antoine.fr\/ra\/#website\",\"url\":\"https:\/\/www.elodie-et-antoine.fr\/ra\/\",\"name\":\"Rencontre avec mes anc\u00eatres\",\"description\":\"Rencontre avec mes anc\u00eatres\",\"publisher\":{\"@id\":\"https:\/\/www.elodie-et-antoine.fr\/ra\/#organization\"},\"potentialAction\":[{\"@type\":\"SearchAction\",\"target\":{\"@type\":\"EntryPoint\",\"urlTemplate\":\"https:\/\/www.elodie-et-antoine.fr\/ra\/?s={search_term_string}\"},\"query-input\":{\"@type\":\"PropertyValueSpecification\",\"valueRequired\":true,\"valueName\":\"search_term_string\"}}],\"inLanguage\":\"fr-FR\"},{\"@type\":\"Organization\",\"@id\":\"https:\/\/www.elodie-et-antoine.fr\/ra\/#organization\",\"name\":\"Rencontre avec mes anc\u00eatres\",\"url\":\"https:\/\/www.elodie-et-antoine.fr\/ra\/\",\"logo\":{\"@type\":\"ImageObject\",\"inLanguage\":\"fr-FR\",\"@id\":\"https:\/\/www.elodie-et-antoine.fr\/ra\/#\/schema\/logo\/image\/\",\"url\":\"https:\/\/www.elodie-et-antoine.fr\/ra\/wp-content\/uploads\/2024\/02\/Logo-detoure.png\",\"contentUrl\":\"https:\/\/www.elodie-et-antoine.fr\/ra\/wp-content\/uploads\/2024\/02\/Logo-detoure.png\",\"width\":500,\"height\":500,\"caption\":\"Rencontre avec mes anc\u00eatres\"},\"image\":{\"@id\":\"https:\/\/www.elodie-et-antoine.fr\/ra\/#\/schema\/logo\/image\/\"},\"sameAs\":[\"https:\/\/www.facebook.com\/rencontreancetres\",\"https:\/\/x.com\/lodeetwit\"]}]}<\/script>\n<!-- \/ Yoast SEO plugin. -->","yoast_head_json":{"title":"Challenge A \u00e0 Z 2020 - Rencontre avec mes anc\u00eatres","robots":{"index":"index","follow":"follow","max-snippet":"max-snippet:-1","max-image-preview":"max-image-preview:large","max-video-preview":"max-video-preview:-1"},"canonical":"https:\/\/www.elodie-et-antoine.fr\/ra\/?page_id=2934","og_locale":"fr_FR","og_type":"article","og_title":"Challenge A \u00e0 Z 2020 - Rencontre avec mes anc\u00eatres","og_description":"A&#8230; A la rencontre de Jean et Rosalie BEAUNEZ B&#8230; BALLAND Catherine, premi\u00e8re femme de Jean C&#8230; C&rsquo;est au tour de Jeanne DUSSAULT d&rsquo;\u00e9pouser Jean D&#8230; Dernier mariage avec Marie CANDRET E&#8230; Elle laisse derri\u00e8re elle F&#8230; Fratrie G&#8230; Gaspard MILLARY, plus qu&rsquo;un oncle ? H&#8230; H\u00e9ritage I&#8230; Infanticide J&#8230; Jusqu&rsquo;\u00e0 Chalon-sur-Sa\u00f4ne K&#8230; Kilom\u00e8tres L&#8230; Le mariage fant\u00f4me de Rosalie BEAUNEZ M&#8230; Mariages de Rosalie BEAUNEZ N&#8230; Neurasth\u00e9nique O&#8230; O\u00f9 se situent les terres de Jean BEAUNEZ ? P&#8230; Paulin Q&#8230; Que cultivait Jean BEAUNEZ ? R&#8230; Rue Saint-Fulgent ? S&#8230; Silvain ARDOIN et les trois bougies T&#8230; Tutelles U&#8230; Un cycliste V&#8230; Visitons la maison de Jean BEAUNEZ W&#8230; Water X&#8230; X\u00e8me g\u00e9n\u00e9ration Y&#8230; CYprien, le grand fr\u00e8re Z&#8230; Zoom sur les recherches qu&rsquo;il me reste \u00e0 faire","og_url":"https:\/\/www.elodie-et-antoine.fr\/ra\/?page_id=2934","og_site_name":"Rencontre avec mes anc\u00eatres","article_publisher":"https:\/\/www.facebook.com\/rencontreancetres","article_modified_time":"2020-11-30T07:38:22+00:00","twitter_card":"summary_large_image","twitter_site":"@lodeetwit","twitter_misc":{"Dur\u00e9e de lecture estim\u00e9e":"1 minute"},"schema":{"@context":"https:\/\/schema.org","@graph":[{"@type":"WebPage","@id":"https:\/\/www.elodie-et-antoine.fr\/ra\/?page_id=2934","url":"https:\/\/www.elodie-et-antoine.fr\/ra\/?page_id=2934","name":"Challenge A \u00e0 Z 2020 - Rencontre avec mes anc\u00eatres","isPartOf":{"@id":"https:\/\/www.elodie-et-antoine.fr\/ra\/#website"},"datePublished":"2020-11-06T19:56:16+00:00","dateModified":"2020-11-30T07:38:22+00:00","breadcrumb":{"@id":"https:\/\/www.elodie-et-antoine.fr\/ra\/?page_id=2934#breadcrumb"},"inLanguage":"fr-FR","potentialAction":[{"@type":"ReadAction","target":["https:\/\/www.elodie-et-antoine.fr\/ra\/?page_id=2934"]}]},{"@type":"BreadcrumbList","@id":"https:\/\/www.elodie-et-antoine.fr\/ra\/?page_id=2934#breadcrumb","itemListElement":[{"@type":"ListItem","position":1,"name":"Accueil","item":"https:\/\/www.elodie-et-antoine.fr\/ra"},{"@type":"ListItem","position":2,"name":"Challenge A \u00e0 Z 2020"}]},{"@type":"WebSite","@id":"https:\/\/www.elodie-et-antoine.fr\/ra\/#website","url":"https:\/\/www.elodie-et-antoine.fr\/ra\/","name":"Rencontre avec mes anc\u00eatres","description":"Rencontre avec mes anc\u00eatres","publisher":{"@id":"https:\/\/www.elodie-et-antoine.fr\/ra\/#organization"},"potentialAction":[{"@type":"SearchAction","target":{"@type":"EntryPoint","urlTemplate":"https:\/\/www.elodie-et-antoine.fr\/ra\/?s={search_term_string}"},"query-input":{"@type":"PropertyValueSpecification","valueRequired":true,"valueName":"search_term_string"}}],"inLanguage":"fr-FR"},{"@type":"Organization","@id":"https:\/\/www.elodie-et-antoine.fr\/ra\/#organization","name":"Rencontre avec mes anc\u00eatres","url":"https:\/\/www.elodie-et-antoine.fr\/ra\/","logo":{"@type":"ImageObject","inLanguage":"fr-FR","@id":"https:\/\/www.elodie-et-antoine.fr\/ra\/#\/schema\/logo\/image\/","url":"https:\/\/www.elodie-et-antoine.fr\/ra\/wp-content\/uploads\/2024\/02\/Logo-detoure.png","contentUrl":"https:\/\/www.elodie-et-antoine.fr\/ra\/wp-content\/uploads\/2024\/02\/Logo-detoure.png","width":500,"height":500,"caption":"Rencontre avec mes anc\u00eatres"},"image":{"@id":"https:\/\/www.elodie-et-antoine.fr\/ra\/#\/schema\/logo\/image\/"},"sameAs":["https:\/\/www.facebook.com\/rencontreancetres","https:\/\/x.com\/lodeetwit"]}]}},"jetpack_sharing_enabled":true,"_links":{"self":[{"href":"https:\/\/www.elodie-et-antoine.fr\/ra\/index.php?rest_route=\/wp\/v2\/pages\/2934","targetHints":{"allow":["GET"]}}],"collection":[{"href":"https:\/\/www.elodie-et-antoine.fr\/ra\/index.php?rest_route=\/wp\/v2\/pages"}],"about":[{"href":"https:\/\/www.elodie-et-antoine.fr\/ra\/index.php?rest_route=\/wp\/v2\/types\/page"}],"author":[{"embeddable":true,"href":"https:\/\/www.elodie-et-antoine.fr\/ra\/index.php?rest_route=\/wp\/v2\/users\/1"}],"replies":[{"embeddable":true,"href":"https:\/\/www.elodie-et-antoine.fr\/ra\/index.php?rest_route=%2Fwp%2Fv2%2Fcomments&post=2934"}],"version-history":[{"count":13,"href":"https:\/\/www.elodie-et-antoine.fr\/ra\/index.php?rest_route=\/wp\/v2\/pages\/2934\/revisions"}],"predecessor-version":[{"id":3106,"href":"https:\/\/www.elodie-et-antoine.fr\/ra\/index.php?rest_route=\/wp\/v2\/pages\/2934\/revisions\/3106"}],"wp:attachment":[{"href":"https:\/\/www.elodie-et-antoine.fr\/ra\/index.php?rest_route=%2Fwp%2Fv2%2Fmedia&parent=2934"}],"curies":[{"name":"wp","href":"https:\/\/api.w.org\/{rel}","templated":true}]}}