{"id":2481,"date":"2019-11-02T11:23:22","date_gmt":"2019-11-02T10:23:22","guid":{"rendered":"http:\/\/www.elodie-et-antoine.fr\/ra\/?page_id=2481"},"modified":"2019-12-24T08:06:54","modified_gmt":"2019-12-24T07:06:54","slug":"challenge-a-a-z-2019","status":"publish","type":"page","link":"https:\/\/www.elodie-et-antoine.fr\/ra\/?page_id=2481","title":{"rendered":"Challenge A \u00e0 Z 2019"},"content":{"rendered":"<p><a href=\"https:\/\/www.elodie-et-antoine.fr\/ra\/?p=2248\">A&#8230; Anne FOUCHER et Jean DUPONT, tisserands \u00e0 la Borne<\/a><\/p>\n<p><a href=\"https:\/\/www.elodie-et-antoine.fr\/ra\/?p=2252\">B&#8230; BONTEMPS Fran\u00e7ois, man\u0153uvre aux Guenoux<\/a><\/p>\n<p><a href=\"https:\/\/www.elodie-et-antoine.fr\/ra\/?p=2255\">C&#8230; Co\u00efncidence<\/a><\/p>\n<p><a href=\"https:\/\/www.elodie-et-antoine.fr\/ra\/?p=2258\">D&#8230; DADU Marie et son second \u00e9poux buraliste<\/a><\/p>\n<p><a href=\"https:\/\/www.elodie-et-antoine.fr\/ra\/?p=2261\">E&#8230; \u00c9l\u00e8ve de l&rsquo;hospice de Bourges<\/a><\/p>\n<p><a href=\"https:\/\/www.elodie-et-antoine.fr\/ra\/?p=2264\">F&#8230; FROMION Jean, \u00e9poux de Justine GRESSIN<\/a><\/p>\n<p><a href=\"https:\/\/www.elodie-et-antoine.fr\/ra\/?p=2266\">G&#8230; GAUDRY Jean, laboureur aux marais<\/a><\/p>\n<p><a href=\"https:\/\/www.elodie-et-antoine.fr\/ra\/?p=2268\">H&#8230; Hommes<\/a><\/p>\n<p><a href=\"https:\/\/www.elodie-et-antoine.fr\/ra\/?p=2407\">I&#8230; Inconnu, dr\u00f4le de patronyme<\/a><\/p>\n<p><a href=\"https:\/\/www.elodie-et-antoine.fr\/ra\/?p=2315\">J&#8230; Jean \u00c9tienne LOISEAU<\/a><\/p>\n<p><a href=\"https:\/\/www.elodie-et-antoine.fr\/ra\/?p=2318\">K&#8230; Kyrielle d&rsquo;enfants et de domestiques<\/a><\/p>\n<p><a href=\"https:\/\/www.elodie-et-antoine.fr\/ra\/?p=2321\">L&#8230; La Croix Navers<\/a><\/p>\n<p><a href=\"https:\/\/www.elodie-et-antoine.fr\/ra\/?p=2323\">M&#8230; Mar\u00e9chal ferrant<\/a><\/p>\n<p><a href=\"https:\/\/www.elodie-et-antoine.fr\/ra\/?p=2326\">N&#8230; Nouveaux mari\u00e9s<\/a><\/p>\n<p><a href=\"https:\/\/www.elodie-et-antoine.fr\/ra\/?p=2330\">O&#8230; Onze personnes en plus de Th\u00e9r\u00e8se FOURNETTE<\/a><\/p>\n<p><a href=\"https:\/\/www.elodie-et-antoine.fr\/ra\/?p=2333\">P&#8230; Pierre Henri MIDROUILLET journalier \u00e0 Ivoy-le-Pr\u00e9<\/a><\/p>\n<p><a href=\"https:\/\/www.elodie-et-antoine.fr\/ra\/?p=2336\">Q&#8230; Qu&rsquo;est devenue Marie LAUGERAT ?<\/a><\/p>\n<p><a href=\"https:\/\/www.elodie-et-antoine.fr\/ra\/?p=2340\">R&#8230; Remariage<\/a><\/p>\n<p><a href=\"https:\/\/www.elodie-et-antoine.fr\/ra\/?p=2343\">S&#8230; Subligny<\/a><\/p>\n<p><a href=\"https:\/\/www.elodie-et-antoine.fr\/ra\/?p=2345\">T&#8230; Th\u00e9ophile Henri AUCHERE<\/a><\/p>\n<p><a href=\"https:\/\/www.elodie-et-antoine.fr\/ra\/?p=2566\">U&#8230; Un au revoir<\/a><\/p>\n<p><a href=\"https:\/\/www.elodie-et-antoine.fr\/ra\/?p=2349\">V&#8230; Vincent JACQUET<\/a><\/p>\n<p><a href=\"https:\/\/www.elodie-et-antoine.fr\/ra\/?p=2351\">W&#8230; Western<\/a><\/p>\n<p><a href=\"https:\/\/www.elodie-et-antoine.fr\/ra\/?p=2353\">X&#8230; Il manque<\/a><\/p>\n<p><a href=\"https:\/\/www.elodie-et-antoine.fr\/ra\/?p=2347\">Y&#8230; Y&rsquo;avait aussi<\/a><\/p>\n<p><a href=\"https:\/\/www.elodie-et-antoine.fr\/ra\/?p=2357\">Z&#8230; Zoom sur ce challenge 2019<\/a><\/p>\n","protected":false},"excerpt":{"rendered":"<p>A&#8230; Anne FOUCHER et Jean DUPONT, tisserands \u00e0 la Borne B&#8230; BONTEMPS Fran\u00e7ois, man\u0153uvre aux Guenoux C&#8230; Co\u00efncidence D&#8230; DADU Marie et son second \u00e9poux buraliste E&#8230; \u00c9l\u00e8ve de l&rsquo;hospice de Bourges F&#8230; FROMION Jean, \u00e9poux de Justine GRESSIN G&#8230; GAUDRY Jean, laboureur aux marais H&#8230; Hommes I&#8230; Inconnu, dr\u00f4le de patronyme J&#8230; Jean \u00c9tienne LOISEAU K&#8230; Kyrielle d&rsquo;enfants et de domestiques L&#8230; La Croix Navers M&#8230; Mar\u00e9chal ferrant N&#8230; Nouveaux mari\u00e9s O&#8230; Onze personnes en plus de Th\u00e9r\u00e8se FOURNETTE P&#8230; Pierre Henri MIDROUILLET journalier \u00e0 Ivoy-le-Pr\u00e9 Q&#8230; Qu&rsquo;est devenue Marie LAUGERAT ? R&#8230; Remariage S&#8230; Subligny T&#8230; Th\u00e9ophile Henri AUCHERE U&#8230; Un au revoir V&#8230; Vincent JACQUET W&#8230; Western X&#8230; Il manque Y&#8230; Y&rsquo;avait aussi Z&#8230; Zoom sur ce challenge 2019<\/p>\n","protected":false},"author":1,"featured_media":0,"parent":0,"menu_order":0,"comment_status":"closed","ping_status":"closed","template":"","meta":{"_exactmetrics_skip_tracking":false,"_exactmetrics_sitenote_active":false,"_exactmetrics_sitenote_note":"","_exactmetrics_sitenote_category":0,"jetpack_post_was_ever_published":false,"footnotes":""},"class_list":["post-2481","page","type-page","status-publish","hentry"],"yoast_head":"<!-- This site is optimized with the Yoast SEO plugin v27.0 - https:\/\/yoast.com\/product\/yoast-seo-wordpress\/ -->\n<title>Challenge A \u00e0 Z 2019 - Rencontre avec mes anc\u00eatres<\/title>\n<meta name=\"robots\" content=\"index, follow, max-snippet:-1, max-image-preview:large, max-video-preview:-1\" \/>\n<link rel=\"canonical\" href=\"https:\/\/www.elodie-et-antoine.fr\/ra\/?page_id=2481\" \/>\n<meta property=\"og:locale\" content=\"fr_FR\" \/>\n<meta property=\"og:type\" content=\"article\" \/>\n<meta property=\"og:title\" content=\"Challenge A \u00e0 Z 2019 - Rencontre avec mes anc\u00eatres\" \/>\n<meta property=\"og:description\" content=\"A&#8230; Anne FOUCHER et Jean DUPONT, tisserands \u00e0 la Borne B&#8230; BONTEMPS Fran\u00e7ois, man\u0153uvre aux Guenoux C&#8230; Co\u00efncidence D&#8230; DADU Marie et son second \u00e9poux buraliste E&#8230; \u00c9l\u00e8ve de l&rsquo;hospice de Bourges F&#8230; FROMION Jean, \u00e9poux de Justine GRESSIN G&#8230; GAUDRY Jean, laboureur aux marais H&#8230; Hommes I&#8230; Inconnu, dr\u00f4le de patronyme J&#8230; Jean \u00c9tienne LOISEAU K&#8230; Kyrielle d&rsquo;enfants et de domestiques L&#8230; La Croix Navers M&#8230; Mar\u00e9chal ferrant N&#8230; Nouveaux mari\u00e9s O&#8230; Onze personnes en plus de Th\u00e9r\u00e8se FOURNETTE P&#8230; Pierre Henri MIDROUILLET journalier \u00e0 Ivoy-le-Pr\u00e9 Q&#8230; Qu&rsquo;est devenue Marie LAUGERAT ? R&#8230; Remariage S&#8230; Subligny T&#8230; Th\u00e9ophile Henri AUCHERE U&#8230; Un au revoir V&#8230; Vincent JACQUET W&#8230; Western X&#8230; Il manque Y&#8230; Y&rsquo;avait aussi Z&#8230; Zoom sur ce challenge 2019\" \/>\n<meta property=\"og:url\" content=\"https:\/\/www.elodie-et-antoine.fr\/ra\/?page_id=2481\" \/>\n<meta property=\"og:site_name\" content=\"Rencontre avec mes anc\u00eatres\" \/>\n<meta property=\"article:publisher\" content=\"https:\/\/www.facebook.com\/rencontreancetres\" \/>\n<meta property=\"article:modified_time\" content=\"2019-12-24T07:06:54+00:00\" \/>\n<meta name=\"twitter:card\" content=\"summary_large_image\" \/>\n<meta name=\"twitter:site\" content=\"@lodeetwit\" \/>\n<meta name=\"twitter:label1\" content=\"Dur\u00e9e de lecture estim\u00e9e\" \/>\n\t<meta name=\"twitter:data1\" content=\"1 minute\" \/>\n<script type=\"application\/ld+json\" class=\"yoast-schema-graph\">{\"@context\":\"https:\/\/schema.org\",\"@graph\":[{\"@type\":\"WebPage\",\"@id\":\"https:\/\/www.elodie-et-antoine.fr\/ra\/?page_id=2481\",\"url\":\"https:\/\/www.elodie-et-antoine.fr\/ra\/?page_id=2481\",\"name\":\"Challenge A \u00e0 Z 2019 - Rencontre avec mes anc\u00eatres\",\"isPartOf\":{\"@id\":\"https:\/\/www.elodie-et-antoine.fr\/ra\/#website\"},\"datePublished\":\"2019-11-02T10:23:22+00:00\",\"dateModified\":\"2019-12-24T07:06:54+00:00\",\"breadcrumb\":{\"@id\":\"https:\/\/www.elodie-et-antoine.fr\/ra\/?page_id=2481#breadcrumb\"},\"inLanguage\":\"fr-FR\",\"potentialAction\":[{\"@type\":\"ReadAction\",\"target\":[\"https:\/\/www.elodie-et-antoine.fr\/ra\/?page_id=2481\"]}]},{\"@type\":\"BreadcrumbList\",\"@id\":\"https:\/\/www.elodie-et-antoine.fr\/ra\/?page_id=2481#breadcrumb\",\"itemListElement\":[{\"@type\":\"ListItem\",\"position\":1,\"name\":\"Accueil\",\"item\":\"https:\/\/www.elodie-et-antoine.fr\/ra\"},{\"@type\":\"ListItem\",\"position\":2,\"name\":\"Challenge A \u00e0 Z 2019\"}]},{\"@type\":\"WebSite\",\"@id\":\"https:\/\/www.elodie-et-antoine.fr\/ra\/#website\",\"url\":\"https:\/\/www.elodie-et-antoine.fr\/ra\/\",\"name\":\"Rencontre avec mes anc\u00eatres\",\"description\":\"Rencontre avec mes anc\u00eatres\",\"publisher\":{\"@id\":\"https:\/\/www.elodie-et-antoine.fr\/ra\/#organization\"},\"potentialAction\":[{\"@type\":\"SearchAction\",\"target\":{\"@type\":\"EntryPoint\",\"urlTemplate\":\"https:\/\/www.elodie-et-antoine.fr\/ra\/?s={search_term_string}\"},\"query-input\":{\"@type\":\"PropertyValueSpecification\",\"valueRequired\":true,\"valueName\":\"search_term_string\"}}],\"inLanguage\":\"fr-FR\"},{\"@type\":\"Organization\",\"@id\":\"https:\/\/www.elodie-et-antoine.fr\/ra\/#organization\",\"name\":\"Rencontre avec mes anc\u00eatres\",\"url\":\"https:\/\/www.elodie-et-antoine.fr\/ra\/\",\"logo\":{\"@type\":\"ImageObject\",\"inLanguage\":\"fr-FR\",\"@id\":\"https:\/\/www.elodie-et-antoine.fr\/ra\/#\/schema\/logo\/image\/\",\"url\":\"https:\/\/www.elodie-et-antoine.fr\/ra\/wp-content\/uploads\/2024\/02\/Logo-detoure.png\",\"contentUrl\":\"https:\/\/www.elodie-et-antoine.fr\/ra\/wp-content\/uploads\/2024\/02\/Logo-detoure.png\",\"width\":500,\"height\":500,\"caption\":\"Rencontre avec mes anc\u00eatres\"},\"image\":{\"@id\":\"https:\/\/www.elodie-et-antoine.fr\/ra\/#\/schema\/logo\/image\/\"},\"sameAs\":[\"https:\/\/www.facebook.com\/rencontreancetres\",\"https:\/\/x.com\/lodeetwit\"]}]}<\/script>\n<!-- \/ Yoast SEO plugin. -->","yoast_head_json":{"title":"Challenge A \u00e0 Z 2019 - Rencontre avec mes anc\u00eatres","robots":{"index":"index","follow":"follow","max-snippet":"max-snippet:-1","max-image-preview":"max-image-preview:large","max-video-preview":"max-video-preview:-1"},"canonical":"https:\/\/www.elodie-et-antoine.fr\/ra\/?page_id=2481","og_locale":"fr_FR","og_type":"article","og_title":"Challenge A \u00e0 Z 2019 - Rencontre avec mes anc\u00eatres","og_description":"A&#8230; Anne FOUCHER et Jean DUPONT, tisserands \u00e0 la Borne B&#8230; BONTEMPS Fran\u00e7ois, man\u0153uvre aux Guenoux C&#8230; Co\u00efncidence D&#8230; DADU Marie et son second \u00e9poux buraliste E&#8230; \u00c9l\u00e8ve de l&rsquo;hospice de Bourges F&#8230; FROMION Jean, \u00e9poux de Justine GRESSIN G&#8230; GAUDRY Jean, laboureur aux marais H&#8230; Hommes I&#8230; Inconnu, dr\u00f4le de patronyme J&#8230; Jean \u00c9tienne LOISEAU K&#8230; Kyrielle d&rsquo;enfants et de domestiques L&#8230; La Croix Navers M&#8230; Mar\u00e9chal ferrant N&#8230; Nouveaux mari\u00e9s O&#8230; Onze personnes en plus de Th\u00e9r\u00e8se FOURNETTE P&#8230; Pierre Henri MIDROUILLET journalier \u00e0 Ivoy-le-Pr\u00e9 Q&#8230; Qu&rsquo;est devenue Marie LAUGERAT ? R&#8230; Remariage S&#8230; Subligny T&#8230; Th\u00e9ophile Henri AUCHERE U&#8230; Un au revoir V&#8230; Vincent JACQUET W&#8230; Western X&#8230; Il manque Y&#8230; Y&rsquo;avait aussi Z&#8230; Zoom sur ce challenge 2019","og_url":"https:\/\/www.elodie-et-antoine.fr\/ra\/?page_id=2481","og_site_name":"Rencontre avec mes anc\u00eatres","article_publisher":"https:\/\/www.facebook.com\/rencontreancetres","article_modified_time":"2019-12-24T07:06:54+00:00","twitter_card":"summary_large_image","twitter_site":"@lodeetwit","twitter_misc":{"Dur\u00e9e de lecture estim\u00e9e":"1 minute"},"schema":{"@context":"https:\/\/schema.org","@graph":[{"@type":"WebPage","@id":"https:\/\/www.elodie-et-antoine.fr\/ra\/?page_id=2481","url":"https:\/\/www.elodie-et-antoine.fr\/ra\/?page_id=2481","name":"Challenge A \u00e0 Z 2019 - Rencontre avec mes anc\u00eatres","isPartOf":{"@id":"https:\/\/www.elodie-et-antoine.fr\/ra\/#website"},"datePublished":"2019-11-02T10:23:22+00:00","dateModified":"2019-12-24T07:06:54+00:00","breadcrumb":{"@id":"https:\/\/www.elodie-et-antoine.fr\/ra\/?page_id=2481#breadcrumb"},"inLanguage":"fr-FR","potentialAction":[{"@type":"ReadAction","target":["https:\/\/www.elodie-et-antoine.fr\/ra\/?page_id=2481"]}]},{"@type":"BreadcrumbList","@id":"https:\/\/www.elodie-et-antoine.fr\/ra\/?page_id=2481#breadcrumb","itemListElement":[{"@type":"ListItem","position":1,"name":"Accueil","item":"https:\/\/www.elodie-et-antoine.fr\/ra"},{"@type":"ListItem","position":2,"name":"Challenge A \u00e0 Z 2019"}]},{"@type":"WebSite","@id":"https:\/\/www.elodie-et-antoine.fr\/ra\/#website","url":"https:\/\/www.elodie-et-antoine.fr\/ra\/","name":"Rencontre avec mes anc\u00eatres","description":"Rencontre avec mes anc\u00eatres","publisher":{"@id":"https:\/\/www.elodie-et-antoine.fr\/ra\/#organization"},"potentialAction":[{"@type":"SearchAction","target":{"@type":"EntryPoint","urlTemplate":"https:\/\/www.elodie-et-antoine.fr\/ra\/?s={search_term_string}"},"query-input":{"@type":"PropertyValueSpecification","valueRequired":true,"valueName":"search_term_string"}}],"inLanguage":"fr-FR"},{"@type":"Organization","@id":"https:\/\/www.elodie-et-antoine.fr\/ra\/#organization","name":"Rencontre avec mes anc\u00eatres","url":"https:\/\/www.elodie-et-antoine.fr\/ra\/","logo":{"@type":"ImageObject","inLanguage":"fr-FR","@id":"https:\/\/www.elodie-et-antoine.fr\/ra\/#\/schema\/logo\/image\/","url":"https:\/\/www.elodie-et-antoine.fr\/ra\/wp-content\/uploads\/2024\/02\/Logo-detoure.png","contentUrl":"https:\/\/www.elodie-et-antoine.fr\/ra\/wp-content\/uploads\/2024\/02\/Logo-detoure.png","width":500,"height":500,"caption":"Rencontre avec mes anc\u00eatres"},"image":{"@id":"https:\/\/www.elodie-et-antoine.fr\/ra\/#\/schema\/logo\/image\/"},"sameAs":["https:\/\/www.facebook.com\/rencontreancetres","https:\/\/x.com\/lodeetwit"]}]}},"jetpack_sharing_enabled":true,"_links":{"self":[{"href":"https:\/\/www.elodie-et-antoine.fr\/ra\/index.php?rest_route=\/wp\/v2\/pages\/2481","targetHints":{"allow":["GET"]}}],"collection":[{"href":"https:\/\/www.elodie-et-antoine.fr\/ra\/index.php?rest_route=\/wp\/v2\/pages"}],"about":[{"href":"https:\/\/www.elodie-et-antoine.fr\/ra\/index.php?rest_route=\/wp\/v2\/types\/page"}],"author":[{"embeddable":true,"href":"https:\/\/www.elodie-et-antoine.fr\/ra\/index.php?rest_route=\/wp\/v2\/users\/1"}],"replies":[{"embeddable":true,"href":"https:\/\/www.elodie-et-antoine.fr\/ra\/index.php?rest_route=%2Fwp%2Fv2%2Fcomments&post=2481"}],"version-history":[{"count":5,"href":"https:\/\/www.elodie-et-antoine.fr\/ra\/index.php?rest_route=\/wp\/v2\/pages\/2481\/revisions"}],"predecessor-version":[{"id":2614,"href":"https:\/\/www.elodie-et-antoine.fr\/ra\/index.php?rest_route=\/wp\/v2\/pages\/2481\/revisions\/2614"}],"wp:attachment":[{"href":"https:\/\/www.elodie-et-antoine.fr\/ra\/index.php?rest_route=%2Fwp%2Fv2%2Fmedia&parent=2481"}],"curies":[{"name":"wp","href":"https:\/\/api.w.org\/{rel}","templated":true}]}}