{"id":2116,"date":"2018-12-05T10:09:08","date_gmt":"2018-12-05T09:09:08","guid":{"rendered":"http:\/\/www.elodie-et-antoine.fr\/ra\/?page_id=2116"},"modified":"2018-12-05T10:09:08","modified_gmt":"2018-12-05T09:09:08","slug":"challenge-a-a-z-2018","status":"publish","type":"page","link":"https:\/\/www.elodie-et-antoine.fr\/ra\/?page_id=2116","title":{"rendered":"Challenge A \u00e0 Z 2018"},"content":{"rendered":"<div class=\"entry-content\">\n<p>A comme \u2026 <a href=\"https:\/\/www.elodie-et-antoine.fr\/ra\/?p=1908\">Aux \u00c2nes vivaient Jean-Baptiste et sa premi\u00e8re femme<\/a><\/p>\n<p>B comme \u2026 <a href=\"https:\/\/www.elodie-et-antoine.fr\/ra\/?p=1910\">Berg\u00e8re avec son (futur) mari domestique<\/a><\/p>\n<p>C comme \u2026 <a href=\"https:\/\/www.elodie-et-antoine.fr\/ra\/?p=1912\">Cheffe de m\u00e9nage, seule avec 5 enfants<\/a><\/p>\n<p>D comme \u2026 <a href=\"https:\/\/www.elodie-et-antoine.fr\/ra\/?p=1914\">DEZAT Marguerite et son neveu Fran\u00e7ois<\/a><\/p>\n<p>E comme \u2026 <a href=\"https:\/\/www.elodie-et-antoine.fr\/ra\/?p=1917\">\u00c9tienne PORCHER, tisserand<\/a><\/p>\n<p>F comme \u2026 <a href=\"https:\/\/www.elodie-et-antoine.fr\/ra\/?p=1920\">For\u00eat<\/a><\/p>\n<p>G comme \u2026 <a href=\"https:\/\/www.elodie-et-antoine.fr\/ra\/?p=1922\">GUENEAU Jean, vigneron au hameau des Vignes<\/a><\/p>\n<p>H comme \u2026 <a href=\"https:\/\/www.elodie-et-antoine.fr\/ra\/?p=1926\">Hortense GUENEAU, domestique<\/a><\/p>\n<p>I comme &#8230; <a href=\"https:\/\/www.elodie-et-antoine.fr\/ra\/?p=1928\">Idiote<\/a><\/p>\n<p>J comme &#8230; <a href=\"https:\/\/www.elodie-et-antoine.fr\/ra\/?p=1966\">Joseph REVERDY<\/a><\/p>\n<p>K comme &#8230; <a href=\"https:\/\/www.elodie-et-antoine.fr\/ra\/?p=1968\">Kyrielle d&rsquo;enfants<\/a><\/p>\n<p>L comme &#8230; <a href=\"https:\/\/www.elodie-et-antoine.fr\/ra\/?p=1973\">LEGER Louis p\u00e8re et fils<\/a><\/p>\n<p>M comme &#8230; <a href=\"https:\/\/www.elodie-et-antoine.fr\/ra\/?p=1976\">MORIZET Marie et ses petites filles<\/a><\/p>\n<p>N comme &#8230; <a href=\"https:\/\/www.elodie-et-antoine.fr\/ra\/?p=1997\">NEVEU Marie<\/a><\/p>\n<p>O comme &#8230; <a href=\"https:\/\/www.elodie-et-antoine.fr\/ra\/?p=2000\">Orphelin<\/a><\/p>\n<p>P comme &#8230; <a href=\"https:\/\/www.elodie-et-antoine.fr\/ra\/?p=2002\">PONTOIS Rosalie, son mari et sa fille<\/a><\/p>\n<p>Q comme &#8230; <a href=\"https:\/\/www.elodie-et-antoine.fr\/ra\/?p=2007\">Quarante-deux, quarante-trois<\/a><\/p>\n<p>R comme &#8230; <a href=\"https:\/\/www.elodie-et-antoine.fr\/ra\/?p=2010\">Rosalie BEAUNEZ<\/a><\/p>\n<p>S comme &#8230; <a href=\"https:\/\/www.elodie-et-antoine.fr\/ra\/?p=2013\">Seule et indigente<\/a><\/p>\n<p>T comme &#8230; <a href=\"https:\/\/www.elodie-et-antoine.fr\/ra\/?p=2016\">Treize ans et d\u00e9j\u00e0 domestique<\/a><\/p>\n<p>U comme &#8230; <a href=\"https:\/\/www.elodie-et-antoine.fr\/ra\/?p=2079\">Un charron<\/a><\/p>\n<p>V comme &#8230; <a href=\"https:\/\/www.elodie-et-antoine.fr\/ra\/?p=2083\">Vignerons<\/a><\/p>\n<p>W comme &#8230; <a href=\"https:\/\/www.elodie-et-antoine.fr\/ra\/?p=2087\">Western<\/a><\/p>\n<p>X comme &#8230; <a href=\"https:\/\/www.elodie-et-antoine.fr\/ra\/?p=2090\">X, non trouv\u00e9<\/a><\/p>\n<p>Y comme &#8230; <a href=\"https:\/\/www.elodie-et-antoine.fr\/ra\/?p=2094\">Y&rsquo;a encore un couple<\/a><\/p>\n<p>Z comme &#8230; <a href=\"https:\/\/www.elodie-et-antoine.fr\/ra\/?p=2096\">Zoom sur mes d\u00e9couvertes dans les recensements de 1872<\/a><\/p>\n<\/div>\n","protected":false},"excerpt":{"rendered":"<p>A comme \u2026 Aux \u00c2nes vivaient Jean-Baptiste et sa premi\u00e8re femme B comme \u2026 Berg\u00e8re avec son (futur) mari domestique C comme \u2026 Cheffe de m\u00e9nage, seule avec 5 enfants D comme \u2026 DEZAT Marguerite et son neveu Fran\u00e7ois E comme \u2026 \u00c9tienne PORCHER, tisserand F comme \u2026 For\u00eat G comme \u2026 GUENEAU Jean, vigneron au hameau des Vignes H comme \u2026 Hortense GUENEAU, domestique I comme &#8230; Idiote J comme &#8230; Joseph REVERDY K comme &#8230; Kyrielle d&rsquo;enfants L comme &#8230; LEGER Louis p\u00e8re et fils M comme &#8230; MORIZET Marie et ses petites filles N comme &#8230; NEVEU Marie O comme &#8230; Orphelin P comme &#8230; PONTOIS Rosalie, son mari et sa fille Q comme &#8230; Quarante-deux, quarante-trois R comme &#8230; Rosalie BEAUNEZ S comme &#8230; Seule et indigente T comme &#8230; Treize ans et d\u00e9j\u00e0 domestique U comme &#8230; Un charron V comme &#8230; Vignerons W comme &#8230; Western X comme &#8230; X, non trouv\u00e9 Y comme &#8230; Y&rsquo;a encore un couple Z comme &#8230; Zoom sur mes d\u00e9couvertes dans les recensements de 1872<\/p>\n","protected":false},"author":1,"featured_media":0,"parent":813,"menu_order":0,"comment_status":"closed","ping_status":"closed","template":"","meta":{"_exactmetrics_skip_tracking":false,"_exactmetrics_sitenote_active":false,"_exactmetrics_sitenote_note":"","_exactmetrics_sitenote_category":0,"jetpack_post_was_ever_published":false,"footnotes":""},"class_list":["post-2116","page","type-page","status-publish","hentry"],"yoast_head":"<!-- This site is optimized with the Yoast SEO plugin v27.0 - https:\/\/yoast.com\/product\/yoast-seo-wordpress\/ -->\n<title>Challenge A \u00e0 Z 2018 - Rencontre avec mes anc\u00eatres<\/title>\n<meta name=\"robots\" content=\"index, follow, max-snippet:-1, max-image-preview:large, max-video-preview:-1\" \/>\n<link rel=\"canonical\" href=\"https:\/\/www.elodie-et-antoine.fr\/ra\/?page_id=2116\" \/>\n<meta property=\"og:locale\" content=\"fr_FR\" \/>\n<meta property=\"og:type\" content=\"article\" \/>\n<meta property=\"og:title\" content=\"Challenge A \u00e0 Z 2018 - Rencontre avec mes anc\u00eatres\" \/>\n<meta property=\"og:description\" content=\"A comme \u2026 Aux \u00c2nes vivaient Jean-Baptiste et sa premi\u00e8re femme B comme \u2026 Berg\u00e8re avec son (futur) mari domestique C comme \u2026 Cheffe de m\u00e9nage, seule avec 5 enfants D comme \u2026 DEZAT Marguerite et son neveu Fran\u00e7ois E comme \u2026 \u00c9tienne PORCHER, tisserand F comme \u2026 For\u00eat G comme \u2026 GUENEAU Jean, vigneron au hameau des Vignes H comme \u2026 Hortense GUENEAU, domestique I comme &#8230; Idiote J comme &#8230; Joseph REVERDY K comme &#8230; Kyrielle d&rsquo;enfants L comme &#8230; LEGER Louis p\u00e8re et fils M comme &#8230; MORIZET Marie et ses petites filles N comme &#8230; NEVEU Marie O comme &#8230; Orphelin P comme &#8230; PONTOIS Rosalie, son mari et sa fille Q comme &#8230; Quarante-deux, quarante-trois R comme &#8230; Rosalie BEAUNEZ S comme &#8230; Seule et indigente T comme &#8230; Treize ans et d\u00e9j\u00e0 domestique U comme &#8230; Un charron V comme &#8230; Vignerons W comme &#8230; Western X comme &#8230; X, non trouv\u00e9 Y comme &#8230; Y&rsquo;a encore un couple Z comme &#8230; Zoom sur mes d\u00e9couvertes dans les recensements de 1872\" \/>\n<meta property=\"og:url\" content=\"https:\/\/www.elodie-et-antoine.fr\/ra\/?page_id=2116\" \/>\n<meta property=\"og:site_name\" content=\"Rencontre avec mes anc\u00eatres\" \/>\n<meta property=\"article:publisher\" content=\"https:\/\/www.facebook.com\/rencontreancetres\" \/>\n<meta name=\"twitter:card\" content=\"summary_large_image\" \/>\n<meta name=\"twitter:site\" content=\"@lodeetwit\" \/>\n<meta name=\"twitter:label1\" content=\"Dur\u00e9e de lecture estim\u00e9e\" \/>\n\t<meta name=\"twitter:data1\" content=\"1 minute\" \/>\n<script type=\"application\/ld+json\" class=\"yoast-schema-graph\">{\"@context\":\"https:\/\/schema.org\",\"@graph\":[{\"@type\":\"WebPage\",\"@id\":\"https:\/\/www.elodie-et-antoine.fr\/ra\/?page_id=2116\",\"url\":\"https:\/\/www.elodie-et-antoine.fr\/ra\/?page_id=2116\",\"name\":\"Challenge A \u00e0 Z 2018 - Rencontre avec mes anc\u00eatres\",\"isPartOf\":{\"@id\":\"https:\/\/www.elodie-et-antoine.fr\/ra\/#website\"},\"datePublished\":\"2018-12-05T09:09:08+00:00\",\"breadcrumb\":{\"@id\":\"https:\/\/www.elodie-et-antoine.fr\/ra\/?page_id=2116#breadcrumb\"},\"inLanguage\":\"fr-FR\",\"potentialAction\":[{\"@type\":\"ReadAction\",\"target\":[\"https:\/\/www.elodie-et-antoine.fr\/ra\/?page_id=2116\"]}]},{\"@type\":\"BreadcrumbList\",\"@id\":\"https:\/\/www.elodie-et-antoine.fr\/ra\/?page_id=2116#breadcrumb\",\"itemListElement\":[{\"@type\":\"ListItem\",\"position\":1,\"name\":\"Accueil\",\"item\":\"https:\/\/www.elodie-et-antoine.fr\/ra\"},{\"@type\":\"ListItem\",\"position\":2,\"name\":\"Challenge A \u00e0 Z\",\"item\":\"https:\/\/www.elodie-et-antoine.fr\/ra\/?page_id=813\"},{\"@type\":\"ListItem\",\"position\":3,\"name\":\"Challenge A \u00e0 Z 2018\"}]},{\"@type\":\"WebSite\",\"@id\":\"https:\/\/www.elodie-et-antoine.fr\/ra\/#website\",\"url\":\"https:\/\/www.elodie-et-antoine.fr\/ra\/\",\"name\":\"Rencontre avec mes anc\u00eatres\",\"description\":\"Rencontre avec mes anc\u00eatres\",\"publisher\":{\"@id\":\"https:\/\/www.elodie-et-antoine.fr\/ra\/#organization\"},\"potentialAction\":[{\"@type\":\"SearchAction\",\"target\":{\"@type\":\"EntryPoint\",\"urlTemplate\":\"https:\/\/www.elodie-et-antoine.fr\/ra\/?s={search_term_string}\"},\"query-input\":{\"@type\":\"PropertyValueSpecification\",\"valueRequired\":true,\"valueName\":\"search_term_string\"}}],\"inLanguage\":\"fr-FR\"},{\"@type\":\"Organization\",\"@id\":\"https:\/\/www.elodie-et-antoine.fr\/ra\/#organization\",\"name\":\"Rencontre avec mes anc\u00eatres\",\"url\":\"https:\/\/www.elodie-et-antoine.fr\/ra\/\",\"logo\":{\"@type\":\"ImageObject\",\"inLanguage\":\"fr-FR\",\"@id\":\"https:\/\/www.elodie-et-antoine.fr\/ra\/#\/schema\/logo\/image\/\",\"url\":\"https:\/\/www.elodie-et-antoine.fr\/ra\/wp-content\/uploads\/2024\/02\/Logo-detoure.png\",\"contentUrl\":\"https:\/\/www.elodie-et-antoine.fr\/ra\/wp-content\/uploads\/2024\/02\/Logo-detoure.png\",\"width\":500,\"height\":500,\"caption\":\"Rencontre avec mes anc\u00eatres\"},\"image\":{\"@id\":\"https:\/\/www.elodie-et-antoine.fr\/ra\/#\/schema\/logo\/image\/\"},\"sameAs\":[\"https:\/\/www.facebook.com\/rencontreancetres\",\"https:\/\/x.com\/lodeetwit\"]}]}<\/script>\n<!-- \/ Yoast SEO plugin. -->","yoast_head_json":{"title":"Challenge A \u00e0 Z 2018 - Rencontre avec mes anc\u00eatres","robots":{"index":"index","follow":"follow","max-snippet":"max-snippet:-1","max-image-preview":"max-image-preview:large","max-video-preview":"max-video-preview:-1"},"canonical":"https:\/\/www.elodie-et-antoine.fr\/ra\/?page_id=2116","og_locale":"fr_FR","og_type":"article","og_title":"Challenge A \u00e0 Z 2018 - Rencontre avec mes anc\u00eatres","og_description":"A comme \u2026 Aux \u00c2nes vivaient Jean-Baptiste et sa premi\u00e8re femme B comme \u2026 Berg\u00e8re avec son (futur) mari domestique C comme \u2026 Cheffe de m\u00e9nage, seule avec 5 enfants D comme \u2026 DEZAT Marguerite et son neveu Fran\u00e7ois E comme \u2026 \u00c9tienne PORCHER, tisserand F comme \u2026 For\u00eat G comme \u2026 GUENEAU Jean, vigneron au hameau des Vignes H comme \u2026 Hortense GUENEAU, domestique I comme &#8230; Idiote J comme &#8230; Joseph REVERDY K comme &#8230; Kyrielle d&rsquo;enfants L comme &#8230; LEGER Louis p\u00e8re et fils M comme &#8230; MORIZET Marie et ses petites filles N comme &#8230; NEVEU Marie O comme &#8230; Orphelin P comme &#8230; PONTOIS Rosalie, son mari et sa fille Q comme &#8230; Quarante-deux, quarante-trois R comme &#8230; Rosalie BEAUNEZ S comme &#8230; Seule et indigente T comme &#8230; Treize ans et d\u00e9j\u00e0 domestique U comme &#8230; Un charron V comme &#8230; Vignerons W comme &#8230; Western X comme &#8230; X, non trouv\u00e9 Y comme &#8230; Y&rsquo;a encore un couple Z comme &#8230; Zoom sur mes d\u00e9couvertes dans les recensements de 1872","og_url":"https:\/\/www.elodie-et-antoine.fr\/ra\/?page_id=2116","og_site_name":"Rencontre avec mes anc\u00eatres","article_publisher":"https:\/\/www.facebook.com\/rencontreancetres","twitter_card":"summary_large_image","twitter_site":"@lodeetwit","twitter_misc":{"Dur\u00e9e de lecture estim\u00e9e":"1 minute"},"schema":{"@context":"https:\/\/schema.org","@graph":[{"@type":"WebPage","@id":"https:\/\/www.elodie-et-antoine.fr\/ra\/?page_id=2116","url":"https:\/\/www.elodie-et-antoine.fr\/ra\/?page_id=2116","name":"Challenge A \u00e0 Z 2018 - Rencontre avec mes anc\u00eatres","isPartOf":{"@id":"https:\/\/www.elodie-et-antoine.fr\/ra\/#website"},"datePublished":"2018-12-05T09:09:08+00:00","breadcrumb":{"@id":"https:\/\/www.elodie-et-antoine.fr\/ra\/?page_id=2116#breadcrumb"},"inLanguage":"fr-FR","potentialAction":[{"@type":"ReadAction","target":["https:\/\/www.elodie-et-antoine.fr\/ra\/?page_id=2116"]}]},{"@type":"BreadcrumbList","@id":"https:\/\/www.elodie-et-antoine.fr\/ra\/?page_id=2116#breadcrumb","itemListElement":[{"@type":"ListItem","position":1,"name":"Accueil","item":"https:\/\/www.elodie-et-antoine.fr\/ra"},{"@type":"ListItem","position":2,"name":"Challenge A \u00e0 Z","item":"https:\/\/www.elodie-et-antoine.fr\/ra\/?page_id=813"},{"@type":"ListItem","position":3,"name":"Challenge A \u00e0 Z 2018"}]},{"@type":"WebSite","@id":"https:\/\/www.elodie-et-antoine.fr\/ra\/#website","url":"https:\/\/www.elodie-et-antoine.fr\/ra\/","name":"Rencontre avec mes anc\u00eatres","description":"Rencontre avec mes anc\u00eatres","publisher":{"@id":"https:\/\/www.elodie-et-antoine.fr\/ra\/#organization"},"potentialAction":[{"@type":"SearchAction","target":{"@type":"EntryPoint","urlTemplate":"https:\/\/www.elodie-et-antoine.fr\/ra\/?s={search_term_string}"},"query-input":{"@type":"PropertyValueSpecification","valueRequired":true,"valueName":"search_term_string"}}],"inLanguage":"fr-FR"},{"@type":"Organization","@id":"https:\/\/www.elodie-et-antoine.fr\/ra\/#organization","name":"Rencontre avec mes anc\u00eatres","url":"https:\/\/www.elodie-et-antoine.fr\/ra\/","logo":{"@type":"ImageObject","inLanguage":"fr-FR","@id":"https:\/\/www.elodie-et-antoine.fr\/ra\/#\/schema\/logo\/image\/","url":"https:\/\/www.elodie-et-antoine.fr\/ra\/wp-content\/uploads\/2024\/02\/Logo-detoure.png","contentUrl":"https:\/\/www.elodie-et-antoine.fr\/ra\/wp-content\/uploads\/2024\/02\/Logo-detoure.png","width":500,"height":500,"caption":"Rencontre avec mes anc\u00eatres"},"image":{"@id":"https:\/\/www.elodie-et-antoine.fr\/ra\/#\/schema\/logo\/image\/"},"sameAs":["https:\/\/www.facebook.com\/rencontreancetres","https:\/\/x.com\/lodeetwit"]}]}},"jetpack_sharing_enabled":true,"_links":{"self":[{"href":"https:\/\/www.elodie-et-antoine.fr\/ra\/index.php?rest_route=\/wp\/v2\/pages\/2116","targetHints":{"allow":["GET"]}}],"collection":[{"href":"https:\/\/www.elodie-et-antoine.fr\/ra\/index.php?rest_route=\/wp\/v2\/pages"}],"about":[{"href":"https:\/\/www.elodie-et-antoine.fr\/ra\/index.php?rest_route=\/wp\/v2\/types\/page"}],"author":[{"embeddable":true,"href":"https:\/\/www.elodie-et-antoine.fr\/ra\/index.php?rest_route=\/wp\/v2\/users\/1"}],"replies":[{"embeddable":true,"href":"https:\/\/www.elodie-et-antoine.fr\/ra\/index.php?rest_route=%2Fwp%2Fv2%2Fcomments&post=2116"}],"version-history":[{"count":1,"href":"https:\/\/www.elodie-et-antoine.fr\/ra\/index.php?rest_route=\/wp\/v2\/pages\/2116\/revisions"}],"predecessor-version":[{"id":2117,"href":"https:\/\/www.elodie-et-antoine.fr\/ra\/index.php?rest_route=\/wp\/v2\/pages\/2116\/revisions\/2117"}],"up":[{"embeddable":true,"href":"https:\/\/www.elodie-et-antoine.fr\/ra\/index.php?rest_route=\/wp\/v2\/pages\/813"}],"wp:attachment":[{"href":"https:\/\/www.elodie-et-antoine.fr\/ra\/index.php?rest_route=%2Fwp%2Fv2%2Fmedia&parent=2116"}],"curies":[{"name":"wp","href":"https:\/\/api.w.org\/{rel}","templated":true}]}}