{"id":143,"date":"2013-10-14T09:28:12","date_gmt":"2013-10-14T08:28:12","guid":{"rendered":"http:\/\/www.elodie-et-antoine.fr\/ra\/?page_id=143"},"modified":"2015-01-11T09:52:59","modified_gmt":"2015-01-11T08:52:59","slug":"presentation","status":"publish","type":"page","link":"https:\/\/www.elodie-et-antoine.fr\/ra\/?page_id=143","title":{"rendered":"Pr\u00e9sentation"},"content":{"rendered":"<p>Ce blog a pour but de pr\u00e9senter mes recherches g\u00e9n\u00e9alogiques et ce qui touche ma r\u00e9gion d&rsquo;origine : le Haut Berry.<\/p>\n<p>J&rsquo;ai d\u00e9but\u00e9 ma g\u00e9n\u00e9alogie en 2009, en repartant d&rsquo;une branche commune que m&rsquo;a montr\u00e9 un lointain cousin. Je l&rsquo;ai ensuite \u00e9toff\u00e9e notamment avec ma branche maternelle dont je ne connaissais rien \u00e0 l&rsquo;\u00e9poque.\u00a0 Retrouvez ma pr\u00e9sentation sur le site de la <a href=\"http:\/\/lagazettedesancetres.blogspot.fr\/2014\/11\/portraits-de-geneablogueurs-rencontre.html\">Gazette des Anc\u00eatres<\/a>.<\/p>\n<p>Vous pouvez me suivre via mon compte <a href=\"https:\/\/twitter.com\/lodeetwit\">twitter<\/a> ou ma page <a href=\"https:\/\/www.facebook.com\/rencontreancetres\">facebook<\/a>.<\/p>\n<p>N&rsquo;h\u00e9sitez pas \u00e0 me laisser vos commentaires !<\/p>\n","protected":false},"excerpt":{"rendered":"<p>Ce blog a pour but de pr\u00e9senter mes recherches g\u00e9n\u00e9alogiques et ce qui touche ma r\u00e9gion d&rsquo;origine : le Haut Berry. J&rsquo;ai d\u00e9but\u00e9 ma g\u00e9n\u00e9alogie en 2009, en repartant d&rsquo;une branche commune que m&rsquo;a montr\u00e9 un lointain cousin. Je l&rsquo;ai ensuite \u00e9toff\u00e9e notamment avec ma branche maternelle dont je ne connaissais rien \u00e0 l&rsquo;\u00e9poque.\u00a0 Retrouvez ma pr\u00e9sentation sur le site de la Gazette des Anc\u00eatres. Vous pouvez me suivre via mon compte twitter ou ma page facebook. N&rsquo;h\u00e9sitez pas \u00e0 me laisser vos commentaires !<\/p>\n","protected":false},"author":1,"featured_media":0,"parent":0,"menu_order":0,"comment_status":"open","ping_status":"open","template":"","meta":{"_exactmetrics_skip_tracking":false,"_exactmetrics_sitenote_active":false,"_exactmetrics_sitenote_note":"","_exactmetrics_sitenote_category":0,"jetpack_post_was_ever_published":false,"footnotes":""},"class_list":["post-143","page","type-page","status-publish","hentry"],"yoast_head":"<!-- This site is optimized with the Yoast SEO plugin v27.0 - https:\/\/yoast.com\/product\/yoast-seo-wordpress\/ -->\n<title>Pr\u00e9sentation - Rencontre avec mes anc\u00eatres<\/title>\n<meta name=\"robots\" content=\"index, follow, max-snippet:-1, max-image-preview:large, max-video-preview:-1\" \/>\n<link rel=\"canonical\" href=\"https:\/\/www.elodie-et-antoine.fr\/ra\/?page_id=143\" \/>\n<meta property=\"og:locale\" content=\"fr_FR\" \/>\n<meta property=\"og:type\" content=\"article\" \/>\n<meta property=\"og:title\" content=\"Pr\u00e9sentation - Rencontre avec mes anc\u00eatres\" \/>\n<meta property=\"og:description\" content=\"Ce blog a pour but de pr\u00e9senter mes recherches g\u00e9n\u00e9alogiques et ce qui touche ma r\u00e9gion d&rsquo;origine : le Haut Berry. J&rsquo;ai d\u00e9but\u00e9 ma g\u00e9n\u00e9alogie en 2009, en repartant d&rsquo;une branche commune que m&rsquo;a montr\u00e9 un lointain cousin. Je l&rsquo;ai ensuite \u00e9toff\u00e9e notamment avec ma branche maternelle dont je ne connaissais rien \u00e0 l&rsquo;\u00e9poque.\u00a0 Retrouvez ma pr\u00e9sentation sur le site de la Gazette des Anc\u00eatres. Vous pouvez me suivre via mon compte twitter ou ma page facebook. N&rsquo;h\u00e9sitez pas \u00e0 me laisser vos commentaires !\" \/>\n<meta property=\"og:url\" content=\"https:\/\/www.elodie-et-antoine.fr\/ra\/?page_id=143\" \/>\n<meta property=\"og:site_name\" content=\"Rencontre avec mes anc\u00eatres\" \/>\n<meta property=\"article:publisher\" content=\"https:\/\/www.facebook.com\/rencontreancetres\" \/>\n<meta property=\"article:modified_time\" content=\"2015-01-11T08:52:59+00:00\" \/>\n<meta name=\"twitter:card\" content=\"summary_large_image\" \/>\n<meta name=\"twitter:site\" content=\"@lodeetwit\" \/>\n<script type=\"application\/ld+json\" class=\"yoast-schema-graph\">{\"@context\":\"https:\/\/schema.org\",\"@graph\":[{\"@type\":\"WebPage\",\"@id\":\"https:\/\/www.elodie-et-antoine.fr\/ra\/?page_id=143\",\"url\":\"https:\/\/www.elodie-et-antoine.fr\/ra\/?page_id=143\",\"name\":\"Pr\u00e9sentation - Rencontre avec mes anc\u00eatres\",\"isPartOf\":{\"@id\":\"https:\/\/www.elodie-et-antoine.fr\/ra\/#website\"},\"datePublished\":\"2013-10-14T08:28:12+00:00\",\"dateModified\":\"2015-01-11T08:52:59+00:00\",\"breadcrumb\":{\"@id\":\"https:\/\/www.elodie-et-antoine.fr\/ra\/?page_id=143#breadcrumb\"},\"inLanguage\":\"fr-FR\",\"potentialAction\":[{\"@type\":\"ReadAction\",\"target\":[\"https:\/\/www.elodie-et-antoine.fr\/ra\/?page_id=143\"]}]},{\"@type\":\"BreadcrumbList\",\"@id\":\"https:\/\/www.elodie-et-antoine.fr\/ra\/?page_id=143#breadcrumb\",\"itemListElement\":[{\"@type\":\"ListItem\",\"position\":1,\"name\":\"Accueil\",\"item\":\"https:\/\/www.elodie-et-antoine.fr\/ra\"},{\"@type\":\"ListItem\",\"position\":2,\"name\":\"Pr\u00e9sentation\"}]},{\"@type\":\"WebSite\",\"@id\":\"https:\/\/www.elodie-et-antoine.fr\/ra\/#website\",\"url\":\"https:\/\/www.elodie-et-antoine.fr\/ra\/\",\"name\":\"Rencontre avec mes anc\u00eatres\",\"description\":\"Rencontre avec mes anc\u00eatres\",\"publisher\":{\"@id\":\"https:\/\/www.elodie-et-antoine.fr\/ra\/#organization\"},\"potentialAction\":[{\"@type\":\"SearchAction\",\"target\":{\"@type\":\"EntryPoint\",\"urlTemplate\":\"https:\/\/www.elodie-et-antoine.fr\/ra\/?s={search_term_string}\"},\"query-input\":{\"@type\":\"PropertyValueSpecification\",\"valueRequired\":true,\"valueName\":\"search_term_string\"}}],\"inLanguage\":\"fr-FR\"},{\"@type\":\"Organization\",\"@id\":\"https:\/\/www.elodie-et-antoine.fr\/ra\/#organization\",\"name\":\"Rencontre avec mes anc\u00eatres\",\"url\":\"https:\/\/www.elodie-et-antoine.fr\/ra\/\",\"logo\":{\"@type\":\"ImageObject\",\"inLanguage\":\"fr-FR\",\"@id\":\"https:\/\/www.elodie-et-antoine.fr\/ra\/#\/schema\/logo\/image\/\",\"url\":\"https:\/\/www.elodie-et-antoine.fr\/ra\/wp-content\/uploads\/2024\/02\/Logo-detoure.png\",\"contentUrl\":\"https:\/\/www.elodie-et-antoine.fr\/ra\/wp-content\/uploads\/2024\/02\/Logo-detoure.png\",\"width\":500,\"height\":500,\"caption\":\"Rencontre avec mes anc\u00eatres\"},\"image\":{\"@id\":\"https:\/\/www.elodie-et-antoine.fr\/ra\/#\/schema\/logo\/image\/\"},\"sameAs\":[\"https:\/\/www.facebook.com\/rencontreancetres\",\"https:\/\/x.com\/lodeetwit\"]}]}<\/script>\n<!-- \/ Yoast SEO plugin. -->","yoast_head_json":{"title":"Pr\u00e9sentation - Rencontre avec mes anc\u00eatres","robots":{"index":"index","follow":"follow","max-snippet":"max-snippet:-1","max-image-preview":"max-image-preview:large","max-video-preview":"max-video-preview:-1"},"canonical":"https:\/\/www.elodie-et-antoine.fr\/ra\/?page_id=143","og_locale":"fr_FR","og_type":"article","og_title":"Pr\u00e9sentation - Rencontre avec mes anc\u00eatres","og_description":"Ce blog a pour but de pr\u00e9senter mes recherches g\u00e9n\u00e9alogiques et ce qui touche ma r\u00e9gion d&rsquo;origine : le Haut Berry. J&rsquo;ai d\u00e9but\u00e9 ma g\u00e9n\u00e9alogie en 2009, en repartant d&rsquo;une branche commune que m&rsquo;a montr\u00e9 un lointain cousin. Je l&rsquo;ai ensuite \u00e9toff\u00e9e notamment avec ma branche maternelle dont je ne connaissais rien \u00e0 l&rsquo;\u00e9poque.\u00a0 Retrouvez ma pr\u00e9sentation sur le site de la Gazette des Anc\u00eatres. Vous pouvez me suivre via mon compte twitter ou ma page facebook. N&rsquo;h\u00e9sitez pas \u00e0 me laisser vos commentaires !","og_url":"https:\/\/www.elodie-et-antoine.fr\/ra\/?page_id=143","og_site_name":"Rencontre avec mes anc\u00eatres","article_publisher":"https:\/\/www.facebook.com\/rencontreancetres","article_modified_time":"2015-01-11T08:52:59+00:00","twitter_card":"summary_large_image","twitter_site":"@lodeetwit","schema":{"@context":"https:\/\/schema.org","@graph":[{"@type":"WebPage","@id":"https:\/\/www.elodie-et-antoine.fr\/ra\/?page_id=143","url":"https:\/\/www.elodie-et-antoine.fr\/ra\/?page_id=143","name":"Pr\u00e9sentation - Rencontre avec mes anc\u00eatres","isPartOf":{"@id":"https:\/\/www.elodie-et-antoine.fr\/ra\/#website"},"datePublished":"2013-10-14T08:28:12+00:00","dateModified":"2015-01-11T08:52:59+00:00","breadcrumb":{"@id":"https:\/\/www.elodie-et-antoine.fr\/ra\/?page_id=143#breadcrumb"},"inLanguage":"fr-FR","potentialAction":[{"@type":"ReadAction","target":["https:\/\/www.elodie-et-antoine.fr\/ra\/?page_id=143"]}]},{"@type":"BreadcrumbList","@id":"https:\/\/www.elodie-et-antoine.fr\/ra\/?page_id=143#breadcrumb","itemListElement":[{"@type":"ListItem","position":1,"name":"Accueil","item":"https:\/\/www.elodie-et-antoine.fr\/ra"},{"@type":"ListItem","position":2,"name":"Pr\u00e9sentation"}]},{"@type":"WebSite","@id":"https:\/\/www.elodie-et-antoine.fr\/ra\/#website","url":"https:\/\/www.elodie-et-antoine.fr\/ra\/","name":"Rencontre avec mes anc\u00eatres","description":"Rencontre avec mes anc\u00eatres","publisher":{"@id":"https:\/\/www.elodie-et-antoine.fr\/ra\/#organization"},"potentialAction":[{"@type":"SearchAction","target":{"@type":"EntryPoint","urlTemplate":"https:\/\/www.elodie-et-antoine.fr\/ra\/?s={search_term_string}"},"query-input":{"@type":"PropertyValueSpecification","valueRequired":true,"valueName":"search_term_string"}}],"inLanguage":"fr-FR"},{"@type":"Organization","@id":"https:\/\/www.elodie-et-antoine.fr\/ra\/#organization","name":"Rencontre avec mes anc\u00eatres","url":"https:\/\/www.elodie-et-antoine.fr\/ra\/","logo":{"@type":"ImageObject","inLanguage":"fr-FR","@id":"https:\/\/www.elodie-et-antoine.fr\/ra\/#\/schema\/logo\/image\/","url":"https:\/\/www.elodie-et-antoine.fr\/ra\/wp-content\/uploads\/2024\/02\/Logo-detoure.png","contentUrl":"https:\/\/www.elodie-et-antoine.fr\/ra\/wp-content\/uploads\/2024\/02\/Logo-detoure.png","width":500,"height":500,"caption":"Rencontre avec mes anc\u00eatres"},"image":{"@id":"https:\/\/www.elodie-et-antoine.fr\/ra\/#\/schema\/logo\/image\/"},"sameAs":["https:\/\/www.facebook.com\/rencontreancetres","https:\/\/x.com\/lodeetwit"]}]}},"jetpack_sharing_enabled":true,"_links":{"self":[{"href":"https:\/\/www.elodie-et-antoine.fr\/ra\/index.php?rest_route=\/wp\/v2\/pages\/143","targetHints":{"allow":["GET"]}}],"collection":[{"href":"https:\/\/www.elodie-et-antoine.fr\/ra\/index.php?rest_route=\/wp\/v2\/pages"}],"about":[{"href":"https:\/\/www.elodie-et-antoine.fr\/ra\/index.php?rest_route=\/wp\/v2\/types\/page"}],"author":[{"embeddable":true,"href":"https:\/\/www.elodie-et-antoine.fr\/ra\/index.php?rest_route=\/wp\/v2\/users\/1"}],"replies":[{"embeddable":true,"href":"https:\/\/www.elodie-et-antoine.fr\/ra\/index.php?rest_route=%2Fwp%2Fv2%2Fcomments&post=143"}],"version-history":[{"count":5,"href":"https:\/\/www.elodie-et-antoine.fr\/ra\/index.php?rest_route=\/wp\/v2\/pages\/143\/revisions"}],"predecessor-version":[{"id":1081,"href":"https:\/\/www.elodie-et-antoine.fr\/ra\/index.php?rest_route=\/wp\/v2\/pages\/143\/revisions\/1081"}],"wp:attachment":[{"href":"https:\/\/www.elodie-et-antoine.fr\/ra\/index.php?rest_route=%2Fwp%2Fv2%2Fmedia&parent=143"}],"curies":[{"name":"wp","href":"https:\/\/api.w.org\/{rel}","templated":true}]}}