{"id":1358,"date":"2015-07-29T07:57:39","date_gmt":"2015-07-29T06:57:39","guid":{"rendered":"http:\/\/www.elodie-et-antoine.fr\/ra\/?page_id=1358"},"modified":"2018-12-09T09:09:47","modified_gmt":"2018-12-09T08:09:47","slug":"challenge-a-a-z-2015","status":"publish","type":"page","link":"https:\/\/www.elodie-et-antoine.fr\/ra\/?page_id=1358","title":{"rendered":"Challenge A \u00e0 Z 2015"},"content":{"rendered":"<p>A comme &#8230; <a href=\"https:\/\/www.elodie-et-antoine.fr\/ra\/?p=1146\">Au commencement<\/a><\/p>\n<p>B comme &#8230; <a href=\"https:\/\/www.elodie-et-antoine.fr\/ra\/?p=1153\">Berceau<\/a><\/p>\n<p>C comme &#8230; <a href=\"https:\/\/www.elodie-et-antoine.fr\/ra\/?p=1156\">Cultivateurs, gens de la terre<\/a><\/p>\n<p>D comme &#8230; <a href=\"https:\/\/www.elodie-et-antoine.fr\/ra\/?p=1228\">Dans chaque arbre, un roi et un pendu<\/a><\/p>\n<p>E comme &#8230; <a href=\"https:\/\/www.elodie-et-antoine.fr\/ra\/?p=1160\">\u00catre une femme<\/a><\/p>\n<p>F comme &#8230; <a href=\"https:\/\/www.elodie-et-antoine.fr\/ra\/?p=1163\">For\u00eat<\/a><\/p>\n<p>G comme &#8230; <a href=\"https:\/\/www.elodie-et-antoine.fr\/ra\/?p=1249\">premi\u00e8re Guerre mondiale<\/a><\/p>\n<p>H comme &#8230; <a href=\"https:\/\/www.elodie-et-antoine.fr\/ra\/?p=1166\">Habiles de leurs mains<\/a><\/p>\n<p>I comme &#8230; <a href=\"https:\/\/www.elodie-et-antoine.fr\/ra\/?p=1261\">Ils v\u00e9curent peut-\u00eatre heureux et eurent beaucoup d&rsquo;enfants<\/a><\/p>\n<p>J comme &#8230; <a href=\"https:\/\/www.elodie-et-antoine.fr\/ra\/?p=1267\">Jusqu&rsquo;o\u00f9 es-tu remont\u00e9e ?<\/a><\/p>\n<p>K comme &#8230; <a href=\"https:\/\/www.elodie-et-antoine.fr\/ra\/?p=1276\">Kilooctet<\/a><\/p>\n<p>L comme &#8230; <a href=\"https:\/\/www.elodie-et-antoine.fr\/ra\/?p=1284\">Loire<\/a><\/p>\n<p>M comme &#8230; <a href=\"https:\/\/www.elodie-et-antoine.fr\/ra\/?p=1169\">Meunier<\/a><\/p>\n<p>N comme &#8230; <a href=\"https:\/\/www.elodie-et-antoine.fr\/ra\/?p=1297\">N\u00e9 de p\u00e8re inconnu<\/a><\/p>\n<p>O comme &#8230; <a href=\"https:\/\/www.elodie-et-antoine.fr\/ra\/?p=1305\">Origine des Dezat<\/a><\/p>\n<p>P comme &#8230; <a href=\"https:\/\/www.elodie-et-antoine.fr\/ra\/?p=1312\">Protestants<\/a><\/p>\n<p>Q comme &#8230; <a href=\"https:\/\/www.elodie-et-antoine.fr\/ra\/?p=1320\">Quel anc\u00eatre a &#8230; ?<\/a><\/p>\n<p>R comme &#8230; <a href=\"https:\/\/www.elodie-et-antoine.fr\/ra\/?p=1336\">R\u00e9volutionnaire<\/a><\/p>\n<p>S comme &#8230; <a href=\"https:\/\/www.elodie-et-antoine.fr\/ra\/?p=1186\">Sorci\u00e8res, birettes et autres croyances<\/a><\/p>\n<p>T comme &#8230; <a href=\"https:\/\/www.elodie-et-antoine.fr\/ra\/?p=1349\">Tu vis dans le pass\u00e9<\/a><\/p>\n<p>U comme &#8230; <a href=\"https:\/\/www.elodie-et-antoine.fr\/ra\/?p=1361\">Un long voyage<\/a><\/p>\n<p>V comme &#8230; <a href=\"https:\/\/www.elodie-et-antoine.fr\/ra\/?p=1172\">Vigneron<\/a><\/p>\n<p>W comme &#8230; <a href=\"https:\/\/www.elodie-et-antoine.fr\/ra\/?p=1376\">What you should know about my family tree<\/a><\/p>\n<p>X comme &#8230; <a href=\"https:\/\/www.elodie-et-antoine.fr\/ra\/?p=1390\">Ne sait pas signer ?<\/a><\/p>\n<p>Y comme &#8230; <a href=\"https:\/\/www.elodie-et-antoine.fr\/ra\/?p=1395\">Y&rsquo;a-t-il une fin aux recherches ?<\/a><\/p>\n<p>Z comme &#8230; <a href=\"https:\/\/www.elodie-et-antoine.fr\/ra\/?p=1404\">Zoom sur le Challenge 2015<\/a><\/p>\n","protected":false},"excerpt":{"rendered":"<p>A comme &#8230; Au commencement B comme &#8230; Berceau C comme &#8230; Cultivateurs, gens de la terre D comme &#8230; Dans chaque arbre, un roi et un pendu E comme &#8230; \u00catre une femme F comme &#8230; For\u00eat G comme &#8230; premi\u00e8re Guerre mondiale H comme &#8230; Habiles de leurs mains I comme &#8230; Ils v\u00e9curent peut-\u00eatre heureux et eurent beaucoup d&rsquo;enfants J comme &#8230; Jusqu&rsquo;o\u00f9 es-tu remont\u00e9e ? K comme &#8230; Kilooctet L comme &#8230; Loire M comme &#8230; Meunier N comme &#8230; N\u00e9 de p\u00e8re inconnu O comme &#8230; Origine des Dezat P comme &#8230; Protestants Q comme &#8230; Quel anc\u00eatre a &#8230; ? R comme &#8230; R\u00e9volutionnaire S comme &#8230; Sorci\u00e8res, birettes et autres croyances T comme &#8230; Tu vis dans le pass\u00e9 U comme &#8230; Un long voyage V comme &#8230; Vigneron W comme &#8230; What you should know about my family tree X comme &#8230; Ne sait pas signer ? Y comme &#8230; Y&rsquo;a-t-il une fin aux recherches ? Z comme &#8230; Zoom sur le Challenge 2015<\/p>\n","protected":false},"author":1,"featured_media":0,"parent":0,"menu_order":0,"comment_status":"open","ping_status":"open","template":"","meta":{"_exactmetrics_skip_tracking":false,"_exactmetrics_sitenote_active":false,"_exactmetrics_sitenote_note":"","_exactmetrics_sitenote_category":0,"jetpack_post_was_ever_published":false,"footnotes":""},"class_list":["post-1358","page","type-page","status-publish","hentry"],"yoast_head":"<!-- This site is optimized with the Yoast SEO plugin v27.0 - https:\/\/yoast.com\/product\/yoast-seo-wordpress\/ -->\n<title>Challenge A \u00e0 Z 2015 - Rencontre avec mes anc\u00eatres<\/title>\n<meta name=\"robots\" content=\"index, follow, max-snippet:-1, max-image-preview:large, max-video-preview:-1\" \/>\n<link rel=\"canonical\" href=\"https:\/\/www.elodie-et-antoine.fr\/ra\/?page_id=1358\" \/>\n<meta property=\"og:locale\" content=\"fr_FR\" \/>\n<meta property=\"og:type\" content=\"article\" \/>\n<meta property=\"og:title\" content=\"Challenge A \u00e0 Z 2015 - Rencontre avec mes anc\u00eatres\" \/>\n<meta property=\"og:description\" content=\"A comme &#8230; Au commencement B comme &#8230; Berceau C comme &#8230; Cultivateurs, gens de la terre D comme &#8230; Dans chaque arbre, un roi et un pendu E comme &#8230; \u00catre une femme F comme &#8230; For\u00eat G comme &#8230; premi\u00e8re Guerre mondiale H comme &#8230; Habiles de leurs mains I comme &#8230; Ils v\u00e9curent peut-\u00eatre heureux et eurent beaucoup d&rsquo;enfants J comme &#8230; Jusqu&rsquo;o\u00f9 es-tu remont\u00e9e ? K comme &#8230; Kilooctet L comme &#8230; Loire M comme &#8230; Meunier N comme &#8230; N\u00e9 de p\u00e8re inconnu O comme &#8230; Origine des Dezat P comme &#8230; Protestants Q comme &#8230; Quel anc\u00eatre a &#8230; ? R comme &#8230; R\u00e9volutionnaire S comme &#8230; Sorci\u00e8res, birettes et autres croyances T comme &#8230; Tu vis dans le pass\u00e9 U comme &#8230; Un long voyage V comme &#8230; Vigneron W comme &#8230; What you should know about my family tree X comme &#8230; Ne sait pas signer ? Y comme &#8230; Y&rsquo;a-t-il une fin aux recherches ? Z comme &#8230; Zoom sur le Challenge 2015\" \/>\n<meta property=\"og:url\" content=\"https:\/\/www.elodie-et-antoine.fr\/ra\/?page_id=1358\" \/>\n<meta property=\"og:site_name\" content=\"Rencontre avec mes anc\u00eatres\" \/>\n<meta property=\"article:publisher\" content=\"https:\/\/www.facebook.com\/rencontreancetres\" \/>\n<meta property=\"article:modified_time\" content=\"2018-12-09T08:09:47+00:00\" \/>\n<meta name=\"twitter:card\" content=\"summary_large_image\" \/>\n<meta name=\"twitter:site\" content=\"@lodeetwit\" \/>\n<meta name=\"twitter:label1\" content=\"Dur\u00e9e de lecture estim\u00e9e\" \/>\n\t<meta name=\"twitter:data1\" content=\"1 minute\" \/>\n<script type=\"application\/ld+json\" class=\"yoast-schema-graph\">{\"@context\":\"https:\/\/schema.org\",\"@graph\":[{\"@type\":\"WebPage\",\"@id\":\"https:\/\/www.elodie-et-antoine.fr\/ra\/?page_id=1358\",\"url\":\"https:\/\/www.elodie-et-antoine.fr\/ra\/?page_id=1358\",\"name\":\"Challenge A \u00e0 Z 2015 - Rencontre avec mes anc\u00eatres\",\"isPartOf\":{\"@id\":\"https:\/\/www.elodie-et-antoine.fr\/ra\/#website\"},\"datePublished\":\"2015-07-29T06:57:39+00:00\",\"dateModified\":\"2018-12-09T08:09:47+00:00\",\"breadcrumb\":{\"@id\":\"https:\/\/www.elodie-et-antoine.fr\/ra\/?page_id=1358#breadcrumb\"},\"inLanguage\":\"fr-FR\",\"potentialAction\":[{\"@type\":\"ReadAction\",\"target\":[\"https:\/\/www.elodie-et-antoine.fr\/ra\/?page_id=1358\"]}]},{\"@type\":\"BreadcrumbList\",\"@id\":\"https:\/\/www.elodie-et-antoine.fr\/ra\/?page_id=1358#breadcrumb\",\"itemListElement\":[{\"@type\":\"ListItem\",\"position\":1,\"name\":\"Accueil\",\"item\":\"https:\/\/www.elodie-et-antoine.fr\/ra\"},{\"@type\":\"ListItem\",\"position\":2,\"name\":\"Challenge A \u00e0 Z 2015\"}]},{\"@type\":\"WebSite\",\"@id\":\"https:\/\/www.elodie-et-antoine.fr\/ra\/#website\",\"url\":\"https:\/\/www.elodie-et-antoine.fr\/ra\/\",\"name\":\"Rencontre avec mes anc\u00eatres\",\"description\":\"Rencontre avec mes anc\u00eatres\",\"publisher\":{\"@id\":\"https:\/\/www.elodie-et-antoine.fr\/ra\/#organization\"},\"potentialAction\":[{\"@type\":\"SearchAction\",\"target\":{\"@type\":\"EntryPoint\",\"urlTemplate\":\"https:\/\/www.elodie-et-antoine.fr\/ra\/?s={search_term_string}\"},\"query-input\":{\"@type\":\"PropertyValueSpecification\",\"valueRequired\":true,\"valueName\":\"search_term_string\"}}],\"inLanguage\":\"fr-FR\"},{\"@type\":\"Organization\",\"@id\":\"https:\/\/www.elodie-et-antoine.fr\/ra\/#organization\",\"name\":\"Rencontre avec mes anc\u00eatres\",\"url\":\"https:\/\/www.elodie-et-antoine.fr\/ra\/\",\"logo\":{\"@type\":\"ImageObject\",\"inLanguage\":\"fr-FR\",\"@id\":\"https:\/\/www.elodie-et-antoine.fr\/ra\/#\/schema\/logo\/image\/\",\"url\":\"https:\/\/www.elodie-et-antoine.fr\/ra\/wp-content\/uploads\/2024\/02\/Logo-detoure.png\",\"contentUrl\":\"https:\/\/www.elodie-et-antoine.fr\/ra\/wp-content\/uploads\/2024\/02\/Logo-detoure.png\",\"width\":500,\"height\":500,\"caption\":\"Rencontre avec mes anc\u00eatres\"},\"image\":{\"@id\":\"https:\/\/www.elodie-et-antoine.fr\/ra\/#\/schema\/logo\/image\/\"},\"sameAs\":[\"https:\/\/www.facebook.com\/rencontreancetres\",\"https:\/\/x.com\/lodeetwit\"]}]}<\/script>\n<!-- \/ Yoast SEO plugin. -->","yoast_head_json":{"title":"Challenge A \u00e0 Z 2015 - Rencontre avec mes anc\u00eatres","robots":{"index":"index","follow":"follow","max-snippet":"max-snippet:-1","max-image-preview":"max-image-preview:large","max-video-preview":"max-video-preview:-1"},"canonical":"https:\/\/www.elodie-et-antoine.fr\/ra\/?page_id=1358","og_locale":"fr_FR","og_type":"article","og_title":"Challenge A \u00e0 Z 2015 - Rencontre avec mes anc\u00eatres","og_description":"A comme &#8230; Au commencement B comme &#8230; Berceau C comme &#8230; Cultivateurs, gens de la terre D comme &#8230; Dans chaque arbre, un roi et un pendu E comme &#8230; \u00catre une femme F comme &#8230; For\u00eat G comme &#8230; premi\u00e8re Guerre mondiale H comme &#8230; Habiles de leurs mains I comme &#8230; Ils v\u00e9curent peut-\u00eatre heureux et eurent beaucoup d&rsquo;enfants J comme &#8230; Jusqu&rsquo;o\u00f9 es-tu remont\u00e9e ? K comme &#8230; Kilooctet L comme &#8230; Loire M comme &#8230; Meunier N comme &#8230; N\u00e9 de p\u00e8re inconnu O comme &#8230; Origine des Dezat P comme &#8230; Protestants Q comme &#8230; Quel anc\u00eatre a &#8230; ? R comme &#8230; R\u00e9volutionnaire S comme &#8230; Sorci\u00e8res, birettes et autres croyances T comme &#8230; Tu vis dans le pass\u00e9 U comme &#8230; Un long voyage V comme &#8230; Vigneron W comme &#8230; What you should know about my family tree X comme &#8230; Ne sait pas signer ? Y comme &#8230; Y&rsquo;a-t-il une fin aux recherches ? Z comme &#8230; Zoom sur le Challenge 2015","og_url":"https:\/\/www.elodie-et-antoine.fr\/ra\/?page_id=1358","og_site_name":"Rencontre avec mes anc\u00eatres","article_publisher":"https:\/\/www.facebook.com\/rencontreancetres","article_modified_time":"2018-12-09T08:09:47+00:00","twitter_card":"summary_large_image","twitter_site":"@lodeetwit","twitter_misc":{"Dur\u00e9e de lecture estim\u00e9e":"1 minute"},"schema":{"@context":"https:\/\/schema.org","@graph":[{"@type":"WebPage","@id":"https:\/\/www.elodie-et-antoine.fr\/ra\/?page_id=1358","url":"https:\/\/www.elodie-et-antoine.fr\/ra\/?page_id=1358","name":"Challenge A \u00e0 Z 2015 - Rencontre avec mes anc\u00eatres","isPartOf":{"@id":"https:\/\/www.elodie-et-antoine.fr\/ra\/#website"},"datePublished":"2015-07-29T06:57:39+00:00","dateModified":"2018-12-09T08:09:47+00:00","breadcrumb":{"@id":"https:\/\/www.elodie-et-antoine.fr\/ra\/?page_id=1358#breadcrumb"},"inLanguage":"fr-FR","potentialAction":[{"@type":"ReadAction","target":["https:\/\/www.elodie-et-antoine.fr\/ra\/?page_id=1358"]}]},{"@type":"BreadcrumbList","@id":"https:\/\/www.elodie-et-antoine.fr\/ra\/?page_id=1358#breadcrumb","itemListElement":[{"@type":"ListItem","position":1,"name":"Accueil","item":"https:\/\/www.elodie-et-antoine.fr\/ra"},{"@type":"ListItem","position":2,"name":"Challenge A \u00e0 Z 2015"}]},{"@type":"WebSite","@id":"https:\/\/www.elodie-et-antoine.fr\/ra\/#website","url":"https:\/\/www.elodie-et-antoine.fr\/ra\/","name":"Rencontre avec mes anc\u00eatres","description":"Rencontre avec mes anc\u00eatres","publisher":{"@id":"https:\/\/www.elodie-et-antoine.fr\/ra\/#organization"},"potentialAction":[{"@type":"SearchAction","target":{"@type":"EntryPoint","urlTemplate":"https:\/\/www.elodie-et-antoine.fr\/ra\/?s={search_term_string}"},"query-input":{"@type":"PropertyValueSpecification","valueRequired":true,"valueName":"search_term_string"}}],"inLanguage":"fr-FR"},{"@type":"Organization","@id":"https:\/\/www.elodie-et-antoine.fr\/ra\/#organization","name":"Rencontre avec mes anc\u00eatres","url":"https:\/\/www.elodie-et-antoine.fr\/ra\/","logo":{"@type":"ImageObject","inLanguage":"fr-FR","@id":"https:\/\/www.elodie-et-antoine.fr\/ra\/#\/schema\/logo\/image\/","url":"https:\/\/www.elodie-et-antoine.fr\/ra\/wp-content\/uploads\/2024\/02\/Logo-detoure.png","contentUrl":"https:\/\/www.elodie-et-antoine.fr\/ra\/wp-content\/uploads\/2024\/02\/Logo-detoure.png","width":500,"height":500,"caption":"Rencontre avec mes anc\u00eatres"},"image":{"@id":"https:\/\/www.elodie-et-antoine.fr\/ra\/#\/schema\/logo\/image\/"},"sameAs":["https:\/\/www.facebook.com\/rencontreancetres","https:\/\/x.com\/lodeetwit"]}]}},"jetpack_sharing_enabled":true,"_links":{"self":[{"href":"https:\/\/www.elodie-et-antoine.fr\/ra\/index.php?rest_route=\/wp\/v2\/pages\/1358","targetHints":{"allow":["GET"]}}],"collection":[{"href":"https:\/\/www.elodie-et-antoine.fr\/ra\/index.php?rest_route=\/wp\/v2\/pages"}],"about":[{"href":"https:\/\/www.elodie-et-antoine.fr\/ra\/index.php?rest_route=\/wp\/v2\/types\/page"}],"author":[{"embeddable":true,"href":"https:\/\/www.elodie-et-antoine.fr\/ra\/index.php?rest_route=\/wp\/v2\/users\/1"}],"replies":[{"embeddable":true,"href":"https:\/\/www.elodie-et-antoine.fr\/ra\/index.php?rest_route=%2Fwp%2Fv2%2Fcomments&post=1358"}],"version-history":[{"count":4,"href":"https:\/\/www.elodie-et-antoine.fr\/ra\/index.php?rest_route=\/wp\/v2\/pages\/1358\/revisions"}],"predecessor-version":[{"id":2120,"href":"https:\/\/www.elodie-et-antoine.fr\/ra\/index.php?rest_route=\/wp\/v2\/pages\/1358\/revisions\/2120"}],"wp:attachment":[{"href":"https:\/\/www.elodie-et-antoine.fr\/ra\/index.php?rest_route=%2Fwp%2Fv2%2Fmedia&parent=1358"}],"curies":[{"name":"wp","href":"https:\/\/api.w.org\/{rel}","templated":true}]}}