{"id":131,"date":"2013-10-14T09:06:57","date_gmt":"2013-10-14T08:06:57","guid":{"rendered":"http:\/\/www.elodie-et-antoine.fr\/ra\/?page_id=131"},"modified":"2014-06-01T08:47:55","modified_gmt":"2014-06-01T07:47:55","slug":"challenge-a-a-z","status":"publish","type":"page","link":"https:\/\/www.elodie-et-antoine.fr\/ra\/?page_id=131","title":{"rendered":"Challenge A \u00e0 Z 2013"},"content":{"rendered":"<p>A comme &#8230; <a href=\"https:\/\/www.elodie-et-antoine.fr\/ra\/?p=56\">Agriculture<\/a><br \/>\nB comme &#8230; <a href=\"https:\/\/www.elodie-et-antoine.fr\/ra\/?p=55\">Berry<\/a><br \/>\nC comme &#8230; <a href=\"https:\/\/www.elodie-et-antoine.fr\/ra\/?p=54\">Casanier<\/a><br \/>\nD comme &#8230; <a href=\"https:\/\/www.elodie-et-antoine.fr\/ra\/?p=53\">Daktulosphaira<\/a><br \/>\nE comme &#8230; <a href=\"https:\/\/www.elodie-et-antoine.fr\/ra\/?p=52\">Enfants, nombreux enfants<\/a><br \/>\nF comme &#8230; <a href=\"https:\/\/www.elodie-et-antoine.fr\/ra\/?p=51\">For\u00eat<\/a><br \/>\nG comme &#8230; <a href=\"https:\/\/www.elodie-et-antoine.fr\/ra\/?p=50\">G\u00e9n\u00e9tique, pourquoi les enfants d&rsquo;un couple sont diff\u00e9rents ?<\/a><br \/>\nH comme &#8230; <a href=\"https:\/\/www.elodie-et-antoine.fr\/ra\/?p=49\">Hors-la-loi<\/a><br \/>\nI comme &#8230; <a href=\"https:\/\/www.elodie-et-antoine.fr\/ra\/?p=48\">Isidore Champault<\/a><br \/>\nJ comme &#8230; <a href=\"https:\/\/www.elodie-et-antoine.fr\/ra\/?p=47\">Jeudis des archives \u00e0 Rennes<\/a><br \/>\nK comme &#8230; <a href=\"https:\/\/www.elodie-et-antoine.fr\/ra\/?p=46\">K\u00ear<\/a><br \/>\nL comme &#8230; <a href=\"https:\/\/www.elodie-et-antoine.fr\/ra\/?p=45\">la Loire et ses dangers<\/a><br \/>\nM comme &#8230; <a href=\"https:\/\/www.elodie-et-antoine.fr\/ra\/?p=44\">Mendiant<\/a><br \/>\nN comme &#8230; <a href=\"https:\/\/www.elodie-et-antoine.fr\/ra\/?p=43\">Num\u00e9ro<\/a><br \/>\nO comme &#8230; <a href=\"https:\/\/www.elodie-et-antoine.fr\/ra\/?p=42\">O\u00f9 est Charlie ?<\/a><br \/>\nP comme &#8230; <a href=\"https:\/\/www.elodie-et-antoine.fr\/ra\/?p=41\">Protestant en 1573 \u00e0 Sancerre<\/a><br \/>\nQ comme &#8230; <a href=\"https:\/\/www.elodie-et-antoine.fr\/ra\/?p=40\">Quelle est ma lign\u00e9e cognatique ?<\/a><br \/>\nR comme &#8230; <a href=\"https:\/\/www.elodie-et-antoine.fr\/ra\/?p=39\">Reverdy<\/a><br \/>\nS comme &#8230; <a href=\"https:\/\/www.elodie-et-antoine.fr\/ra\/?p=38\">Sainte Solange patronne du Berry<\/a><br \/>\nT comme &#8230; <a href=\"https:\/\/www.elodie-et-antoine.fr\/ra\/?p=37\">Top<\/a><br \/>\nU comme &#8230; <a href=\"https:\/\/www.elodie-et-antoine.fr\/ra\/?p=36\">Ursin<\/a><br \/>\nV comme &#8230; <a href=\"https:\/\/www.elodie-et-antoine.fr\/ra\/?p=35\">Vacances, voyages<\/a><br \/>\nW comme &#8230; <a href=\"https:\/\/www.elodie-et-antoine.fr\/ra\/?p=34\">Weltkrieg<\/a><br \/>\nX comme &#8230; <a href=\"https:\/\/www.elodie-et-antoine.fr\/ra\/?p=33\">ne sais pas signer<\/a><br \/>\nY comme &#8230;<a href=\"https:\/\/www.elodie-et-antoine.fr\/ra\/?p=32\"> Y&rsquo;a pas 9 mois<\/a><br \/>\nZ comme &#8230; <a href=\"https:\/\/www.elodie-et-antoine.fr\/ra\/?p=31\">Zouaves<\/a><\/p>\n<p><a href=\"https:\/\/www.elodie-et-antoine.fr\/ra\/?p=30\">Bilan du challenge 2013<\/a><\/p>\n","protected":false},"excerpt":{"rendered":"<p>A comme &#8230; Agriculture B comme &#8230; Berry C comme &#8230; Casanier D comme &#8230; Daktulosphaira E comme &#8230; Enfants, nombreux enfants F comme &#8230; For\u00eat G comme &#8230; G\u00e9n\u00e9tique, pourquoi les enfants d&rsquo;un couple sont diff\u00e9rents ? H comme &#8230; Hors-la-loi I comme &#8230; Isidore Champault J comme &#8230; Jeudis des archives \u00e0 Rennes K comme &#8230; K\u00ear L comme &#8230; la Loire et ses dangers M comme &#8230; Mendiant N comme &#8230; Num\u00e9ro O comme &#8230; O\u00f9 est Charlie ? P comme &#8230; Protestant en 1573 \u00e0 Sancerre Q comme &#8230; Quelle est ma lign\u00e9e cognatique ? R comme &#8230; Reverdy S comme &#8230; Sainte Solange patronne du Berry T comme &#8230; Top U comme &#8230; Ursin V comme &#8230; Vacances, voyages W comme &#8230; Weltkrieg X comme &#8230; ne sais pas signer Y comme &#8230; Y&rsquo;a pas 9 mois Z comme &#8230; Zouaves Bilan du challenge 2013<\/p>\n","protected":false},"author":1,"featured_media":0,"parent":0,"menu_order":0,"comment_status":"open","ping_status":"open","template":"","meta":{"_exactmetrics_skip_tracking":false,"_exactmetrics_sitenote_active":false,"_exactmetrics_sitenote_note":"","_exactmetrics_sitenote_category":0,"jetpack_post_was_ever_published":false,"footnotes":""},"class_list":["post-131","page","type-page","status-publish","hentry"],"yoast_head":"<!-- This site is optimized with the Yoast SEO plugin v27.0 - https:\/\/yoast.com\/product\/yoast-seo-wordpress\/ -->\n<title>Challenge A \u00e0 Z 2013 - Rencontre avec mes anc\u00eatres<\/title>\n<meta name=\"robots\" content=\"index, follow, max-snippet:-1, max-image-preview:large, max-video-preview:-1\" \/>\n<link rel=\"canonical\" href=\"https:\/\/www.elodie-et-antoine.fr\/ra\/?page_id=131\" \/>\n<meta property=\"og:locale\" content=\"fr_FR\" \/>\n<meta property=\"og:type\" content=\"article\" \/>\n<meta property=\"og:title\" content=\"Challenge A \u00e0 Z 2013 - Rencontre avec mes anc\u00eatres\" \/>\n<meta property=\"og:description\" content=\"A comme &#8230; Agriculture B comme &#8230; Berry C comme &#8230; Casanier D comme &#8230; Daktulosphaira E comme &#8230; Enfants, nombreux enfants F comme &#8230; For\u00eat G comme &#8230; G\u00e9n\u00e9tique, pourquoi les enfants d&rsquo;un couple sont diff\u00e9rents ? H comme &#8230; Hors-la-loi I comme &#8230; Isidore Champault J comme &#8230; Jeudis des archives \u00e0 Rennes K comme &#8230; K\u00ear L comme &#8230; la Loire et ses dangers M comme &#8230; Mendiant N comme &#8230; Num\u00e9ro O comme &#8230; O\u00f9 est Charlie ? P comme &#8230; Protestant en 1573 \u00e0 Sancerre Q comme &#8230; Quelle est ma lign\u00e9e cognatique ? R comme &#8230; Reverdy S comme &#8230; Sainte Solange patronne du Berry T comme &#8230; Top U comme &#8230; Ursin V comme &#8230; Vacances, voyages W comme &#8230; Weltkrieg X comme &#8230; ne sais pas signer Y comme &#8230; Y&rsquo;a pas 9 mois Z comme &#8230; Zouaves Bilan du challenge 2013\" \/>\n<meta property=\"og:url\" content=\"https:\/\/www.elodie-et-antoine.fr\/ra\/?page_id=131\" \/>\n<meta property=\"og:site_name\" content=\"Rencontre avec mes anc\u00eatres\" \/>\n<meta property=\"article:publisher\" content=\"https:\/\/www.facebook.com\/rencontreancetres\" \/>\n<meta property=\"article:modified_time\" content=\"2014-06-01T07:47:55+00:00\" \/>\n<meta name=\"twitter:card\" content=\"summary_large_image\" \/>\n<meta name=\"twitter:site\" content=\"@lodeetwit\" \/>\n<meta name=\"twitter:label1\" content=\"Dur\u00e9e de lecture estim\u00e9e\" \/>\n\t<meta name=\"twitter:data1\" content=\"1 minute\" \/>\n<script type=\"application\/ld+json\" class=\"yoast-schema-graph\">{\"@context\":\"https:\/\/schema.org\",\"@graph\":[{\"@type\":\"WebPage\",\"@id\":\"https:\/\/www.elodie-et-antoine.fr\/ra\/?page_id=131\",\"url\":\"https:\/\/www.elodie-et-antoine.fr\/ra\/?page_id=131\",\"name\":\"Challenge A \u00e0 Z 2013 - Rencontre avec mes anc\u00eatres\",\"isPartOf\":{\"@id\":\"https:\/\/www.elodie-et-antoine.fr\/ra\/#website\"},\"datePublished\":\"2013-10-14T08:06:57+00:00\",\"dateModified\":\"2014-06-01T07:47:55+00:00\",\"breadcrumb\":{\"@id\":\"https:\/\/www.elodie-et-antoine.fr\/ra\/?page_id=131#breadcrumb\"},\"inLanguage\":\"fr-FR\",\"potentialAction\":[{\"@type\":\"ReadAction\",\"target\":[\"https:\/\/www.elodie-et-antoine.fr\/ra\/?page_id=131\"]}]},{\"@type\":\"BreadcrumbList\",\"@id\":\"https:\/\/www.elodie-et-antoine.fr\/ra\/?page_id=131#breadcrumb\",\"itemListElement\":[{\"@type\":\"ListItem\",\"position\":1,\"name\":\"Accueil\",\"item\":\"https:\/\/www.elodie-et-antoine.fr\/ra\"},{\"@type\":\"ListItem\",\"position\":2,\"name\":\"Challenge A \u00e0 Z 2013\"}]},{\"@type\":\"WebSite\",\"@id\":\"https:\/\/www.elodie-et-antoine.fr\/ra\/#website\",\"url\":\"https:\/\/www.elodie-et-antoine.fr\/ra\/\",\"name\":\"Rencontre avec mes anc\u00eatres\",\"description\":\"Rencontre avec mes anc\u00eatres\",\"publisher\":{\"@id\":\"https:\/\/www.elodie-et-antoine.fr\/ra\/#organization\"},\"potentialAction\":[{\"@type\":\"SearchAction\",\"target\":{\"@type\":\"EntryPoint\",\"urlTemplate\":\"https:\/\/www.elodie-et-antoine.fr\/ra\/?s={search_term_string}\"},\"query-input\":{\"@type\":\"PropertyValueSpecification\",\"valueRequired\":true,\"valueName\":\"search_term_string\"}}],\"inLanguage\":\"fr-FR\"},{\"@type\":\"Organization\",\"@id\":\"https:\/\/www.elodie-et-antoine.fr\/ra\/#organization\",\"name\":\"Rencontre avec mes anc\u00eatres\",\"url\":\"https:\/\/www.elodie-et-antoine.fr\/ra\/\",\"logo\":{\"@type\":\"ImageObject\",\"inLanguage\":\"fr-FR\",\"@id\":\"https:\/\/www.elodie-et-antoine.fr\/ra\/#\/schema\/logo\/image\/\",\"url\":\"https:\/\/www.elodie-et-antoine.fr\/ra\/wp-content\/uploads\/2024\/02\/Logo-detoure.png\",\"contentUrl\":\"https:\/\/www.elodie-et-antoine.fr\/ra\/wp-content\/uploads\/2024\/02\/Logo-detoure.png\",\"width\":500,\"height\":500,\"caption\":\"Rencontre avec mes anc\u00eatres\"},\"image\":{\"@id\":\"https:\/\/www.elodie-et-antoine.fr\/ra\/#\/schema\/logo\/image\/\"},\"sameAs\":[\"https:\/\/www.facebook.com\/rencontreancetres\",\"https:\/\/x.com\/lodeetwit\"]}]}<\/script>\n<!-- \/ Yoast SEO plugin. -->","yoast_head_json":{"title":"Challenge A \u00e0 Z 2013 - Rencontre avec mes anc\u00eatres","robots":{"index":"index","follow":"follow","max-snippet":"max-snippet:-1","max-image-preview":"max-image-preview:large","max-video-preview":"max-video-preview:-1"},"canonical":"https:\/\/www.elodie-et-antoine.fr\/ra\/?page_id=131","og_locale":"fr_FR","og_type":"article","og_title":"Challenge A \u00e0 Z 2013 - Rencontre avec mes anc\u00eatres","og_description":"A comme &#8230; Agriculture B comme &#8230; Berry C comme &#8230; Casanier D comme &#8230; Daktulosphaira E comme &#8230; Enfants, nombreux enfants F comme &#8230; For\u00eat G comme &#8230; G\u00e9n\u00e9tique, pourquoi les enfants d&rsquo;un couple sont diff\u00e9rents ? H comme &#8230; Hors-la-loi I comme &#8230; Isidore Champault J comme &#8230; Jeudis des archives \u00e0 Rennes K comme &#8230; K\u00ear L comme &#8230; la Loire et ses dangers M comme &#8230; Mendiant N comme &#8230; Num\u00e9ro O comme &#8230; O\u00f9 est Charlie ? P comme &#8230; Protestant en 1573 \u00e0 Sancerre Q comme &#8230; Quelle est ma lign\u00e9e cognatique ? R comme &#8230; Reverdy S comme &#8230; Sainte Solange patronne du Berry T comme &#8230; Top U comme &#8230; Ursin V comme &#8230; Vacances, voyages W comme &#8230; Weltkrieg X comme &#8230; ne sais pas signer Y comme &#8230; Y&rsquo;a pas 9 mois Z comme &#8230; Zouaves Bilan du challenge 2013","og_url":"https:\/\/www.elodie-et-antoine.fr\/ra\/?page_id=131","og_site_name":"Rencontre avec mes anc\u00eatres","article_publisher":"https:\/\/www.facebook.com\/rencontreancetres","article_modified_time":"2014-06-01T07:47:55+00:00","twitter_card":"summary_large_image","twitter_site":"@lodeetwit","twitter_misc":{"Dur\u00e9e de lecture estim\u00e9e":"1 minute"},"schema":{"@context":"https:\/\/schema.org","@graph":[{"@type":"WebPage","@id":"https:\/\/www.elodie-et-antoine.fr\/ra\/?page_id=131","url":"https:\/\/www.elodie-et-antoine.fr\/ra\/?page_id=131","name":"Challenge A \u00e0 Z 2013 - Rencontre avec mes anc\u00eatres","isPartOf":{"@id":"https:\/\/www.elodie-et-antoine.fr\/ra\/#website"},"datePublished":"2013-10-14T08:06:57+00:00","dateModified":"2014-06-01T07:47:55+00:00","breadcrumb":{"@id":"https:\/\/www.elodie-et-antoine.fr\/ra\/?page_id=131#breadcrumb"},"inLanguage":"fr-FR","potentialAction":[{"@type":"ReadAction","target":["https:\/\/www.elodie-et-antoine.fr\/ra\/?page_id=131"]}]},{"@type":"BreadcrumbList","@id":"https:\/\/www.elodie-et-antoine.fr\/ra\/?page_id=131#breadcrumb","itemListElement":[{"@type":"ListItem","position":1,"name":"Accueil","item":"https:\/\/www.elodie-et-antoine.fr\/ra"},{"@type":"ListItem","position":2,"name":"Challenge A \u00e0 Z 2013"}]},{"@type":"WebSite","@id":"https:\/\/www.elodie-et-antoine.fr\/ra\/#website","url":"https:\/\/www.elodie-et-antoine.fr\/ra\/","name":"Rencontre avec mes anc\u00eatres","description":"Rencontre avec mes anc\u00eatres","publisher":{"@id":"https:\/\/www.elodie-et-antoine.fr\/ra\/#organization"},"potentialAction":[{"@type":"SearchAction","target":{"@type":"EntryPoint","urlTemplate":"https:\/\/www.elodie-et-antoine.fr\/ra\/?s={search_term_string}"},"query-input":{"@type":"PropertyValueSpecification","valueRequired":true,"valueName":"search_term_string"}}],"inLanguage":"fr-FR"},{"@type":"Organization","@id":"https:\/\/www.elodie-et-antoine.fr\/ra\/#organization","name":"Rencontre avec mes anc\u00eatres","url":"https:\/\/www.elodie-et-antoine.fr\/ra\/","logo":{"@type":"ImageObject","inLanguage":"fr-FR","@id":"https:\/\/www.elodie-et-antoine.fr\/ra\/#\/schema\/logo\/image\/","url":"https:\/\/www.elodie-et-antoine.fr\/ra\/wp-content\/uploads\/2024\/02\/Logo-detoure.png","contentUrl":"https:\/\/www.elodie-et-antoine.fr\/ra\/wp-content\/uploads\/2024\/02\/Logo-detoure.png","width":500,"height":500,"caption":"Rencontre avec mes anc\u00eatres"},"image":{"@id":"https:\/\/www.elodie-et-antoine.fr\/ra\/#\/schema\/logo\/image\/"},"sameAs":["https:\/\/www.facebook.com\/rencontreancetres","https:\/\/x.com\/lodeetwit"]}]}},"jetpack_sharing_enabled":true,"_links":{"self":[{"href":"https:\/\/www.elodie-et-antoine.fr\/ra\/index.php?rest_route=\/wp\/v2\/pages\/131","targetHints":{"allow":["GET"]}}],"collection":[{"href":"https:\/\/www.elodie-et-antoine.fr\/ra\/index.php?rest_route=\/wp\/v2\/pages"}],"about":[{"href":"https:\/\/www.elodie-et-antoine.fr\/ra\/index.php?rest_route=\/wp\/v2\/types\/page"}],"author":[{"embeddable":true,"href":"https:\/\/www.elodie-et-antoine.fr\/ra\/index.php?rest_route=\/wp\/v2\/users\/1"}],"replies":[{"embeddable":true,"href":"https:\/\/www.elodie-et-antoine.fr\/ra\/index.php?rest_route=%2Fwp%2Fv2%2Fcomments&post=131"}],"version-history":[{"count":4,"href":"https:\/\/www.elodie-et-antoine.fr\/ra\/index.php?rest_route=\/wp\/v2\/pages\/131\/revisions"}],"predecessor-version":[{"id":817,"href":"https:\/\/www.elodie-et-antoine.fr\/ra\/index.php?rest_route=\/wp\/v2\/pages\/131\/revisions\/817"}],"wp:attachment":[{"href":"https:\/\/www.elodie-et-antoine.fr\/ra\/index.php?rest_route=%2Fwp%2Fv2%2Fmedia&parent=131"}],"curies":[{"name":"wp","href":"https:\/\/api.w.org\/{rel}","templated":true}]}}