{"id":126,"date":"2013-10-13T09:42:24","date_gmt":"2013-10-13T08:42:24","guid":{"rendered":"http:\/\/www.elodie-et-antoine.fr\/ra\/?page_id=126"},"modified":"2015-03-15T13:41:14","modified_gmt":"2015-03-15T12:41:14","slug":"metiers-de-mes-aieux","status":"publish","type":"page","link":"https:\/\/www.elodie-et-antoine.fr\/ra\/?page_id=126","title":{"rendered":"M\u00e9tiers de mes a\u00efeux"},"content":{"rendered":"<p><span style=\"font-size: medium;\">Deux articles ont \u00e9t\u00e9 consacr\u00e9s aux m\u00e9tiers de mes anc\u00eatres, pour les hommes c&rsquo;est par <a href=\"https:\/\/www.elodie-et-antoine.fr\/ra\/?p=63\">ici<\/a>, et les femmes par <a href=\"https:\/\/www.elodie-et-antoine.fr\/ra\/?p=68\">l\u00e0<\/a>. <\/span><\/p>\n<p>&nbsp;<\/p>\n<p><span style=\"font-size: medium;\">Voici \u00e9galement la liste des m\u00e9tiers de mes a\u00efeux connus \u00e0 ce jour. Je les ai regroup\u00e9s en grandes familles. <\/span><\/p>\n<p><span style=\"font-size: medium;\"><br \/>\n<\/span><\/p>\n<p><span style=\"font-size: medium;\"><span style=\"text-decoration: underline;\"><b>Les petites mains :<\/b><\/span><\/span><\/p>\n<p><span style=\"font-size: medium;\">&#8211; Manoeuvre, journalier<\/span><\/p>\n<p><span style=\"font-size: medium;\">&#8211; Femme de m\u00e9nage <\/span><\/p>\n<p><span style=\"font-size: medium;\">&#8211; Domestique<\/span><\/p>\n<p><span style=\"font-size: medium;\">&#8211; Serviteur <\/span><\/p>\n<p><span style=\"font-size: medium;\">&#8211; <a href=\"https:\/\/www.elodie-et-antoine.fr\/ra\/?p=44\">Mendiant<\/a><\/span><\/p>\n<p><span style=\"font-size: medium;\">&#8211; M\u00e9nag\u00e8re<\/span><\/p>\n<p><span style=\"font-size: medium;\"><br \/>\n<\/span><\/p>\n<p><span style=\"font-size: medium;\"><span style=\"text-decoration: underline;\"><b>L&rsquo;agriculture<\/b><\/span>, qui concerne un tr\u00e8s grand nombre de mes anc\u00eatre<\/span><\/p>\n<p><span style=\"font-size: medium;\">&#8211; Vigneron<\/span><\/p>\n<p><span style=\"font-size: medium;\">&#8211; <a href=\"https:\/\/www.elodie-et-antoine.fr\/ra\/?p=695\">Garde Vignier <\/a><\/span><\/p>\n<p><span style=\"font-size: medium;\">&#8211; Cultivateur, laboureur<\/span><\/p>\n<p><span style=\"font-size: medium;\">&#8211; Jardinier<br \/>\n<\/span><\/p>\n<p><span style=\"font-size: medium;\">&#8211; Propri\u00e9taire<\/span><\/p>\n<p><span style=\"font-size: medium;\"><br \/>\n<\/span><\/p>\n<p><span style=\"font-size: medium;\"><span style=\"text-decoration: underline;\"><b>Petits m\u00e9tiers des campagnes<\/b> <\/span>; j&rsquo;ai regroup\u00e9 ici des m\u00e9tiers qui pouvaient compl\u00e9ter le m\u00e9tier d&rsquo;agriculteur<\/span><\/p>\n<p><span style=\"font-size: medium;\">&#8211; <a href=\"https:\/\/www.elodie-et-antoine.fr\/ra\/?p=74\">Meunier<\/a><\/span><\/p>\n<p><span style=\"font-size: medium;\">&#8211; <a href=\"https:\/\/www.elodie-et-antoine.fr\/ra\/?p=88\">Cordier<\/a><\/span><\/p>\n<p><span style=\"font-size: medium;\">&#8211; <a href=\"https:\/\/www.elodie-et-antoine.fr\/ra\/?p=61\">Charron <\/a><\/span><\/p>\n<p><span style=\"font-size: medium;\">&#8211; Mar\u00e9chal Ferrand<\/span><\/p>\n<p><span style=\"font-size: medium;\">&#8211; Sabotier<\/span><\/p>\n<p><span style=\"font-size: medium;\">&#8211; Pannetier (fabriquait des panniers ?)<\/span><\/p>\n<p><span style=\"font-size: medium;\">&#8211; Tonnelier<\/span><\/p>\n<p><span style=\"font-size: medium;\">&#8211; Tuilier (fabriquait des tuiles ?) <\/span><\/p>\n<p><span style=\"font-size: medium;\">&#8211; Ferteur (peigneur)<br \/>\n<\/span><\/p>\n<p><span style=\"font-size: medium;\"><span style=\"text-decoration: underline;\"><b>M\u00e9tiers des for\u00eats<\/b><\/span><\/span><\/p>\n<p><span style=\"font-size: medium;\">&#8211; Bucheron<\/span><\/p>\n<p><span style=\"font-size: medium;\">&#8211; <a href=\"https:\/\/www.elodie-et-antoine.fr\/ra\/?p=51\">Charbonnier\u00a0<\/a><\/span><\/p>\n<p><span style=\"font-size: medium;\">&#8211; Fendeur <\/span><\/p>\n<p><span style=\"font-size: medium;\">&#8211; Garde forestier<\/span><\/p>\n<p><span style=\"font-size: medium;\">&#8211; Scieur<span style=\"font-size: medium;\"> de long<\/span> <\/span><\/p>\n<p><span style=\"font-size: medium;\"><br \/>\n<\/span><\/p>\n<p><span style=\"font-size: medium;\"><span style=\"text-decoration: underline;\"><b>M\u00e9tiers du textile<\/b><\/span><\/span><\/p>\n<p><span style=\"font-size: medium;\">&#8211; Tisserand<\/span><\/p>\n<p><span style=\"font-size: medium;\">&#8211; Couturi\u00e8re<br \/>\n<\/span><\/p>\n<p><span style=\"font-size: medium;\">&#8211; Drapier\u00a0<\/span><\/p>\n<p><span style=\"font-size: medium;\">&#8211; Tailleur d&rsquo;habits\u00a0<\/span><\/p>\n<p><span style=\"font-size: medium;\">&#8211; Fileuse\u00a0<\/span><\/p>\n<p><span style=\"font-size: medium;\">&#8211; Chanvreur<\/span><\/p>\n<p><span style=\"font-size: medium;\">&#8211; Foulon<\/span><\/p>\n<p><span style=\"font-size: medium;\"><br \/>\n<\/span><\/p>\n<p><span style=\"font-size: medium;\"><span style=\"text-decoration: underline;\"><b>Artisans<\/b><\/span><\/span><\/p>\n<p><span style=\"font-size: medium;\">&#8211; Boucher<\/span><\/p>\n<p><span style=\"font-size: medium;\">&#8211; Charpentier<\/span><\/p>\n<p><span style=\"font-size: medium;\">&#8211; Marchand\u00a0<\/span><\/p>\n<p><span style=\"font-size: medium;\">&#8211; Potier en terre<\/span><\/p>\n<p><span style=\"font-size: medium;\">&#8211; Ma\u00e7on<\/span><\/p>\n<p><span style=\"font-size: medium;\"><br \/>\n<\/span> <span style=\"font-size: medium;\">&#8211; Notaire<\/span><\/p>\n<p><span style=\"font-size: medium;\">&#8211; Procureur, procureur au b<span style=\"font-size: medium;\">aillage<\/span><\/span><\/p>\n<p><span style=\"font-size: medium;\">&#8211; Rentier\u00a0<\/span><\/p>\n<p>&nbsp;<\/p>\n<p><span style=\"font-size: medium;\"><span style=\"color: #b45f06;\"><i>Mis \u00e0 jour le 15\/03\/2015 <\/i><\/span><\/span><\/p>\n","protected":false},"excerpt":{"rendered":"<p>Deux articles ont \u00e9t\u00e9 consacr\u00e9s aux m\u00e9tiers de mes anc\u00eatres, pour les hommes c&rsquo;est par ici, et les femmes par l\u00e0. &nbsp; Voici \u00e9galement la liste des m\u00e9tiers de mes a\u00efeux connus \u00e0 ce jour. Je les ai regroup\u00e9s en grandes familles. Les petites mains : &#8211; Manoeuvre, journalier &#8211; Femme de m\u00e9nage &#8211; Domestique &#8211; Serviteur &#8211; Mendiant &#8211; M\u00e9nag\u00e8re L&rsquo;agriculture, qui concerne un tr\u00e8s grand nombre de mes anc\u00eatre &#8211; Vigneron &#8211; Garde Vignier &#8211; Cultivateur, laboureur &#8211; Jardinier &#8211; Propri\u00e9taire Petits m\u00e9tiers des campagnes ; j&rsquo;ai regroup\u00e9 ici des m\u00e9tiers qui pouvaient compl\u00e9ter le m\u00e9tier d&rsquo;agriculteur &#8211; Meunier &#8211; Cordier &#8211; Charron &#8211; Mar\u00e9chal Ferrand &#8211; Sabotier &#8211; Pannetier (fabriquait des panniers ?) &#8211; Tonnelier &#8211; Tuilier (fabriquait des tuiles ?) &#8211; Ferteur (peigneur) M\u00e9tiers des for\u00eats &#8211; Bucheron &#8211; Charbonnier\u00a0 &#8211; Fendeur &#8211; Garde forestier &#8211; Scieur de long M\u00e9tiers du textile &#8211; Tisserand &#8211; Couturi\u00e8re &#8211; Drapier\u00a0 &#8211; Tailleur d&rsquo;habits\u00a0 &#8211; Fileuse\u00a0 &#8211; Chanvreur &#8211; Foulon Artisans &#8211; Boucher &#8211; Charpentier &#8211; Marchand\u00a0 &#8211; Potier en terre &#8211; Ma\u00e7on &#8211; Notaire &#8211; Procureur, procureur au baillage &#8211; Rentier\u00a0 &nbsp; Mis \u00e0 jour le 15\/03\/2015<\/p>\n","protected":false},"author":1,"featured_media":0,"parent":0,"menu_order":0,"comment_status":"open","ping_status":"open","template":"","meta":{"_exactmetrics_skip_tracking":false,"_exactmetrics_sitenote_active":false,"_exactmetrics_sitenote_note":"","_exactmetrics_sitenote_category":0,"jetpack_post_was_ever_published":false,"footnotes":""},"class_list":["post-126","page","type-page","status-publish","hentry"],"yoast_head":"<!-- This site is optimized with the Yoast SEO plugin v27.0 - https:\/\/yoast.com\/product\/yoast-seo-wordpress\/ -->\n<title>M\u00e9tiers de mes a\u00efeux - Rencontre avec mes anc\u00eatres<\/title>\n<meta name=\"robots\" content=\"index, follow, max-snippet:-1, max-image-preview:large, max-video-preview:-1\" \/>\n<link rel=\"canonical\" href=\"https:\/\/www.elodie-et-antoine.fr\/ra\/?page_id=126\" \/>\n<meta property=\"og:locale\" content=\"fr_FR\" \/>\n<meta property=\"og:type\" content=\"article\" \/>\n<meta property=\"og:title\" content=\"M\u00e9tiers de mes a\u00efeux - Rencontre avec mes anc\u00eatres\" \/>\n<meta property=\"og:description\" content=\"Deux articles ont \u00e9t\u00e9 consacr\u00e9s aux m\u00e9tiers de mes anc\u00eatres, pour les hommes c&rsquo;est par ici, et les femmes par l\u00e0. &nbsp; Voici \u00e9galement la liste des m\u00e9tiers de mes a\u00efeux connus \u00e0 ce jour. Je les ai regroup\u00e9s en grandes familles. Les petites mains : &#8211; Manoeuvre, journalier &#8211; Femme de m\u00e9nage &#8211; Domestique &#8211; Serviteur &#8211; Mendiant &#8211; M\u00e9nag\u00e8re L&rsquo;agriculture, qui concerne un tr\u00e8s grand nombre de mes anc\u00eatre &#8211; Vigneron &#8211; Garde Vignier &#8211; Cultivateur, laboureur &#8211; Jardinier &#8211; Propri\u00e9taire Petits m\u00e9tiers des campagnes ; j&rsquo;ai regroup\u00e9 ici des m\u00e9tiers qui pouvaient compl\u00e9ter le m\u00e9tier d&rsquo;agriculteur &#8211; Meunier &#8211; Cordier &#8211; Charron &#8211; Mar\u00e9chal Ferrand &#8211; Sabotier &#8211; Pannetier (fabriquait des panniers ?) &#8211; Tonnelier &#8211; Tuilier (fabriquait des tuiles ?) &#8211; Ferteur (peigneur) M\u00e9tiers des for\u00eats &#8211; Bucheron &#8211; Charbonnier\u00a0 &#8211; Fendeur &#8211; Garde forestier &#8211; Scieur de long M\u00e9tiers du textile &#8211; Tisserand &#8211; Couturi\u00e8re &#8211; Drapier\u00a0 &#8211; Tailleur d&rsquo;habits\u00a0 &#8211; Fileuse\u00a0 &#8211; Chanvreur &#8211; Foulon Artisans &#8211; Boucher &#8211; Charpentier &#8211; Marchand\u00a0 &#8211; Potier en terre &#8211; Ma\u00e7on &#8211; Notaire &#8211; Procureur, procureur au baillage &#8211; Rentier\u00a0 &nbsp; Mis \u00e0 jour le 15\/03\/2015\" \/>\n<meta property=\"og:url\" content=\"https:\/\/www.elodie-et-antoine.fr\/ra\/?page_id=126\" \/>\n<meta property=\"og:site_name\" content=\"Rencontre avec mes anc\u00eatres\" \/>\n<meta property=\"article:publisher\" content=\"https:\/\/www.facebook.com\/rencontreancetres\" \/>\n<meta property=\"article:modified_time\" content=\"2015-03-15T12:41:14+00:00\" \/>\n<meta name=\"twitter:card\" content=\"summary_large_image\" \/>\n<meta name=\"twitter:site\" content=\"@lodeetwit\" \/>\n<meta name=\"twitter:label1\" content=\"Dur\u00e9e de lecture estim\u00e9e\" \/>\n\t<meta name=\"twitter:data1\" content=\"1 minute\" \/>\n<script type=\"application\/ld+json\" class=\"yoast-schema-graph\">{\"@context\":\"https:\/\/schema.org\",\"@graph\":[{\"@type\":\"WebPage\",\"@id\":\"https:\/\/www.elodie-et-antoine.fr\/ra\/?page_id=126\",\"url\":\"https:\/\/www.elodie-et-antoine.fr\/ra\/?page_id=126\",\"name\":\"M\u00e9tiers de mes a\u00efeux - Rencontre avec mes anc\u00eatres\",\"isPartOf\":{\"@id\":\"https:\/\/www.elodie-et-antoine.fr\/ra\/#website\"},\"datePublished\":\"2013-10-13T08:42:24+00:00\",\"dateModified\":\"2015-03-15T12:41:14+00:00\",\"breadcrumb\":{\"@id\":\"https:\/\/www.elodie-et-antoine.fr\/ra\/?page_id=126#breadcrumb\"},\"inLanguage\":\"fr-FR\",\"potentialAction\":[{\"@type\":\"ReadAction\",\"target\":[\"https:\/\/www.elodie-et-antoine.fr\/ra\/?page_id=126\"]}]},{\"@type\":\"BreadcrumbList\",\"@id\":\"https:\/\/www.elodie-et-antoine.fr\/ra\/?page_id=126#breadcrumb\",\"itemListElement\":[{\"@type\":\"ListItem\",\"position\":1,\"name\":\"Accueil\",\"item\":\"https:\/\/www.elodie-et-antoine.fr\/ra\"},{\"@type\":\"ListItem\",\"position\":2,\"name\":\"M\u00e9tiers de mes a\u00efeux\"}]},{\"@type\":\"WebSite\",\"@id\":\"https:\/\/www.elodie-et-antoine.fr\/ra\/#website\",\"url\":\"https:\/\/www.elodie-et-antoine.fr\/ra\/\",\"name\":\"Rencontre avec mes anc\u00eatres\",\"description\":\"Rencontre avec mes anc\u00eatres\",\"publisher\":{\"@id\":\"https:\/\/www.elodie-et-antoine.fr\/ra\/#organization\"},\"potentialAction\":[{\"@type\":\"SearchAction\",\"target\":{\"@type\":\"EntryPoint\",\"urlTemplate\":\"https:\/\/www.elodie-et-antoine.fr\/ra\/?s={search_term_string}\"},\"query-input\":{\"@type\":\"PropertyValueSpecification\",\"valueRequired\":true,\"valueName\":\"search_term_string\"}}],\"inLanguage\":\"fr-FR\"},{\"@type\":\"Organization\",\"@id\":\"https:\/\/www.elodie-et-antoine.fr\/ra\/#organization\",\"name\":\"Rencontre avec mes anc\u00eatres\",\"url\":\"https:\/\/www.elodie-et-antoine.fr\/ra\/\",\"logo\":{\"@type\":\"ImageObject\",\"inLanguage\":\"fr-FR\",\"@id\":\"https:\/\/www.elodie-et-antoine.fr\/ra\/#\/schema\/logo\/image\/\",\"url\":\"https:\/\/www.elodie-et-antoine.fr\/ra\/wp-content\/uploads\/2024\/02\/Logo-detoure.png\",\"contentUrl\":\"https:\/\/www.elodie-et-antoine.fr\/ra\/wp-content\/uploads\/2024\/02\/Logo-detoure.png\",\"width\":500,\"height\":500,\"caption\":\"Rencontre avec mes anc\u00eatres\"},\"image\":{\"@id\":\"https:\/\/www.elodie-et-antoine.fr\/ra\/#\/schema\/logo\/image\/\"},\"sameAs\":[\"https:\/\/www.facebook.com\/rencontreancetres\",\"https:\/\/x.com\/lodeetwit\"]}]}<\/script>\n<!-- \/ Yoast SEO plugin. -->","yoast_head_json":{"title":"M\u00e9tiers de mes a\u00efeux - Rencontre avec mes anc\u00eatres","robots":{"index":"index","follow":"follow","max-snippet":"max-snippet:-1","max-image-preview":"max-image-preview:large","max-video-preview":"max-video-preview:-1"},"canonical":"https:\/\/www.elodie-et-antoine.fr\/ra\/?page_id=126","og_locale":"fr_FR","og_type":"article","og_title":"M\u00e9tiers de mes a\u00efeux - Rencontre avec mes anc\u00eatres","og_description":"Deux articles ont \u00e9t\u00e9 consacr\u00e9s aux m\u00e9tiers de mes anc\u00eatres, pour les hommes c&rsquo;est par ici, et les femmes par l\u00e0. &nbsp; Voici \u00e9galement la liste des m\u00e9tiers de mes a\u00efeux connus \u00e0 ce jour. Je les ai regroup\u00e9s en grandes familles. Les petites mains : &#8211; Manoeuvre, journalier &#8211; Femme de m\u00e9nage &#8211; Domestique &#8211; Serviteur &#8211; Mendiant &#8211; M\u00e9nag\u00e8re L&rsquo;agriculture, qui concerne un tr\u00e8s grand nombre de mes anc\u00eatre &#8211; Vigneron &#8211; Garde Vignier &#8211; Cultivateur, laboureur &#8211; Jardinier &#8211; Propri\u00e9taire Petits m\u00e9tiers des campagnes ; j&rsquo;ai regroup\u00e9 ici des m\u00e9tiers qui pouvaient compl\u00e9ter le m\u00e9tier d&rsquo;agriculteur &#8211; Meunier &#8211; Cordier &#8211; Charron &#8211; Mar\u00e9chal Ferrand &#8211; Sabotier &#8211; Pannetier (fabriquait des panniers ?) &#8211; Tonnelier &#8211; Tuilier (fabriquait des tuiles ?) &#8211; Ferteur (peigneur) M\u00e9tiers des for\u00eats &#8211; Bucheron &#8211; Charbonnier\u00a0 &#8211; Fendeur &#8211; Garde forestier &#8211; Scieur de long M\u00e9tiers du textile &#8211; Tisserand &#8211; Couturi\u00e8re &#8211; Drapier\u00a0 &#8211; Tailleur d&rsquo;habits\u00a0 &#8211; Fileuse\u00a0 &#8211; Chanvreur &#8211; Foulon Artisans &#8211; Boucher &#8211; Charpentier &#8211; Marchand\u00a0 &#8211; Potier en terre &#8211; Ma\u00e7on &#8211; Notaire &#8211; Procureur, procureur au baillage &#8211; Rentier\u00a0 &nbsp; Mis \u00e0 jour le 15\/03\/2015","og_url":"https:\/\/www.elodie-et-antoine.fr\/ra\/?page_id=126","og_site_name":"Rencontre avec mes anc\u00eatres","article_publisher":"https:\/\/www.facebook.com\/rencontreancetres","article_modified_time":"2015-03-15T12:41:14+00:00","twitter_card":"summary_large_image","twitter_site":"@lodeetwit","twitter_misc":{"Dur\u00e9e de lecture estim\u00e9e":"1 minute"},"schema":{"@context":"https:\/\/schema.org","@graph":[{"@type":"WebPage","@id":"https:\/\/www.elodie-et-antoine.fr\/ra\/?page_id=126","url":"https:\/\/www.elodie-et-antoine.fr\/ra\/?page_id=126","name":"M\u00e9tiers de mes a\u00efeux - Rencontre avec mes anc\u00eatres","isPartOf":{"@id":"https:\/\/www.elodie-et-antoine.fr\/ra\/#website"},"datePublished":"2013-10-13T08:42:24+00:00","dateModified":"2015-03-15T12:41:14+00:00","breadcrumb":{"@id":"https:\/\/www.elodie-et-antoine.fr\/ra\/?page_id=126#breadcrumb"},"inLanguage":"fr-FR","potentialAction":[{"@type":"ReadAction","target":["https:\/\/www.elodie-et-antoine.fr\/ra\/?page_id=126"]}]},{"@type":"BreadcrumbList","@id":"https:\/\/www.elodie-et-antoine.fr\/ra\/?page_id=126#breadcrumb","itemListElement":[{"@type":"ListItem","position":1,"name":"Accueil","item":"https:\/\/www.elodie-et-antoine.fr\/ra"},{"@type":"ListItem","position":2,"name":"M\u00e9tiers de mes a\u00efeux"}]},{"@type":"WebSite","@id":"https:\/\/www.elodie-et-antoine.fr\/ra\/#website","url":"https:\/\/www.elodie-et-antoine.fr\/ra\/","name":"Rencontre avec mes anc\u00eatres","description":"Rencontre avec mes anc\u00eatres","publisher":{"@id":"https:\/\/www.elodie-et-antoine.fr\/ra\/#organization"},"potentialAction":[{"@type":"SearchAction","target":{"@type":"EntryPoint","urlTemplate":"https:\/\/www.elodie-et-antoine.fr\/ra\/?s={search_term_string}"},"query-input":{"@type":"PropertyValueSpecification","valueRequired":true,"valueName":"search_term_string"}}],"inLanguage":"fr-FR"},{"@type":"Organization","@id":"https:\/\/www.elodie-et-antoine.fr\/ra\/#organization","name":"Rencontre avec mes anc\u00eatres","url":"https:\/\/www.elodie-et-antoine.fr\/ra\/","logo":{"@type":"ImageObject","inLanguage":"fr-FR","@id":"https:\/\/www.elodie-et-antoine.fr\/ra\/#\/schema\/logo\/image\/","url":"https:\/\/www.elodie-et-antoine.fr\/ra\/wp-content\/uploads\/2024\/02\/Logo-detoure.png","contentUrl":"https:\/\/www.elodie-et-antoine.fr\/ra\/wp-content\/uploads\/2024\/02\/Logo-detoure.png","width":500,"height":500,"caption":"Rencontre avec mes anc\u00eatres"},"image":{"@id":"https:\/\/www.elodie-et-antoine.fr\/ra\/#\/schema\/logo\/image\/"},"sameAs":["https:\/\/www.facebook.com\/rencontreancetres","https:\/\/x.com\/lodeetwit"]}]}},"jetpack_sharing_enabled":true,"_links":{"self":[{"href":"https:\/\/www.elodie-et-antoine.fr\/ra\/index.php?rest_route=\/wp\/v2\/pages\/126","targetHints":{"allow":["GET"]}}],"collection":[{"href":"https:\/\/www.elodie-et-antoine.fr\/ra\/index.php?rest_route=\/wp\/v2\/pages"}],"about":[{"href":"https:\/\/www.elodie-et-antoine.fr\/ra\/index.php?rest_route=\/wp\/v2\/types\/page"}],"author":[{"embeddable":true,"href":"https:\/\/www.elodie-et-antoine.fr\/ra\/index.php?rest_route=\/wp\/v2\/users\/1"}],"replies":[{"embeddable":true,"href":"https:\/\/www.elodie-et-antoine.fr\/ra\/index.php?rest_route=%2Fwp%2Fv2%2Fcomments&post=126"}],"version-history":[{"count":6,"href":"https:\/\/www.elodie-et-antoine.fr\/ra\/index.php?rest_route=\/wp\/v2\/pages\/126\/revisions"}],"predecessor-version":[{"id":1100,"href":"https:\/\/www.elodie-et-antoine.fr\/ra\/index.php?rest_route=\/wp\/v2\/pages\/126\/revisions\/1100"}],"wp:attachment":[{"href":"https:\/\/www.elodie-et-antoine.fr\/ra\/index.php?rest_route=%2Fwp%2Fv2%2Fmedia&parent=126"}],"curies":[{"name":"wp","href":"https:\/\/api.w.org\/{rel}","templated":true}]}}